{"id":1300,"date":"2020-02-26T22:25:32","date_gmt":"2020-02-26T22:25:32","guid":{"rendered":"http:\/\/www.belgraf.es\/?page_id=1300"},"modified":"2020-12-22T19:45:58","modified_gmt":"2020-12-22T19:45:58","slug":"micropercusion","status":"publish","type":"page","link":"https:\/\/www.belgraf.com\/de\/micropercusion\/","title":{"rendered":"Percussion Marker"},"content":{"rendered":"<div class=\"wpb-content-wrapper\"><div      class=\"vc_row wpb_row section vc_row-fluid\" style=' text-align:left;'><div class=\"full_section_inner clearfix\"><div class=\"wpb_column vc_column_container vc_col-sm-12\"><div class=\"vc_column-inner\"><div class=\"wpb_wrapper\">\r\n\t<div class=\"wpb_single_image wpb_content_element vc_align_center\">\r\n\t\t<div class=\"wpb_wrapper\">\r\n\t\t\t\r\n\t\t\t<div class=\"vc_single_image-wrapper   vc_box_border_grey\"><img loading=\"lazy\" decoding=\"async\" width=\"100\" height=\"92\" src=\"https:\/\/www.belgraf.com\/wp-content\/uploads\/2020\/02\/sic.gif\" class=\"vc_single_image-img attachment-full\" alt=\"\" title=\"sic\" \/><\/div>\r\n\t\t<\/div>\r\n\t<\/div>\r\n\n\t<div class=\"wpb_text_column wpb_content_element  vc_custom_1608666354130\">\n\t\t<div class=\"wpb_wrapper\">\n\t\t\t<h2 style=\"text-align: center;\"><strong>Mikro-Punktionsgravurmaschine<\/strong><\/h2>\n\n\t\t<\/div> \n\t<\/div> <\/div><\/div><\/div><\/div><\/div><div      class=\"vc_row wpb_row section vc_row-fluid  vc_custom_1582785968789 grid_section\" style=' text-align:left;'><div class=\"section_inner clearfix\"><div class='section_inner_margin clearfix'><div class=\"wpb_column vc_column_container vc_col-sm-12\"><div class=\"vc_column-inner\"><div class=\"wpb_wrapper\"><div class='q_elements_holder two_columns eh_two_columns_33_66 responsive_mode_from_768 alignment_one_column_center' ><div class='q_elements_item' data-animation='no' data-item-class='q_elements_holder_custom_325279' style='vertical-align:middle;text-align:center;'><div class='q_elements_item_inner'><div class='q_elements_item_content q_elements_holder_custom_325279'>\r\n\t<div class=\"wpb_single_image wpb_content_element vc_align_center  element_from_left\"><div style=\"-webkit-animation-delay:0.3s; animation-delay:0.3s; -webkit-transition-delay:0.3s; transition-delay:0.3s\">\r\n\t\t<div class=\"wpb_wrapper\">\r\n\t\t\t\r\n\t\t\t<div class=\"vc_single_image-wrapper   vc_box_border_grey\"><img loading=\"lazy\" decoding=\"async\" width=\"175\" height=\"175\" src=\"https:\/\/www.belgraf.com\/wp-content\/uploads\/2020\/02\/p60.jpg\" class=\"vc_single_image-img attachment-full\" alt=\"\" title=\"p60\" srcset=\"https:\/\/www.belgraf.com\/wp-content\/uploads\/2020\/02\/p60.jpg 175w, https:\/\/www.belgraf.com\/wp-content\/uploads\/2020\/02\/p60-150x150.jpg 150w, https:\/\/www.belgraf.com\/wp-content\/uploads\/2020\/02\/p60-100x100.jpg 100w\" sizes=\"auto, (max-width: 175px) 100vw, 175px\" \/><\/div>\r\n\t\t<\/div><\/div>\r\n\t<\/div>\r\n<\/div><\/div><\/div><div class='q_elements_item' data-1280-1440='0px 0px 0px 20px' data-1024-1280='0px 0px 0px 20px' data-768-1024='0px 0px 0px 20px' data-600-768='0px 0px 0px 0px' data-480-600='0px 0px 0px 0px' data-480='0px 0px 0px 0px' data-animation='no' data-item-class='q_elements_holder_custom_411990' style='vertical-align:middle;text-align:left;'><div class='q_elements_item_inner'><div class='q_elements_item_content q_elements_holder_custom_411990' style='padding:0px 0px 0px 20px'>\n\t<div class=\"wpb_text_column wpb_content_element  vc_custom_1582797701943\">\n\t\t<div class=\"wpb_wrapper\">\n\t\t\t<h2>TRAGBAR P60-P120<\/h2>\n\n\t\t<\/div> \n\t<\/div> <div class=\"separator  small left\" style=\"margin-top: 7px;margin-bottom: 38px;width: 100px;\"><\/div>\n\n\t<div class=\"wpb_text_column wpb_content_element\">\n\t\t<div class=\"wpb_wrapper\">\n\t\t\t<p><span style=\"color: #000000; font-family: Verdana, Arial, Helvetica, sans-serif; font-size: small;\">Markieren Sie die Teile mit den Zeichen, die die Punkte definieren, die durch einen vibrierenden Wolframstempel auf einem Elektromagneten durch direktes Markieren erzeugt werden<br \/>\nauf dem St\u00fcck, das alphanumerische Texte, Logos, Z\u00e4hler, Datenmatrixcodes usw. bildet. Voll programmierbare Steuerung erm\u00f6glicht<br \/>\nBestimmen Sie die Tiefe, Gr\u00f6\u00dfe oder einen anderen Markierungsparameter.<\/span><\/p>\n<p><span style=\"font-family: Verdana, Arial, Helvetica, sans-serif;\"><span style=\"font-size: small;\"><span style=\"color: #000000;\"><strong>Jede Art von Teil<\/strong>: Markiert bis zu 0,5 mm tief, flach oder auf rauen Oberfl\u00e4chen von Kunststoff bis 62 HRC Stahl.<br \/>\n<strong>Integriert:<\/strong>Kein PC erforderlich - intuitive Software wird auf dem Controller-Bildschirm angezeigt.<br \/>\n<\/span><\/span><\/span><span style=\"font-family: Verdana, Arial, Helvetica, sans-serif;\"><span style=\"font-size: small;\"><span style=\"color: #000000;\"><strong>Elektrisch:<\/strong>\u00a0Nur Anschluss an das Stromnetz. Nur ein Stecker, keine Luft erforderlich.<\/span><\/span><\/span><\/p>\n\n\t\t<\/div> \n\t<\/div> <\/div><\/div><\/div><\/div><\/div><\/div><\/div><\/div><\/div><\/div><div      class=\"vc_row wpb_row section vc_row-fluid  vc_custom_1582785968789 grid_section\" style=' text-align:left;'><div class=\"section_inner clearfix\"><div class='section_inner_margin clearfix'><div class=\"wpb_column vc_column_container vc_col-sm-12\"><div class=\"vc_column-inner\"><div class=\"wpb_wrapper\"><div class='q_elements_holder two_columns eh_two_columns_33_66 responsive_mode_from_768 alignment_one_column_center' ><div class='q_elements_item' data-animation='no' data-item-class='q_elements_holder_custom_859052' style='vertical-align:middle;text-align:center;'><div class='q_elements_item_inner'><div class='q_elements_item_content q_elements_holder_custom_859052'>\r\n\t<div class=\"wpb_single_image wpb_content_element vc_align_center  element_from_left\"><div style=\"-webkit-animation-delay:0.3s; animation-delay:0.3s; -webkit-transition-delay:0.3s; transition-delay:0.3s\">\r\n\t\t<div class=\"wpb_wrapper\">\r\n\t\t\t\r\n\t\t\t<div class=\"vc_single_image-wrapper   vc_box_border_grey\"><img loading=\"lazy\" decoding=\"async\" width=\"175\" height=\"175\" src=\"https:\/\/www.belgraf.com\/wp-content\/uploads\/2020\/02\/c151.gif\" class=\"vc_single_image-img attachment-full\" alt=\"\" title=\"c151\" \/><\/div>\r\n\t\t<\/div><\/div>\r\n\t<\/div>\r\n<\/div><\/div><\/div><div class='q_elements_item' data-1280-1440='0px 0px 0px 20px' data-1024-1280='0px 0px 0px 20px' data-768-1024='0px 0px 0px 20px' data-600-768='0px 0px 0px 0px' data-480-600='0px 0px 0px 0px' data-480='0px 0px 0px 0px' data-animation='no' data-item-class='q_elements_holder_custom_855424' style='vertical-align:middle;text-align:left;'><div class='q_elements_item_inner'><div class='q_elements_item_content q_elements_holder_custom_855424' style='padding:0px 0px 0px 20px'>\n\t<div class=\"wpb_text_column wpb_content_element  vc_custom_1582797731949\">\n\t\t<div class=\"wpb_wrapper\">\n\t\t\t<h2 style=\"text-align: left;\">SPALTE C151<\/h2>\n\n\t\t<\/div> \n\t<\/div> <div class=\"separator  small left\" style=\"margin-top: 7px;margin-bottom: 38px;width: 100px;\"><\/div>\n\n\t<div class=\"wpb_text_column wpb_content_element\">\n\t\t<div class=\"wpb_wrapper\">\n\t\t\t<p><span style=\"color: #000000; font-family: Verdana, Arial, Helvetica, sans-serif; font-size: small;\">Es markiert die Teile mit den Zeichen, die die Punkte definieren, die durch einen vibrierenden Wolframstempel auf einem Elektromagneten erzeugt werden, der direkt auf dem Teil markiert und alphanumerische Texte, Logos, Z\u00e4hler, Datenmatrixcodes usw. bildet.<br \/>\nDer Controller ist vollst\u00e4ndig programmierbar, sodass Sie die Tiefe, Gr\u00f6\u00dfe oder andere Markierungsparameter bestimmen k\u00f6nnen.<\/span><\/p>\n<p><span style=\"font-family: Verdana, Arial, Helvetica, sans-serif;\"><span style=\"font-size: small;\"><span style=\"color: #000000;\"><strong>Jede Art von Teil<\/strong>: Markiert bis zu 0,5 mm tief, flach oder auf rauen Oberfl\u00e4chen von Kunststoff bis 62 HRC Stahl.<br \/>\n<strong>Integriert:<\/strong>Kein PC erforderlich - intuitive Software wird auf dem Controller-Bildschirm angezeigt.<br \/>\n<\/span><\/span><\/span><span style=\"font-family: Verdana, Arial, Helvetica, sans-serif;\"><span style=\"font-size: small;\"><span style=\"color: #000000;\"><strong>Elektrisch:<\/strong>\u00a0Nur Anschluss an das Stromnetz. Nur ein Stecker, keine Luft erforderlich.<\/span><\/span><\/span>Zuverl\u00e4ssig<br \/>\n<span style=\"color: #000000; font-family: Verdana, Arial, Helvetica, sans-serif; font-size: small;\"><strong>Zuverl\u00e4ssig:<\/strong>\u00a0Hochwertige mechanische Elemente mit starken F\u00fchrungsschienen.<br \/>\n<strong>Wirtschaftlich<\/strong>: Verbraucht keine Verbrauchsmaterialien<\/span><\/p>\n\n\t\t<\/div> \n\t<\/div> <\/div><\/div><\/div><\/div><\/div><\/div><\/div><\/div><\/div><\/div><div      class=\"vc_row wpb_row section vc_row-fluid  vc_custom_1582785968789 grid_section\" style=' text-align:left;'><div class=\"section_inner clearfix\"><div class='section_inner_margin clearfix'><div class=\"wpb_column vc_column_container vc_col-sm-12\"><div class=\"vc_column-inner\"><div class=\"wpb_wrapper\"><div class='q_elements_holder two_columns eh_two_columns_33_66 responsive_mode_from_768 alignment_one_column_center' ><div class='q_elements_item' data-animation='no' data-item-class='q_elements_holder_custom_755321' style='vertical-align:middle;text-align:center;'><div class='q_elements_item_inner'><div class='q_elements_item_content q_elements_holder_custom_755321'>\r\n\t<div class=\"wpb_single_image wpb_content_element vc_align_center  element_from_left\"><div style=\"-webkit-animation-delay:0.3s; animation-delay:0.3s; -webkit-transition-delay:0.3s; transition-delay:0.3s\">\r\n\t\t<div class=\"wpb_wrapper\">\r\n\t\t\t\r\n\t\t\t<div class=\"vc_single_image-wrapper   vc_box_border_grey\"><img loading=\"lazy\" decoding=\"async\" width=\"175\" height=\"175\" src=\"https:\/\/www.belgraf.com\/wp-content\/uploads\/2020\/02\/i81.jpg\" class=\"vc_single_image-img attachment-full\" alt=\"\" title=\"i81\" srcset=\"https:\/\/www.belgraf.com\/wp-content\/uploads\/2020\/02\/i81.jpg 175w, https:\/\/www.belgraf.com\/wp-content\/uploads\/2020\/02\/i81-150x150.jpg 150w, https:\/\/www.belgraf.com\/wp-content\/uploads\/2020\/02\/i81-100x100.jpg 100w\" sizes=\"auto, (max-width: 175px) 100vw, 175px\" \/><\/div>\r\n\t\t<\/div><\/div>\r\n\t<\/div>\r\n<\/div><\/div><\/div><div class='q_elements_item' data-1280-1440='0px 0px 0px 20px' data-1024-1280='0px 0px 0px 20px' data-768-1024='0px 0px 0px 20px' data-600-768='0px 0px 0px 0px' data-480-600='0px 0px 0px 0px' data-480='0px 0px 0px 0px' data-animation='no' data-item-class='q_elements_holder_custom_487621' style='vertical-align:middle;text-align:left;'><div class='q_elements_item_inner'><div class='q_elements_item_content q_elements_holder_custom_487621' style='padding:0px 0px 0px 20px'>\n\t<div class=\"wpb_text_column wpb_content_element  vc_custom_1582797762444\">\n\t\t<div class=\"wpb_wrapper\">\n\t\t\t<h2>INTEGRABLE i51<\/h2>\n\n\t\t<\/div> \n\t<\/div> <div class=\"separator  small left\" style=\"margin-top: 7px;margin-bottom: 38px;width: 100px;\"><\/div>\n\n\t<div class=\"wpb_text_column wpb_content_element\">\n\t\t<div class=\"wpb_wrapper\">\n\t\t\t<p><span style=\"color: #000000; font-family: Verdana, Arial, Helvetica, sans-serif; font-size: small;\">Es markiert die Teile mit den Zeichen, die die Punkte definieren, die durch einen vibrierenden Wolframstempel auf einem Elektromagneten erzeugt werden, der direkt auf dem Teil markiert und alphanumerische Texte, Logos, Z\u00e4hler, Datenmatrixcodes usw. bildet.<br \/>\nDer Controller ist vollst\u00e4ndig programmierbar, sodass Sie die Tiefe, Gr\u00f6\u00dfe oder andere Markierungsparameter bestimmen k\u00f6nnen.<\/span><\/p>\n<p><span style=\"font-family: Verdana, Arial, Helvetica, sans-serif;\"><span style=\"font-size: small;\"><span style=\"color: #000000;\"><strong>Jede Art von Teil<\/strong>: Markiert bis zu 0,5 mm tief, flach oder auf rauen Oberfl\u00e4chen von Kunststoff bis 62 HRC Stahl.<br \/>\n<strong>Integriert:<\/strong>Kein PC erforderlich - intuitive Software wird auf dem Controller-Bildschirm angezeigt.<br \/>\n<\/span><\/span><\/span><span style=\"font-family: Verdana, Arial, Helvetica, sans-serif;\"><span style=\"font-size: small;\"><span style=\"color: #000000;\"><strong>Elektrisch:<\/strong>\u00a0Nur Anschluss an das Stromnetz. Nur ein Stecker, keine Luft erforderlich.<\/span><\/span><\/span>Zuverl\u00e4ssig<br \/>\n<span style=\"color: #000000; font-family: Verdana, Arial, Helvetica, sans-serif; font-size: small;\"><strong>Zuverl\u00e4ssig:<\/strong>\u00a0Hochwertige mechanische Elemente mit starken F\u00fchrungsschienen.<br \/>\n<strong>Industrielle Umgebungen:<\/strong>\u00a0Schutzbalg und wasserdichtes Geh\u00e4use.<br \/>\n<strong>Kompakt:<\/strong>\u00a0Einfache Integration.<\/span><\/p>\n\n\t\t<\/div> \n\t<\/div> <\/div><\/div><\/div><\/div><\/div><\/div><\/div><\/div><\/div><\/div>\n<\/div>","protected":false},"excerpt":{"rendered":"TRAGBARE Micro-Needling-Graviermaschine P60-P120 Markiert die Teile mit den Zeichen, die die Punkte definieren, die von einem vibrierenden Wolframstempel erzeugt werden, der auf einem Elektromagneten montiert ist, der direkt auf dem Teil markiert und alphanumerische Texte, Logos, Z\u00e4hler, Data-Matrix-Codes usw. Die Steuerung komplett...","protected":false},"author":1,"featured_media":0,"parent":0,"menu_order":0,"comment_status":"closed","ping_status":"closed","template":"","meta":{"footnotes":""},"class_list":["post-1300","page","type-page","status-publish","hentry"],"yoast_head":"<!-- This site is optimized with the Yoast SEO plugin v26.1 - https:\/\/yoast.com\/wordpress\/plugins\/seo\/ -->\n<title>Marcadoras por micropercusi\u00f3n - Belgraf Ib\u00e9rica<\/title>\n<meta name=\"robots\" content=\"index, follow, max-snippet:-1, max-image-preview:large, max-video-preview:-1\" \/>\n<link rel=\"canonical\" href=\"https:\/\/www.belgraf.com\/de\/micropercusion\/\" \/>\n<meta property=\"og:locale\" content=\"de_DE\" \/>\n<meta property=\"og:type\" content=\"article\" \/>\n<meta property=\"og:title\" content=\"Marcadoras por micropercusi\u00f3n - Belgraf Ib\u00e9rica\" \/>\n<meta property=\"og:url\" content=\"https:\/\/www.belgraf.com\/de\/micropercusion\/\" \/>\n<meta property=\"og:site_name\" content=\"Belgraf Ib\u00e9rica\" \/>\n<meta property=\"article:modified_time\" content=\"2020-12-22T19:45:58+00:00\" \/>\n<meta name=\"twitter:card\" content=\"summary_large_image\" \/>\n<meta name=\"twitter:label1\" content=\"Gesch\u00e4tzte Lesezeit\" \/>\n\t<meta name=\"twitter:data1\" content=\"5\u00a0Minuten\" \/>\n<script type=\"application\/ld+json\" class=\"yoast-schema-graph\">{\"@context\":\"https:\/\/schema.org\",\"@graph\":[{\"@type\":\"WebPage\",\"@id\":\"https:\/\/www.belgraf.com\/micropercusion\/\",\"url\":\"https:\/\/www.belgraf.com\/micropercusion\/\",\"name\":\"Marcadoras por micropercusi\u00f3n - Belgraf Ib\u00e9rica\",\"isPartOf\":{\"@id\":\"https:\/\/www.belgraf.com\/#website\"},\"datePublished\":\"2020-02-26T22:25:32+00:00\",\"dateModified\":\"2020-12-22T19:45:58+00:00\",\"breadcrumb\":{\"@id\":\"https:\/\/www.belgraf.com\/micropercusion\/#breadcrumb\"},\"inLanguage\":\"de\",\"potentialAction\":[{\"@type\":\"ReadAction\",\"target\":[\"https:\/\/www.belgraf.com\/micropercusion\/\"]}]},{\"@type\":\"BreadcrumbList\",\"@id\":\"https:\/\/www.belgraf.com\/micropercusion\/#breadcrumb\",\"itemListElement\":[{\"@type\":\"ListItem\",\"position\":1,\"name\":\"Portada\",\"item\":\"https:\/\/www.belgraf.com\/\"},{\"@type\":\"ListItem\",\"position\":2,\"name\":\"Marcadoras por micropercusi\u00f3n\"}]},{\"@type\":\"WebSite\",\"@id\":\"https:\/\/www.belgraf.com\/#website\",\"url\":\"https:\/\/www.belgraf.com\/\",\"name\":\"Belgraf Ib\u00e9rica\",\"description\":\"Asesores en marcaje y codificaci\u00f3n Industrial\",\"publisher\":{\"@id\":\"https:\/\/www.belgraf.com\/#organization\"},\"potentialAction\":[{\"@type\":\"SearchAction\",\"target\":{\"@type\":\"EntryPoint\",\"urlTemplate\":\"https:\/\/www.belgraf.com\/?s={search_term_string}\"},\"query-input\":{\"@type\":\"PropertyValueSpecification\",\"valueRequired\":true,\"valueName\":\"search_term_string\"}}],\"inLanguage\":\"de\"},{\"@type\":\"Organization\",\"@id\":\"https:\/\/www.belgraf.com\/#organization\",\"name\":\"Belgraf Ib\u00e9rica\",\"url\":\"https:\/\/www.belgraf.com\/\",\"logo\":{\"@type\":\"ImageObject\",\"inLanguage\":\"de\",\"@id\":\"https:\/\/www.belgraf.com\/#\/schema\/logo\/image\/\",\"url\":\"https:\/\/www.belgraf.com\/wp-content\/uploads\/2020\/06\/IconLogo.png\",\"contentUrl\":\"https:\/\/www.belgraf.com\/wp-content\/uploads\/2020\/06\/IconLogo.png\",\"width\":35,\"height\":23,\"caption\":\"Belgraf Ib\u00e9rica\"},\"image\":{\"@id\":\"https:\/\/www.belgraf.com\/#\/schema\/logo\/image\/\"},\"sameAs\":[\"https:\/\/www.linkedin.com\/company\/75032102\"]}]}<\/script>\n<!-- \/ Yoast SEO plugin. -->","yoast_head_json":{"title":"Marcadoras por micropercusi\u00f3n - Belgraf Ib\u00e9rica","robots":{"index":"index","follow":"follow","max-snippet":"max-snippet:-1","max-image-preview":"max-image-preview:large","max-video-preview":"max-video-preview:-1"},"canonical":"https:\/\/www.belgraf.com\/de\/micropercusion\/","og_locale":"de_DE","og_type":"article","og_title":"Marcadoras por micropercusi\u00f3n - Belgraf Ib\u00e9rica","og_url":"https:\/\/www.belgraf.com\/de\/micropercusion\/","og_site_name":"Belgraf Ib\u00e9rica","article_modified_time":"2020-12-22T19:45:58+00:00","twitter_card":"summary_large_image","twitter_misc":{"Gesch\u00e4tzte Lesezeit":"5\u00a0Minuten"},"schema":{"@context":"https:\/\/schema.org","@graph":[{"@type":"WebPage","@id":"https:\/\/www.belgraf.com\/micropercusion\/","url":"https:\/\/www.belgraf.com\/micropercusion\/","name":"Marcadoras por micropercusi\u00f3n - Belgraf Ib\u00e9rica","isPartOf":{"@id":"https:\/\/www.belgraf.com\/#website"},"datePublished":"2020-02-26T22:25:32+00:00","dateModified":"2020-12-22T19:45:58+00:00","breadcrumb":{"@id":"https:\/\/www.belgraf.com\/micropercusion\/#breadcrumb"},"inLanguage":"de","potentialAction":[{"@type":"ReadAction","target":["https:\/\/www.belgraf.com\/micropercusion\/"]}]},{"@type":"BreadcrumbList","@id":"https:\/\/www.belgraf.com\/micropercusion\/#breadcrumb","itemListElement":[{"@type":"ListItem","position":1,"name":"Portada","item":"https:\/\/www.belgraf.com\/"},{"@type":"ListItem","position":2,"name":"Marcadoras por micropercusi\u00f3n"}]},{"@type":"WebSite","@id":"https:\/\/www.belgraf.com\/#website","url":"https:\/\/www.belgraf.com\/","name":"Belgraf Ib\u00e9rica","description":"Berater f\u00fcr Kennzeichnung und industrielle Kodierung","publisher":{"@id":"https:\/\/www.belgraf.com\/#organization"},"potentialAction":[{"@type":"SearchAction","target":{"@type":"EntryPoint","urlTemplate":"https:\/\/www.belgraf.com\/?s={search_term_string}"},"query-input":{"@type":"PropertyValueSpecification","valueRequired":true,"valueName":"search_term_string"}}],"inLanguage":"de"},{"@type":"Organization","@id":"https:\/\/www.belgraf.com\/#organization","name":"Belgraf Ib\u00e9rica","url":"https:\/\/www.belgraf.com\/","logo":{"@type":"ImageObject","inLanguage":"de","@id":"https:\/\/www.belgraf.com\/#\/schema\/logo\/image\/","url":"https:\/\/www.belgraf.com\/wp-content\/uploads\/2020\/06\/IconLogo.png","contentUrl":"https:\/\/www.belgraf.com\/wp-content\/uploads\/2020\/06\/IconLogo.png","width":35,"height":23,"caption":"Belgraf Ib\u00e9rica"},"image":{"@id":"https:\/\/www.belgraf.com\/#\/schema\/logo\/image\/"},"sameAs":["https:\/\/www.linkedin.com\/company\/75032102"]}]}},"_links":{"self":[{"href":"https:\/\/www.belgraf.com\/de\/wp-json\/wp\/v2\/pages\/1300","targetHints":{"allow":["GET"]}}],"collection":[{"href":"https:\/\/www.belgraf.com\/de\/wp-json\/wp\/v2\/pages"}],"about":[{"href":"https:\/\/www.belgraf.com\/de\/wp-json\/wp\/v2\/types\/page"}],"author":[{"embeddable":true,"href":"https:\/\/www.belgraf.com\/de\/wp-json\/wp\/v2\/users\/1"}],"replies":[{"embeddable":true,"href":"https:\/\/www.belgraf.com\/de\/wp-json\/wp\/v2\/comments?post=1300"}],"version-history":[{"count":5,"href":"https:\/\/www.belgraf.com\/de\/wp-json\/wp\/v2\/pages\/1300\/revisions"}],"predecessor-version":[{"id":2121,"href":"https:\/\/www.belgraf.com\/de\/wp-json\/wp\/v2\/pages\/1300\/revisions\/2121"}],"wp:attachment":[{"href":"https:\/\/www.belgraf.com\/de\/wp-json\/wp\/v2\/media?parent=1300"}],"curies":[{"name":"wp","href":"https:\/\/api.w.org\/{rel}","templated":true}]}}