{"id":1310,"date":"2020-02-26T22:27:11","date_gmt":"2020-02-26T22:27:11","guid":{"rendered":"http:\/\/www.belgraf.es\/?page_id=1310"},"modified":"2024-03-08T13:48:18","modified_gmt":"2024-03-08T12:48:18","slug":"marcadores-manuales","status":"publish","type":"page","link":"https:\/\/www.belgraf.com\/de\/marcadores-manuales\/","title":{"rendered":"Manuelle Markierungen"},"content":{"rendered":"<div class=\"wpb-content-wrapper\"><div      class=\"vc_row wpb_row section vc_row-fluid  vc_custom_1582785968789 grid_section\" style=' text-align:left;'><div class=\"section_inner clearfix\"><div class='section_inner_margin clearfix'><div class=\"wpb_column vc_column_container vc_col-sm-12\"><div class=\"vc_column-inner\"><div class=\"wpb_wrapper\">\n\t<div class=\"wpb_text_column wpb_content_element\">\n\t\t<div class=\"wpb_wrapper\">\n\t\t\t<h1 style=\"text-align: center; font-size: 28px;\"><strong>Mehrfl\u00e4chige manuelle Tintenmarkierungen<\/strong><\/h1>\n\n\t\t<\/div> \n\t<\/div> <\/div><\/div><\/div><\/div><\/div><\/div><div      class=\"vc_row wpb_row section vc_row-fluid  vc_custom_1582785968789 grid_section\" style=' text-align:left;'><div class=\"section_inner clearfix\"><div class='section_inner_margin clearfix'><div class=\"wpb_column vc_column_container vc_col-sm-12\"><div class=\"vc_column-inner\"><div class=\"wpb_wrapper\">\n\t<div class=\"wpb_text_column wpb_content_element  vc_custom_1582803004972\">\n\t\t<div class=\"wpb_wrapper\">\n\t\t\t<h2 style=\"text-align: left;\">Manuelle Markierungen<\/h2>\n\n\t\t<\/div> \n\t<\/div> <div class=\"separator  small left\" style=\"margin-top: 7px;margin-bottom: 38px;width: 100px;\"><\/div>\n<div class='q_elements_holder two_columns eh_two_columns_33_66 responsive_mode_from_768 alignment_one_column_center' ><div class='q_elements_item' data-animation='no' data-item-class='q_elements_holder_custom_421421' style='vertical-align:middle;text-align:center;'><div class='q_elements_item_inner'><div class='q_elements_item_content q_elements_holder_custom_421421'>\r\n\t<div class=\"wpb_single_image wpb_content_element vc_align_center  vc_custom_1582802938179 element_from_left\"><div style=\"-webkit-animation-delay:0.3s; animation-delay:0.3s; -webkit-transition-delay:0.3s; transition-delay:0.3s\">\r\n\t\t<div class=\"wpb_wrapper\">\r\n\t\t\t\r\n\t\t\t<div class=\"vc_single_image-wrapper   vc_box_border_grey\"><img loading=\"lazy\" decoding=\"async\" width=\"250\" height=\"92\" src=\"https:\/\/www.belgraf.com\/wp-content\/uploads\/2020\/02\/fix2.jpg\" class=\"vc_single_image-img attachment-full\" alt=\"\" title=\"fix2\" \/><\/div>\r\n\t\t<\/div><\/div>\r\n\t<\/div>\r\n\r\n\t<div class=\"wpb_single_image wpb_content_element vc_align_center  element_from_left\"><div style=\"-webkit-animation-delay:0.3s; animation-delay:0.3s; -webkit-transition-delay:0.3s; transition-delay:0.3s\">\r\n\t\t<div class=\"wpb_wrapper\">\r\n\t\t\t\r\n\t\t\t<div class=\"vc_single_image-wrapper   vc_box_border_grey\"><img loading=\"lazy\" decoding=\"async\" width=\"150\" height=\"165\" src=\"https:\/\/www.belgraf.com\/wp-content\/uploads\/2020\/02\/fix1.jpg\" class=\"vc_single_image-img attachment-full\" alt=\"\" title=\"fix1\" \/><\/div>\r\n\t\t<\/div><\/div>\r\n\t<\/div>\r\n<\/div><\/div><\/div><div class='q_elements_item' data-1280-1440='0px 0px 0px 20px' data-1024-1280='0px 0px 0px 20px' data-768-1024='0px 0px 0px 20px' data-600-768='0px 0px 0px 0px' data-480-600='0px 0px 0px 0px' data-480='0px 0px 0px 0px' data-animation='no' data-item-class='q_elements_holder_custom_815689' style='vertical-align:middle;text-align:left;'><div class='q_elements_item_inner'><div class='q_elements_item_content q_elements_holder_custom_815689' style='padding:0px 0px 0px 20px'>\n\t<div class=\"wpb_text_column wpb_content_element  vc_custom_1582802856666\">\n\t\t<div class=\"wpb_wrapper\">\n\t\t\t<h2 style=\"text-align: left;\">FIXOLID<\/h2>\n\n\t\t<\/div> \n\t<\/div> <div class=\"separator  small left\" style=\"margin-top: 7px;margin-bottom: 38px;width: 100px;\"><\/div>\n\n\t<div class=\"wpb_text_column wpb_content_element\">\n\t\t<div class=\"wpb_wrapper\">\n\t\t\t<p><strong>Manuelle Kugelschreibermarkierungen mit schnell trocknender halbfl\u00fcssiger Tinte zum Markieren oder Codieren auf allen Arten von Oberfl\u00e4chen:<\/strong><br \/>\n<strong>Metall, Kunststoff, Zement, Keramik, Gummi, Holz usw.<\/strong><br \/>\n\u2022 Unausl\u00f6schliche Tinte, best\u00e4ndig gegen Witterungseinfl\u00fcsse und einige chemische Behandlungen.<br \/>\n\u2022 Kaltmarkierung (-30\u00baC bis 80\u00baC)<br \/>\n\u2022 Markendicke: 3 mm.<br \/>\n\u2022 Verwendung von Stahl, Laminierung, Bearbeitung von Stahllagern, Formen. Matrizen, S\u00e4gewerke, Bau, Vermessung usw.<br \/>\n\u2022 Auswahl an 10 Farben: Gelb, Rot, Schwarz, Blau, Gr\u00fcn, Braun, Orange, Violett, Grau.<\/p>\n\n\t\t<\/div> \n\t<\/div> <\/div><\/div><\/div><\/div><\/div><\/div><\/div><\/div><\/div><\/div><div      class=\"vc_row wpb_row section vc_row-fluid  vc_custom_1582785968789 grid_section\" style=' text-align:left;'><div class=\"section_inner clearfix\"><div class='section_inner_margin clearfix'><div class=\"wpb_column vc_column_container vc_col-sm-12\"><div class=\"vc_column-inner\"><div class=\"wpb_wrapper\"><div class='q_elements_holder two_columns eh_two_columns_33_66 responsive_mode_from_768 alignment_one_column_center' ><div class='q_elements_item' data-animation='no' data-item-class='q_elements_holder_custom_557683' style='vertical-align:middle;text-align:center;'><div class='q_elements_item_inner'><div class='q_elements_item_content q_elements_holder_custom_557683'>\r\n\t<div class=\"wpb_single_image wpb_content_element vc_align_center  vc_custom_1582802967383 element_from_left\"><div style=\"-webkit-animation-delay:0.3s; animation-delay:0.3s; -webkit-transition-delay:0.3s; transition-delay:0.3s\">\r\n\t\t<div class=\"wpb_wrapper\">\r\n\t\t\t\r\n\t\t\t<div class=\"vc_single_image-wrapper   vc_box_border_grey\"><img loading=\"lazy\" decoding=\"async\" width=\"125\" height=\"118\" src=\"https:\/\/www.belgraf.com\/wp-content\/uploads\/2020\/02\/f017.jpg\" class=\"vc_single_image-img attachment-full\" alt=\"\" title=\"f017\" \/><\/div>\r\n\t\t<\/div><\/div>\r\n\t<\/div>\r\n<\/div><\/div><\/div><div class='q_elements_item' data-1280-1440='0px 0px 0px 20px' data-1024-1280='0px 0px 0px 20px' data-768-1024='0px 0px 0px 20px' data-600-768='0px 0px 0px 0px' data-480-600='0px 0px 0px 0px' data-480='0px 0px 0px 0px' data-animation='no' data-item-class='q_elements_holder_custom_344829' style='vertical-align:middle;text-align:left;'><div class='q_elements_item_inner'><div class='q_elements_item_content q_elements_holder_custom_344829' style='padding:0px 0px 0px 20px'>\n\t<div class=\"wpb_text_column wpb_content_element  vc_custom_1582802977749\">\n\t\t<div class=\"wpb_wrapper\">\n\t\t\t<h2 style=\"text-align: left;\">PAINTSTIK K.<\/h2>\n\n\t\t<\/div> \n\t<\/div> <div class=\"separator  small left\" style=\"margin-top: 7px;margin-bottom: 38px;width: 100px;\"><\/div>\n\n\t<div class=\"wpb_text_column wpb_content_element\">\n\t\t<div class=\"wpb_wrapper\">\n\t\t\t<p>\u2022 F\u00fcr sehr hei\u00dfe Oberfl\u00e4chen von 750 \u00b0 C bis 1.200 \u00b0 C.<br \/>\n\u2022 Die Spur brennt oder flie\u00dft trotz der Temperatur nicht.<br \/>\n\u2022 Ideal zum Markieren von Hochtemperaturstahllegierungen.<br \/>\n\u2022 Geeignet zum Markieren von Brenn\u00f6fen, Tellern, Kn\u00fcppelbarren, Schmiedeteilen usw.<br \/>\n\u2022 Zum Markieren vom Material sind spezielle Griffe erh\u00e4ltlich.<br \/>\n\u2022 Farben: Wei\u00df<\/p>\n\n\t\t<\/div> \n\t<\/div> <\/div><\/div><\/div><\/div><\/div><\/div><\/div><\/div><\/div><\/div><div      class=\"vc_row wpb_row section vc_row-fluid  vc_custom_1582785968789 grid_section\" style=' text-align:left;'><div class=\"section_inner clearfix\"><div class='section_inner_margin clearfix'><div class=\"wpb_column vc_column_container vc_col-sm-12\"><div class=\"vc_column-inner\"><div class=\"wpb_wrapper\"><div class='q_elements_holder two_columns eh_two_columns_33_66 responsive_mode_from_768 alignment_one_column_center' ><div class='q_elements_item' data-animation='no' data-item-class='q_elements_holder_custom_217437' style='vertical-align:middle;text-align:center;'><div class='q_elements_item_inner'><div class='q_elements_item_content q_elements_holder_custom_217437'>\r\n\t<div class=\"wpb_single_image wpb_content_element vc_align_center  vc_custom_1582803076322 element_from_left\"><div style=\"-webkit-animation-delay:0.3s; animation-delay:0.3s; -webkit-transition-delay:0.3s; transition-delay:0.3s\">\r\n\t\t<div class=\"wpb_wrapper\">\r\n\t\t\t\r\n\t\t\t<div class=\"vc_single_image-wrapper   vc_box_border_grey\"><img loading=\"lazy\" decoding=\"async\" width=\"120\" height=\"202\" src=\"https:\/\/www.belgraf.com\/wp-content\/uploads\/2020\/02\/f006.jpg\" class=\"vc_single_image-img attachment-full\" alt=\"\" title=\"f006\" \/><\/div>\r\n\t\t<\/div><\/div>\r\n\t<\/div>\r\n<\/div><\/div><\/div><div class='q_elements_item' data-1280-1440='0px 0px 0px 20px' data-1024-1280='0px 0px 0px 20px' data-768-1024='0px 0px 0px 20px' data-600-768='0px 0px 0px 0px' data-480-600='0px 0px 0px 0px' data-480='0px 0px 0px 0px' data-animation='no' data-item-class='q_elements_holder_custom_946478' style='vertical-align:middle;text-align:left;'><div class='q_elements_item_inner'><div class='q_elements_item_content q_elements_holder_custom_946478' style='padding:0px 0px 0px 20px'>\n\t<div class=\"wpb_text_column wpb_content_element  vc_custom_1582803033471\">\n\t\t<div class=\"wpb_wrapper\">\n\t\t\t<h2 style=\"text-align: left;\">RN METAL MARKER<\/h2>\n\n\t\t<\/div> \n\t<\/div> <div class=\"separator  small left\" style=\"margin-top: 7px;margin-bottom: 38px;width: 100px;\"><\/div>\n\n\t<div class=\"wpb_text_column wpb_content_element\">\n\t\t<div class=\"wpb_wrapper\">\n\t\t\t<p>Der RN Metal Marker ist ein nachf\u00fcllbarer Kugelschreiber, mit dem verschiedene Oberfl\u00e4chen mit einer hellen und gut sichtbaren Markierung markiert werden: Metall, Holz, Kunststoff, Stein, Asphalt usw.<br \/>\nSeine spezielle RNM-Tinte dringt in Fett, \u00d6l oder Rost ein und hinterl\u00e4sst eine widerstandsf\u00e4hige und unausl\u00f6schliche Spur<br \/>\nRNM-Bereich: 10 Farben; gelb, rot, wei\u00df, schwarz, blau, gr\u00fcn usw. 1 Liter erm\u00f6glicht bis zu 22 Nachf\u00fcllungen.<br \/>\nDer Marker besteht aus einem flexiblen Kunststoffbeh\u00e4lter sowie einem Ventil und einer Kugelspitze. Der Tintenauslass wird durch leichtes Zusammendr\u00fccken des Beh\u00e4lters reguliert.<\/p>\n<p><em>Zu beachten: Wenn Sie versuchen, es zu verwenden, trocknen Sie den Kopf, um die \u00fcbersch\u00fcssige Tinte zu reinigen, und setzen Sie die Kappe auf. Wenn die Tinte trocken ist, reinigen Sie sie mit einem Tuch und einem RNM-Verd\u00fcnner.<\/em><\/p>\n\n\t\t<\/div> \n\t<\/div> <\/div><\/div><\/div><\/div><\/div><\/div><\/div><\/div><\/div><\/div>\n<\/div>","protected":false},"excerpt":{"rendered":"Manuelle Tintenmarker f\u00fcr mehrere Oberfl\u00e4chen FIXOLID Manuelle Marker Manuelle Kugelschreiber mit schnell trocknender halbfl\u00fcssiger Tinte zum Markieren oder Kodieren auf allen Arten von Oberfl\u00e4chen: Metall, Kunststoff, Zement, Keramik, Gummi, Holz usw. \u2022 Wasserfeste Tinte, witterungsbest\u00e4ndig und...","protected":false},"author":1,"featured_media":0,"parent":0,"menu_order":0,"comment_status":"closed","ping_status":"closed","template":"","meta":{"footnotes":""},"class_list":["post-1310","page","type-page","status-publish","hentry"],"yoast_head":"<!-- This site is optimized with the Yoast SEO plugin v26.1 - https:\/\/yoast.com\/wordpress\/plugins\/seo\/ -->\n<title>Marcadores manuales - Belgraf Ib\u00e9rica<\/title>\n<meta name=\"robots\" content=\"index, follow, max-snippet:-1, max-image-preview:large, max-video-preview:-1\" \/>\n<link rel=\"canonical\" href=\"https:\/\/www.belgraf.com\/de\/marcadores-manuales\/\" \/>\n<meta property=\"og:locale\" content=\"de_DE\" \/>\n<meta property=\"og:type\" content=\"article\" \/>\n<meta property=\"og:title\" content=\"Marcadores manuales - Belgraf Ib\u00e9rica\" \/>\n<meta property=\"og:url\" content=\"https:\/\/www.belgraf.com\/de\/marcadores-manuales\/\" \/>\n<meta property=\"og:site_name\" content=\"Belgraf Ib\u00e9rica\" \/>\n<meta property=\"article:modified_time\" content=\"2024-03-08T12:48:18+00:00\" \/>\n<meta name=\"twitter:card\" content=\"summary_large_image\" \/>\n<meta name=\"twitter:label1\" content=\"Gesch\u00e4tzte Lesezeit\" \/>\n\t<meta name=\"twitter:data1\" content=\"5\u00a0Minuten\" \/>\n<script type=\"application\/ld+json\" class=\"yoast-schema-graph\">{\"@context\":\"https:\/\/schema.org\",\"@graph\":[{\"@type\":\"WebPage\",\"@id\":\"https:\/\/www.belgraf.com\/marcadores-manuales\/\",\"url\":\"https:\/\/www.belgraf.com\/marcadores-manuales\/\",\"name\":\"Marcadores manuales - Belgraf Ib\u00e9rica\",\"isPartOf\":{\"@id\":\"https:\/\/www.belgraf.com\/#website\"},\"datePublished\":\"2020-02-26T22:27:11+00:00\",\"dateModified\":\"2024-03-08T12:48:18+00:00\",\"breadcrumb\":{\"@id\":\"https:\/\/www.belgraf.com\/marcadores-manuales\/#breadcrumb\"},\"inLanguage\":\"de\",\"potentialAction\":[{\"@type\":\"ReadAction\",\"target\":[\"https:\/\/www.belgraf.com\/marcadores-manuales\/\"]}]},{\"@type\":\"BreadcrumbList\",\"@id\":\"https:\/\/www.belgraf.com\/marcadores-manuales\/#breadcrumb\",\"itemListElement\":[{\"@type\":\"ListItem\",\"position\":1,\"name\":\"Portada\",\"item\":\"https:\/\/www.belgraf.com\/\"},{\"@type\":\"ListItem\",\"position\":2,\"name\":\"Marcadores manuales\"}]},{\"@type\":\"WebSite\",\"@id\":\"https:\/\/www.belgraf.com\/#website\",\"url\":\"https:\/\/www.belgraf.com\/\",\"name\":\"Belgraf Ib\u00e9rica\",\"description\":\"Asesores en marcaje y codificaci\u00f3n Industrial\",\"publisher\":{\"@id\":\"https:\/\/www.belgraf.com\/#organization\"},\"potentialAction\":[{\"@type\":\"SearchAction\",\"target\":{\"@type\":\"EntryPoint\",\"urlTemplate\":\"https:\/\/www.belgraf.com\/?s={search_term_string}\"},\"query-input\":{\"@type\":\"PropertyValueSpecification\",\"valueRequired\":true,\"valueName\":\"search_term_string\"}}],\"inLanguage\":\"de\"},{\"@type\":\"Organization\",\"@id\":\"https:\/\/www.belgraf.com\/#organization\",\"name\":\"Belgraf Ib\u00e9rica\",\"url\":\"https:\/\/www.belgraf.com\/\",\"logo\":{\"@type\":\"ImageObject\",\"inLanguage\":\"de\",\"@id\":\"https:\/\/www.belgraf.com\/#\/schema\/logo\/image\/\",\"url\":\"https:\/\/www.belgraf.com\/wp-content\/uploads\/2020\/06\/IconLogo.png\",\"contentUrl\":\"https:\/\/www.belgraf.com\/wp-content\/uploads\/2020\/06\/IconLogo.png\",\"width\":35,\"height\":23,\"caption\":\"Belgraf Ib\u00e9rica\"},\"image\":{\"@id\":\"https:\/\/www.belgraf.com\/#\/schema\/logo\/image\/\"},\"sameAs\":[\"https:\/\/www.linkedin.com\/company\/75032102\"]}]}<\/script>\n<!-- \/ Yoast SEO plugin. -->","yoast_head_json":{"title":"Marcadores manuales - Belgraf Ib\u00e9rica","robots":{"index":"index","follow":"follow","max-snippet":"max-snippet:-1","max-image-preview":"max-image-preview:large","max-video-preview":"max-video-preview:-1"},"canonical":"https:\/\/www.belgraf.com\/de\/marcadores-manuales\/","og_locale":"de_DE","og_type":"article","og_title":"Marcadores manuales - Belgraf Ib\u00e9rica","og_url":"https:\/\/www.belgraf.com\/de\/marcadores-manuales\/","og_site_name":"Belgraf Ib\u00e9rica","article_modified_time":"2024-03-08T12:48:18+00:00","twitter_card":"summary_large_image","twitter_misc":{"Gesch\u00e4tzte Lesezeit":"5\u00a0Minuten"},"schema":{"@context":"https:\/\/schema.org","@graph":[{"@type":"WebPage","@id":"https:\/\/www.belgraf.com\/marcadores-manuales\/","url":"https:\/\/www.belgraf.com\/marcadores-manuales\/","name":"Marcadores manuales - Belgraf Ib\u00e9rica","isPartOf":{"@id":"https:\/\/www.belgraf.com\/#website"},"datePublished":"2020-02-26T22:27:11+00:00","dateModified":"2024-03-08T12:48:18+00:00","breadcrumb":{"@id":"https:\/\/www.belgraf.com\/marcadores-manuales\/#breadcrumb"},"inLanguage":"de","potentialAction":[{"@type":"ReadAction","target":["https:\/\/www.belgraf.com\/marcadores-manuales\/"]}]},{"@type":"BreadcrumbList","@id":"https:\/\/www.belgraf.com\/marcadores-manuales\/#breadcrumb","itemListElement":[{"@type":"ListItem","position":1,"name":"Portada","item":"https:\/\/www.belgraf.com\/"},{"@type":"ListItem","position":2,"name":"Marcadores manuales"}]},{"@type":"WebSite","@id":"https:\/\/www.belgraf.com\/#website","url":"https:\/\/www.belgraf.com\/","name":"Belgraf Ib\u00e9rica","description":"Berater f\u00fcr Kennzeichnung und industrielle Kodierung","publisher":{"@id":"https:\/\/www.belgraf.com\/#organization"},"potentialAction":[{"@type":"SearchAction","target":{"@type":"EntryPoint","urlTemplate":"https:\/\/www.belgraf.com\/?s={search_term_string}"},"query-input":{"@type":"PropertyValueSpecification","valueRequired":true,"valueName":"search_term_string"}}],"inLanguage":"de"},{"@type":"Organization","@id":"https:\/\/www.belgraf.com\/#organization","name":"Belgraf Ib\u00e9rica","url":"https:\/\/www.belgraf.com\/","logo":{"@type":"ImageObject","inLanguage":"de","@id":"https:\/\/www.belgraf.com\/#\/schema\/logo\/image\/","url":"https:\/\/www.belgraf.com\/wp-content\/uploads\/2020\/06\/IconLogo.png","contentUrl":"https:\/\/www.belgraf.com\/wp-content\/uploads\/2020\/06\/IconLogo.png","width":35,"height":23,"caption":"Belgraf Ib\u00e9rica"},"image":{"@id":"https:\/\/www.belgraf.com\/#\/schema\/logo\/image\/"},"sameAs":["https:\/\/www.linkedin.com\/company\/75032102"]}]}},"_links":{"self":[{"href":"https:\/\/www.belgraf.com\/de\/wp-json\/wp\/v2\/pages\/1310","targetHints":{"allow":["GET"]}}],"collection":[{"href":"https:\/\/www.belgraf.com\/de\/wp-json\/wp\/v2\/pages"}],"about":[{"href":"https:\/\/www.belgraf.com\/de\/wp-json\/wp\/v2\/types\/page"}],"author":[{"embeddable":true,"href":"https:\/\/www.belgraf.com\/de\/wp-json\/wp\/v2\/users\/1"}],"replies":[{"embeddable":true,"href":"https:\/\/www.belgraf.com\/de\/wp-json\/wp\/v2\/comments?post=1310"}],"version-history":[{"count":7,"href":"https:\/\/www.belgraf.com\/de\/wp-json\/wp\/v2\/pages\/1310\/revisions"}],"predecessor-version":[{"id":3348,"href":"https:\/\/www.belgraf.com\/de\/wp-json\/wp\/v2\/pages\/1310\/revisions\/3348"}],"wp:attachment":[{"href":"https:\/\/www.belgraf.com\/de\/wp-json\/wp\/v2\/media?parent=1310"}],"curies":[{"name":"wp","href":"https:\/\/api.w.org\/{rel}","templated":true}]}}