{"id":1326,"date":"2020-02-26T22:30:43","date_gmt":"2020-02-26T22:30:43","guid":{"rendered":"http:\/\/www.belgraf.es\/?page_id=1326"},"modified":"2021-02-25T11:54:46","modified_gmt":"2021-02-25T11:54:46","slug":"carnico","status":"publish","type":"page","link":"https:\/\/www.belgraf.com\/de\/carnico\/","title":{"rendered":"Fleisch"},"content":{"rendered":"<div class=\"wpb-content-wrapper\"><div      class=\"vc_row wpb_row section vc_row-fluid  vc_custom_1608666987331\" style=' text-align:left;'><div class=\" full_section_inner clearfix\"><div class=\"wpb_column vc_column_container vc_col-sm-12\"><div class=\"vc_column-inner\"><div class=\"wpb_wrapper\">\n\t<div class=\"wpb_text_column wpb_content_element \">\n\t\t<div class=\"wpb_wrapper\">\n\t\t\t<h1 style=\"text-align: center; font-size: 28px;\"><strong>Marcaje industrial alimentario y trazabilidad<\/strong><\/h1>\n<h2 style=\"text-align: center;\"><strong>Sector c\u00e1rnico<\/strong><\/h2>\n\n\t\t<\/div> \n\t<\/div> <\/div><\/div><\/div><\/div><\/div><div      class=\"vc_row wpb_row section vc_row-fluid  vc_custom_1608667007642\" style=' text-align:left;'><div class=\" full_section_inner clearfix\"><div class=\"wpb_column vc_column_container vc_col-sm-12\"><div class=\"vc_column-inner\"><div class=\"wpb_wrapper\">\n\t<div class=\"wpb_text_column wpb_content_element \">\n\t\t<div class=\"wpb_wrapper\">\n\t\t\t<p style=\"text-align: center;\">Disponemos de diferentes soluciones para el marcaje industrial y la trazabilidad del sector c\u00e1rnico.<\/p>\n<p style=\"text-align: center;\">Sellos para marcaje de canales, pistolas de navetes, agujas de acero inoxidable, l\u00e1pices marcadores de carne, tampones y tinta para marcar carne.<\/p>\n<p>&nbsp;<\/p>\n\n\t\t<\/div> \n\t<\/div> <\/div><\/div><\/div><\/div><\/div><div      class=\"vc_row wpb_row section vc_row-fluid  vc_custom_1608667007642\" style=' text-align:left;'><div class=\" full_section_inner clearfix\"><div class=\"wpb_column vc_column_container vc_col-sm-12\"><div class=\"vc_column-inner\"><div class=\"wpb_wrapper\">\r\n\t<div class=\"wpb_single_image wpb_content_element vc_align_left\">\r\n\t\t<div class=\"wpb_wrapper\">\r\n\t\t\t\r\n\t\t\t<div class=\"vc_single_image-wrapper   vc_box_border_grey\"><img loading=\"lazy\" decoding=\"async\" width=\"1024\" height=\"314\" src=\"https:\/\/www.belgraf.com\/wp-content\/uploads\/2021\/02\/anuncio-ribbon-belgraf-1024x314.jpg\" class=\"vc_single_image-img attachment-large\" alt=\"\" title=\"anuncio ribbon belgraf\" srcset=\"https:\/\/www.belgraf.com\/wp-content\/uploads\/2021\/02\/anuncio-ribbon-belgraf-1024x314.jpg 1024w, https:\/\/www.belgraf.com\/wp-content\/uploads\/2021\/02\/anuncio-ribbon-belgraf-300x92.jpg 300w, https:\/\/www.belgraf.com\/wp-content\/uploads\/2021\/02\/anuncio-ribbon-belgraf-768x236.jpg 768w, https:\/\/www.belgraf.com\/wp-content\/uploads\/2021\/02\/anuncio-ribbon-belgraf-1536x471.jpg 1536w, https:\/\/www.belgraf.com\/wp-content\/uploads\/2021\/02\/anuncio-ribbon-belgraf-2048x628.jpg 2048w, https:\/\/www.belgraf.com\/wp-content\/uploads\/2021\/02\/anuncio-ribbon-belgraf-16x5.jpg 16w, https:\/\/www.belgraf.com\/wp-content\/uploads\/2021\/02\/anuncio-ribbon-belgraf-700x215.jpg 700w\" sizes=\"auto, (max-width: 1024px) 100vw, 1024px\" \/><\/div>\r\n\t\t<\/div>\r\n\t<\/div>\r\n<\/div><\/div><\/div><\/div><\/div><div      class=\"vc_row wpb_row section vc_row-fluid  vc_custom_1608667007642\" style=' text-align:left;'><div class=\" full_section_inner clearfix\"><div class=\"wpb_column vc_column_container vc_col-sm-12\"><div class=\"vc_column-inner\"><div class=\"wpb_wrapper\">\n\t<div class=\"wpb_text_column wpb_content_element \">\n\t\t<div class=\"wpb_wrapper\">\n\t\t\t<p>&nbsp;<\/p>\n\n\t\t<\/div> \n\t<\/div> <\/div><\/div><\/div><\/div><\/div><div      class=\"vc_row wpb_row section vc_row-fluid \" style=' text-align:left;'><div class=\" full_section_inner clearfix\"><div class=\"wpb_column vc_column_container vc_col-sm-3\"><div class=\"vc_column-inner\"><div class=\"wpb_wrapper\"><div class=\"wpb_gallery wpb_content_element vc_clearfix\"><div class=\"wpb_wrapper\"><div class=\"wpb_gallery_slides wpb_flexslider flexslider_fade flexslider\" data-interval=\"3\" data-flex_fx=\"fade\"><ul class=\"slides\"><li><a itemprop=\"image\" class=\"qode-prettyphoto\" href=\"https:\/\/www.belgraf.com\/wp-content\/uploads\/2020\/07\/sectores12.jpg\" data-rel=\"prettyPhoto[rel-1326-292920230]\"><img loading=\"lazy\" decoding=\"async\" width=\"290\" height=\"300\" src=\"https:\/\/www.belgraf.com\/wp-content\/uploads\/2020\/07\/sectores12-290x300.jpg\" class=\"attachment-medium\" alt=\"\" title=\"sectores12\" srcset=\"https:\/\/www.belgraf.com\/wp-content\/uploads\/2020\/07\/sectores12-290x300.jpg 290w, https:\/\/www.belgraf.com\/wp-content\/uploads\/2020\/07\/sectores12.jpg 387w\" sizes=\"auto, (max-width: 290px) 100vw, 290px\" \/><\/a><\/li><li><a itemprop=\"image\" class=\"qode-prettyphoto\" href=\"https:\/\/www.belgraf.com\/wp-content\/uploads\/2020\/07\/sectores11.jpg\" data-rel=\"prettyPhoto[rel-1326-292920230]\"><img loading=\"lazy\" decoding=\"async\" width=\"300\" height=\"300\" src=\"https:\/\/www.belgraf.com\/wp-content\/uploads\/2020\/07\/sectores11-300x300.jpg\" class=\"attachment-medium\" alt=\"\" title=\"sectores11\" srcset=\"https:\/\/www.belgraf.com\/wp-content\/uploads\/2020\/07\/sectores11-300x300.jpg 300w, https:\/\/www.belgraf.com\/wp-content\/uploads\/2020\/07\/sectores11-150x150.jpg 150w, https:\/\/www.belgraf.com\/wp-content\/uploads\/2020\/07\/sectores11.jpg 400w\" sizes=\"auto, (max-width: 300px) 100vw, 300px\" \/><\/a><\/li><li><a itemprop=\"image\" class=\"qode-prettyphoto\" href=\"https:\/\/www.belgraf.com\/wp-content\/uploads\/2020\/07\/sectores10.jpg\" data-rel=\"prettyPhoto[rel-1326-292920230]\"><img loading=\"lazy\" decoding=\"async\" width=\"300\" height=\"287\" src=\"https:\/\/www.belgraf.com\/wp-content\/uploads\/2020\/07\/sectores10-300x287.jpg\" class=\"attachment-medium\" alt=\"\" title=\"sectores10\" srcset=\"https:\/\/www.belgraf.com\/wp-content\/uploads\/2020\/07\/sectores10-300x287.jpg 300w, https:\/\/www.belgraf.com\/wp-content\/uploads\/2020\/07\/sectores10.jpg 418w\" sizes=\"auto, (max-width: 300px) 100vw, 300px\" \/><\/a><\/li><li><a itemprop=\"image\" class=\"qode-prettyphoto\" href=\"https:\/\/www.belgraf.com\/wp-content\/uploads\/2020\/07\/sectores9.jpg\" data-rel=\"prettyPhoto[rel-1326-292920230]\"><img loading=\"lazy\" decoding=\"async\" width=\"300\" height=\"300\" src=\"https:\/\/www.belgraf.com\/wp-content\/uploads\/2020\/07\/sectores9-300x300.jpg\" class=\"attachment-medium\" alt=\"\" title=\"sectores9\" srcset=\"https:\/\/www.belgraf.com\/wp-content\/uploads\/2020\/07\/sectores9-300x300.jpg 300w, https:\/\/www.belgraf.com\/wp-content\/uploads\/2020\/07\/sectores9-150x150.jpg 150w, https:\/\/www.belgraf.com\/wp-content\/uploads\/2020\/07\/sectores9.jpg 400w\" sizes=\"auto, (max-width: 300px) 100vw, 300px\" \/><\/a><\/li><li><a itemprop=\"image\" class=\"qode-prettyphoto\" href=\"https:\/\/www.belgraf.com\/wp-content\/uploads\/2020\/07\/sectores8.jpg\" data-rel=\"prettyPhoto[rel-1326-292920230]\"><img loading=\"lazy\" decoding=\"async\" width=\"300\" height=\"180\" src=\"https:\/\/www.belgraf.com\/wp-content\/uploads\/2020\/07\/sectores8-300x180.jpg\" class=\"attachment-medium\" alt=\"\" title=\"sectores8\" srcset=\"https:\/\/www.belgraf.com\/wp-content\/uploads\/2020\/07\/sectores8-300x180.jpg 300w, https:\/\/www.belgraf.com\/wp-content\/uploads\/2020\/07\/sectores8.jpg 668w\" sizes=\"auto, (max-width: 300px) 100vw, 300px\" \/><\/a><\/li><li><a itemprop=\"image\" class=\"qode-prettyphoto\" href=\"https:\/\/www.belgraf.com\/wp-content\/uploads\/2020\/07\/sectores7.jpg\" data-rel=\"prettyPhoto[rel-1326-292920230]\"><img loading=\"lazy\" decoding=\"async\" width=\"300\" height=\"142\" src=\"https:\/\/www.belgraf.com\/wp-content\/uploads\/2020\/07\/sectores7-300x142.jpg\" class=\"attachment-medium\" alt=\"\" title=\"CREATOR: gd-jpeg v1.0 (using IJG JPEG v62), quality = 95\" srcset=\"https:\/\/www.belgraf.com\/wp-content\/uploads\/2020\/07\/sectores7-300x142.jpg 300w, https:\/\/www.belgraf.com\/wp-content\/uploads\/2020\/07\/sectores7-768x364.jpg 768w, https:\/\/www.belgraf.com\/wp-content\/uploads\/2020\/07\/sectores7-700x331.jpg 700w, https:\/\/www.belgraf.com\/wp-content\/uploads\/2020\/07\/sectores7.jpg 845w\" sizes=\"auto, (max-width: 300px) 100vw, 300px\" \/><\/a><\/li><li><a itemprop=\"image\" class=\"qode-prettyphoto\" href=\"https:\/\/www.belgraf.com\/wp-content\/uploads\/2020\/07\/sectores6.jpg\" data-rel=\"prettyPhoto[rel-1326-292920230]\"><img loading=\"lazy\" decoding=\"async\" width=\"300\" height=\"166\" src=\"https:\/\/www.belgraf.com\/wp-content\/uploads\/2020\/07\/sectores6-300x166.jpg\" class=\"attachment-medium\" alt=\"\" title=\"sectores6\" srcset=\"https:\/\/www.belgraf.com\/wp-content\/uploads\/2020\/07\/sectores6-300x166.jpg 300w, https:\/\/www.belgraf.com\/wp-content\/uploads\/2020\/07\/sectores6-700x388.jpg 700w, https:\/\/www.belgraf.com\/wp-content\/uploads\/2020\/07\/sectores6.jpg 721w\" sizes=\"auto, (max-width: 300px) 100vw, 300px\" \/><\/a><\/li><li><a itemprop=\"image\" class=\"qode-prettyphoto\" href=\"https:\/\/www.belgraf.com\/wp-content\/uploads\/2020\/07\/sectores5.jpg\" data-rel=\"prettyPhoto[rel-1326-292920230]\"><img loading=\"lazy\" decoding=\"async\" width=\"300\" height=\"170\" src=\"https:\/\/www.belgraf.com\/wp-content\/uploads\/2020\/07\/sectores5-300x170.jpg\" class=\"attachment-medium\" alt=\"\" title=\"sectores5\" srcset=\"https:\/\/www.belgraf.com\/wp-content\/uploads\/2020\/07\/sectores5-300x170.jpg 300w, https:\/\/www.belgraf.com\/wp-content\/uploads\/2020\/07\/sectores5-539x303.jpg 539w, https:\/\/www.belgraf.com\/wp-content\/uploads\/2020\/07\/sectores5.jpg 690w\" sizes=\"auto, (max-width: 300px) 100vw, 300px\" \/><\/a><\/li><li><a itemprop=\"image\" class=\"qode-prettyphoto\" href=\"https:\/\/www.belgraf.com\/wp-content\/uploads\/2020\/07\/sectores4.jpg\" data-rel=\"prettyPhoto[rel-1326-292920230]\"><img loading=\"lazy\" decoding=\"async\" width=\"300\" height=\"171\" src=\"https:\/\/www.belgraf.com\/wp-content\/uploads\/2020\/07\/sectores4-300x171.jpg\" class=\"attachment-medium\" alt=\"\" title=\"sectores4\" srcset=\"https:\/\/www.belgraf.com\/wp-content\/uploads\/2020\/07\/sectores4-300x171.jpg 300w, https:\/\/www.belgraf.com\/wp-content\/uploads\/2020\/07\/sectores4-345x198.jpg 345w, https:\/\/www.belgraf.com\/wp-content\/uploads\/2020\/07\/sectores4.jpg 700w\" sizes=\"auto, (max-width: 300px) 100vw, 300px\" \/><\/a><\/li><li><a itemprop=\"image\" class=\"qode-prettyphoto\" href=\"https:\/\/www.belgraf.com\/wp-content\/uploads\/2020\/07\/sectores3.jpg\" data-rel=\"prettyPhoto[rel-1326-292920230]\"><img loading=\"lazy\" decoding=\"async\" width=\"300\" height=\"192\" src=\"https:\/\/www.belgraf.com\/wp-content\/uploads\/2020\/07\/sectores3-300x192.jpg\" class=\"attachment-medium\" alt=\"\" title=\"LEAD Technologies Inc. V1.01\" srcset=\"https:\/\/www.belgraf.com\/wp-content\/uploads\/2020\/07\/sectores3-300x192.jpg 300w, https:\/\/www.belgraf.com\/wp-content\/uploads\/2020\/07\/sectores3.jpg 624w\" sizes=\"auto, (max-width: 300px) 100vw, 300px\" \/><\/a><\/li><li><a itemprop=\"image\" class=\"qode-prettyphoto\" href=\"https:\/\/www.belgraf.com\/wp-content\/uploads\/2020\/07\/sectores2.jpg\" data-rel=\"prettyPhoto[rel-1326-292920230]\"><img loading=\"lazy\" decoding=\"async\" width=\"300\" height=\"223\" src=\"https:\/\/www.belgraf.com\/wp-content\/uploads\/2020\/07\/sectores2-300x223.jpg\" class=\"attachment-medium\" alt=\"\" title=\"sectores2\" srcset=\"https:\/\/www.belgraf.com\/wp-content\/uploads\/2020\/07\/sectores2-300x223.jpg 300w, https:\/\/www.belgraf.com\/wp-content\/uploads\/2020\/07\/sectores2.jpg 537w\" sizes=\"auto, (max-width: 300px) 100vw, 300px\" \/><\/a><\/li><li><a itemprop=\"image\" class=\"qode-prettyphoto\" href=\"https:\/\/www.belgraf.com\/wp-content\/uploads\/2020\/07\/sectores1.jpg\" data-rel=\"prettyPhoto[rel-1326-292920230]\"><img loading=\"lazy\" decoding=\"async\" width=\"300\" height=\"205\" src=\"https:\/\/www.belgraf.com\/wp-content\/uploads\/2020\/07\/sectores1-300x205.jpg\" class=\"attachment-medium\" alt=\"\" title=\"sectores1\" srcset=\"https:\/\/www.belgraf.com\/wp-content\/uploads\/2020\/07\/sectores1-300x205.jpg 300w, https:\/\/www.belgraf.com\/wp-content\/uploads\/2020\/07\/sectores1.jpg 586w\" sizes=\"auto, (max-width: 300px) 100vw, 300px\" \/><\/a><\/li><\/ul><\/div><\/div><\/div><\/div><\/div><\/div><div class=\"wpb_column vc_column_container vc_col-sm-9\"><div class=\"vc_column-inner\"><div class=\"wpb_wrapper\">\n\t<div class=\"wpb_text_column wpb_content_element \">\n\t\t<div class=\"wpb_wrapper\">\n\t\t\t<h3>Aplicaciones y consumibles espec\u00edficos para los sectores<\/h3>\n<ul>\n<li>C\u00e1rnico<\/li>\n<li>Farmac\u00e9utico<\/li>\n<li>Bodegas<\/li>\n<li>Avicola<\/li>\n<li>Productores de huevos<\/li>\n<li>Conserveros<\/li>\n<li>Congelados<\/li>\n<\/ul>\n\n\t\t<\/div> \n\t<\/div> <\/div><\/div><\/div><\/div><\/div>\n<\/div>","protected":false},"excerpt":{"rendered":"Industrielle Lebensmittelkennzeichnung und R\u00fcckverfolgbarkeit Fleischsektor Wir haben verschiedene L\u00f6sungen f\u00fcr die industrielle Kennzeichnung und R\u00fcckverfolgbarkeit im Fleischsektor. Stempel zum Markieren von Schlachtk\u00f6rpern, Schiffskanonen, Edelstahlnadeln, Fleischmarkierstifte, Puffer und Tinte zum Markieren von Fleisch. ...","protected":false},"author":1,"featured_media":0,"parent":0,"menu_order":0,"comment_status":"closed","ping_status":"closed","template":"","meta":{"footnotes":""},"class_list":["post-1326","page","type-page","status-publish","hentry"],"yoast_head":"<!-- This site is optimized with the Yoast SEO plugin v26.1 - https:\/\/yoast.com\/wordpress\/plugins\/seo\/ -->\n<title>C\u00e1rnico - Belgraf Ib\u00e9rica<\/title>\n<meta name=\"robots\" content=\"index, follow, max-snippet:-1, max-image-preview:large, max-video-preview:-1\" \/>\n<link rel=\"canonical\" href=\"https:\/\/www.belgraf.com\/de\/carnico\/\" \/>\n<meta property=\"og:locale\" content=\"de_DE\" \/>\n<meta property=\"og:type\" content=\"article\" \/>\n<meta property=\"og:title\" content=\"C\u00e1rnico - Belgraf Ib\u00e9rica\" \/>\n<meta property=\"og:url\" content=\"https:\/\/www.belgraf.com\/de\/carnico\/\" \/>\n<meta property=\"og:site_name\" content=\"Belgraf Ib\u00e9rica\" \/>\n<meta property=\"article:modified_time\" content=\"2021-02-25T11:54:46+00:00\" \/>\n<meta name=\"twitter:card\" content=\"summary_large_image\" \/>\n<meta name=\"twitter:label1\" content=\"Gesch\u00e4tzte Lesezeit\" \/>\n\t<meta name=\"twitter:data1\" content=\"2\u00a0Minuten\" \/>\n<script type=\"application\/ld+json\" class=\"yoast-schema-graph\">{\"@context\":\"https:\/\/schema.org\",\"@graph\":[{\"@type\":\"WebPage\",\"@id\":\"https:\/\/www.belgraf.com\/carnico\/\",\"url\":\"https:\/\/www.belgraf.com\/carnico\/\",\"name\":\"C\u00e1rnico - Belgraf Ib\u00e9rica\",\"isPartOf\":{\"@id\":\"https:\/\/www.belgraf.com\/#website\"},\"datePublished\":\"2020-02-26T22:30:43+00:00\",\"dateModified\":\"2021-02-25T11:54:46+00:00\",\"breadcrumb\":{\"@id\":\"https:\/\/www.belgraf.com\/carnico\/#breadcrumb\"},\"inLanguage\":\"de\",\"potentialAction\":[{\"@type\":\"ReadAction\",\"target\":[\"https:\/\/www.belgraf.com\/carnico\/\"]}]},{\"@type\":\"BreadcrumbList\",\"@id\":\"https:\/\/www.belgraf.com\/carnico\/#breadcrumb\",\"itemListElement\":[{\"@type\":\"ListItem\",\"position\":1,\"name\":\"Portada\",\"item\":\"https:\/\/www.belgraf.com\/\"},{\"@type\":\"ListItem\",\"position\":2,\"name\":\"C\u00e1rnico\"}]},{\"@type\":\"WebSite\",\"@id\":\"https:\/\/www.belgraf.com\/#website\",\"url\":\"https:\/\/www.belgraf.com\/\",\"name\":\"Belgraf Ib\u00e9rica\",\"description\":\"Asesores en marcaje y codificaci\u00f3n Industrial\",\"publisher\":{\"@id\":\"https:\/\/www.belgraf.com\/#organization\"},\"potentialAction\":[{\"@type\":\"SearchAction\",\"target\":{\"@type\":\"EntryPoint\",\"urlTemplate\":\"https:\/\/www.belgraf.com\/?s={search_term_string}\"},\"query-input\":{\"@type\":\"PropertyValueSpecification\",\"valueRequired\":true,\"valueName\":\"search_term_string\"}}],\"inLanguage\":\"de\"},{\"@type\":\"Organization\",\"@id\":\"https:\/\/www.belgraf.com\/#organization\",\"name\":\"Belgraf Ib\u00e9rica\",\"url\":\"https:\/\/www.belgraf.com\/\",\"logo\":{\"@type\":\"ImageObject\",\"inLanguage\":\"de\",\"@id\":\"https:\/\/www.belgraf.com\/#\/schema\/logo\/image\/\",\"url\":\"https:\/\/www.belgraf.com\/wp-content\/uploads\/2020\/06\/IconLogo.png\",\"contentUrl\":\"https:\/\/www.belgraf.com\/wp-content\/uploads\/2020\/06\/IconLogo.png\",\"width\":35,\"height\":23,\"caption\":\"Belgraf Ib\u00e9rica\"},\"image\":{\"@id\":\"https:\/\/www.belgraf.com\/#\/schema\/logo\/image\/\"},\"sameAs\":[\"https:\/\/www.linkedin.com\/company\/75032102\"]}]}<\/script>\n<!-- \/ Yoast SEO plugin. -->","yoast_head_json":{"title":"C\u00e1rnico - Belgraf Ib\u00e9rica","robots":{"index":"index","follow":"follow","max-snippet":"max-snippet:-1","max-image-preview":"max-image-preview:large","max-video-preview":"max-video-preview:-1"},"canonical":"https:\/\/www.belgraf.com\/de\/carnico\/","og_locale":"de_DE","og_type":"article","og_title":"C\u00e1rnico - Belgraf Ib\u00e9rica","og_url":"https:\/\/www.belgraf.com\/de\/carnico\/","og_site_name":"Belgraf Ib\u00e9rica","article_modified_time":"2021-02-25T11:54:46+00:00","twitter_card":"summary_large_image","twitter_misc":{"Gesch\u00e4tzte Lesezeit":"2\u00a0Minuten"},"schema":{"@context":"https:\/\/schema.org","@graph":[{"@type":"WebPage","@id":"https:\/\/www.belgraf.com\/carnico\/","url":"https:\/\/www.belgraf.com\/carnico\/","name":"C\u00e1rnico - Belgraf Ib\u00e9rica","isPartOf":{"@id":"https:\/\/www.belgraf.com\/#website"},"datePublished":"2020-02-26T22:30:43+00:00","dateModified":"2021-02-25T11:54:46+00:00","breadcrumb":{"@id":"https:\/\/www.belgraf.com\/carnico\/#breadcrumb"},"inLanguage":"de","potentialAction":[{"@type":"ReadAction","target":["https:\/\/www.belgraf.com\/carnico\/"]}]},{"@type":"BreadcrumbList","@id":"https:\/\/www.belgraf.com\/carnico\/#breadcrumb","itemListElement":[{"@type":"ListItem","position":1,"name":"Portada","item":"https:\/\/www.belgraf.com\/"},{"@type":"ListItem","position":2,"name":"C\u00e1rnico"}]},{"@type":"WebSite","@id":"https:\/\/www.belgraf.com\/#website","url":"https:\/\/www.belgraf.com\/","name":"Belgraf Ib\u00e9rica","description":"Berater f\u00fcr Kennzeichnung und industrielle Kodierung","publisher":{"@id":"https:\/\/www.belgraf.com\/#organization"},"potentialAction":[{"@type":"SearchAction","target":{"@type":"EntryPoint","urlTemplate":"https:\/\/www.belgraf.com\/?s={search_term_string}"},"query-input":{"@type":"PropertyValueSpecification","valueRequired":true,"valueName":"search_term_string"}}],"inLanguage":"de"},{"@type":"Organization","@id":"https:\/\/www.belgraf.com\/#organization","name":"Belgraf Ib\u00e9rica","url":"https:\/\/www.belgraf.com\/","logo":{"@type":"ImageObject","inLanguage":"de","@id":"https:\/\/www.belgraf.com\/#\/schema\/logo\/image\/","url":"https:\/\/www.belgraf.com\/wp-content\/uploads\/2020\/06\/IconLogo.png","contentUrl":"https:\/\/www.belgraf.com\/wp-content\/uploads\/2020\/06\/IconLogo.png","width":35,"height":23,"caption":"Belgraf Ib\u00e9rica"},"image":{"@id":"https:\/\/www.belgraf.com\/#\/schema\/logo\/image\/"},"sameAs":["https:\/\/www.linkedin.com\/company\/75032102"]}]}},"_links":{"self":[{"href":"https:\/\/www.belgraf.com\/de\/wp-json\/wp\/v2\/pages\/1326","targetHints":{"allow":["GET"]}}],"collection":[{"href":"https:\/\/www.belgraf.com\/de\/wp-json\/wp\/v2\/pages"}],"about":[{"href":"https:\/\/www.belgraf.com\/de\/wp-json\/wp\/v2\/types\/page"}],"author":[{"embeddable":true,"href":"https:\/\/www.belgraf.com\/de\/wp-json\/wp\/v2\/users\/1"}],"replies":[{"embeddable":true,"href":"https:\/\/www.belgraf.com\/de\/wp-json\/wp\/v2\/comments?post=1326"}],"version-history":[{"count":8,"href":"https:\/\/www.belgraf.com\/de\/wp-json\/wp\/v2\/pages\/1326\/revisions"}],"predecessor-version":[{"id":2231,"href":"https:\/\/www.belgraf.com\/de\/wp-json\/wp\/v2\/pages\/1326\/revisions\/2231"}],"wp:attachment":[{"href":"https:\/\/www.belgraf.com\/de\/wp-json\/wp\/v2\/media?parent=1326"}],"curies":[{"name":"wp","href":"https:\/\/api.w.org\/{rel}","templated":true}]}}