{"id":1681,"date":"2020-03-04T13:20:28","date_gmt":"2020-03-04T13:20:28","guid":{"rendered":"http:\/\/www.belgraf.es\/?page_id=1681"},"modified":"2020-12-21T19:14:21","modified_gmt":"2020-12-21T19:14:21","slug":"extractores-de-humo","status":"publish","type":"page","link":"https:\/\/www.belgraf.com\/de\/extractores-de-humo\/","title":{"rendered":"Industrielle Rauchabzugshauben"},"content":{"rendered":"<div class=\"wpb-content-wrapper\"><div      class=\"vc_row wpb_row section vc_row-fluid\" style=' text-align:left;'><div class=\"full_section_inner clearfix\"><div class=\"wpb_column vc_column_container vc_col-sm-12\"><div class=\"vc_column-inner\"><div class=\"wpb_wrapper\">\n\t<div class=\"wpb_text_column wpb_content_element  vc_custom_1608578020334\">\n\t\t<div class=\"wpb_wrapper\">\n\t\t\t<h2 style=\"text-align: center;\"><strong>Bofa Rauchabzug<\/strong><\/h2>\n\n\t\t<\/div> \n\t<\/div> <\/div><\/div><\/div><\/div><\/div><div      class=\"vc_row wpb_row section vc_row-fluid\" style=' text-align:left;'><div class=\"full_section_inner clearfix\"><div class=\"wpb_column vc_column_container vc_col-sm-6\"><div class=\"vc_column-inner\"><div class=\"wpb_wrapper\">\n\t<div class=\"wpb_text_column wpb_content_element\">\n\t\t<div class=\"wpb_wrapper\">\n\t\t\t<h2>BOFA AD 250<\/h2>\n\n\t\t<\/div> \n\t<\/div> \r\n\t<div class=\"wpb_single_image wpb_content_element vc_align_center  vc_custom_1591785817139\">\r\n\t\t<div class=\"wpb_wrapper\">\r\n\t\t\t\r\n\t\t\t<div class=\"vc_single_image-wrapper   vc_box_border_grey\"><img loading=\"lazy\" decoding=\"async\" width=\"140\" height=\"72\" src=\"https:\/\/www.belgraf.com\/wp-content\/uploads\/2020\/06\/L71338.gif\" class=\"vc_single_image-img attachment-full\" alt=\"\" title=\"L71338\" \/><\/div>\r\n\t\t<\/div>\r\n\t<\/div>\r\n\n\t<div class=\"wpb_text_column wpb_content_element\">\n\t\t<div class=\"wpb_wrapper\">\n\t\t\t<p>Das Rauchextraktions- und Filtrationssystem <span style=\"color: #ff0000;\">Vorteil 250<\/span> von <strong>BOFA<\/strong> Es wurde entwickelt, um eine kosteng\u00fcnstige L\u00f6sung f\u00fcr Jobs bereitzustellen, die eine geringe Extraktionsleistung erfordern.<\/p>\n<p>Dieser kompakte und <strong>extrem leise<\/strong> Es ist ideal f\u00fcr den Einsatz in Umgebungen mit geringer industrieller Aktivit\u00e4t wie Labors, Bildungszentren und auch f\u00fcr Laserkodierungsanwendungen, Schilderl\u00e4den oder andere Arbeiten, bei denen ein geringes oder mittleres Abfallvolumen in der Produktion und bei Laserarbeiten zum Markieren, Codieren und Aufzeichnen entsteht.<\/p>\n\n\t\t<\/div> \n\t<\/div> <\/div><\/div><\/div><div class=\"wpb_column vc_column_container vc_col-sm-6\"><div class=\"vc_column-inner\"><div class=\"wpb_wrapper\">\n\t<div class=\"wpb_text_column wpb_content_element\">\n\t\t<div class=\"wpb_wrapper\">\n\t\t\t<h1>RAUCHFILTRATION<\/h1>\n<p>F\u00fcr die Arbeit mit Markierungs-, Codierungs- und Gravurlasern.<\/p>\n\n\t\t<\/div> \n\t<\/div> \r\n\t<div class=\"wpb_single_image wpb_content_element vc_align_left\">\r\n\t\t<div class=\"wpb_wrapper\">\r\n\t\t\t\r\n\t\t\t<div class=\"vc_single_image-wrapper   vc_box_border_grey\"><img loading=\"lazy\" decoding=\"async\" width=\"800\" height=\"800\" src=\"https:\/\/www.belgraf.com\/wp-content\/uploads\/2020\/06\/extractor-bofa-ad-250-1.jpg\" class=\"vc_single_image-img attachment-large\" alt=\"\" title=\"extractor-bofa-ad-250 (1)\" srcset=\"https:\/\/www.belgraf.com\/wp-content\/uploads\/2020\/06\/extractor-bofa-ad-250-1.jpg 800w, https:\/\/www.belgraf.com\/wp-content\/uploads\/2020\/06\/extractor-bofa-ad-250-1-300x300.jpg 300w, https:\/\/www.belgraf.com\/wp-content\/uploads\/2020\/06\/extractor-bofa-ad-250-1-150x150.jpg 150w, https:\/\/www.belgraf.com\/wp-content\/uploads\/2020\/06\/extractor-bofa-ad-250-1-768x768.jpg 768w, https:\/\/www.belgraf.com\/wp-content\/uploads\/2020\/06\/extractor-bofa-ad-250-1-570x570.jpg 570w, https:\/\/www.belgraf.com\/wp-content\/uploads\/2020\/06\/extractor-bofa-ad-250-1-500x500.jpg 500w, https:\/\/www.belgraf.com\/wp-content\/uploads\/2020\/06\/extractor-bofa-ad-250-1-700x700.jpg 700w\" sizes=\"auto, (max-width: 800px) 100vw, 800px\" \/><\/div>\r\n\t\t<\/div>\r\n\t<\/div>\r\n<\/div><\/div><\/div><\/div><\/div><div      class=\"vc_row wpb_row section vc_row-fluid\" style=' text-align:left;'><div class=\"full_section_inner clearfix\"><div class=\"wpb_column vc_column_container vc_col-sm-12\"><div class=\"vc_column-inner\"><div class=\"wpb_wrapper\"><div class=\"qode-accordion-holder clearfix qode-toggle qode-initial\">\r\n\t<h4 class=\"clearfix qode-title-holder\">\r\n<span class=\"qode-tab-title\">\r\n\t    <span class=\"qode-tab-title-inner\">\r\n        Neueste Technologie zu Ihren Diensten    <\/span>\r\n<\/span>\r\n<span class=\"qode-accordion-mark\">\r\n    <span class=\"qode-accordion-mark-icon\">\r\n        <span class=\"icon_plus\"><\/span>\r\n        <span class=\"icon_minus-06\"><\/span>\r\n    <\/span>\r\n<\/span>\r\n<\/h4>\r\n<div id = \"ac1\" class=\"qode-accordion-content\" >\r\n    <div class=\"qode-accordion-content-inner\">\r\n        \n\t<div class=\"wpb_text_column wpb_content_element\">\n\t\t<div class=\"wpb_wrapper\">\n\t\t\t<p>Die Rauchfilteranlage AD 250 enth\u00e4lt die neue Vorfiltertechnologie DEEP PLEAT (tiefe Falte) sowie die neuen Aktivkohlefilter, die die Leistung des Vorfilters und des Filters verbessern und eine h\u00f6here Leistung von gew\u00e4hrleisten es. Infolgedessen bietet es dem System eine h\u00f6here Effizienz und Rentabilit\u00e4t.<\/p>\n\n\t\t<\/div> \n\t<\/div> \r\n\t<div class=\"wpb_single_image wpb_content_element vc_align_left\">\r\n\t\t<div class=\"wpb_wrapper\">\r\n\t\t\t\r\n\t\t\t<div class=\"vc_single_image-wrapper   vc_box_border_grey\"><img loading=\"lazy\" decoding=\"async\" width=\"150\" height=\"150\" src=\"https:\/\/www.belgraf.com\/wp-content\/uploads\/2020\/06\/extractor-bofa-ad-250-2-150x150.jpg\" class=\"vc_single_image-img attachment-thumbnail\" alt=\"\" title=\"extractor-bofa-ad-250 (2)\" srcset=\"https:\/\/www.belgraf.com\/wp-content\/uploads\/2020\/06\/extractor-bofa-ad-250-2-150x150.jpg 150w, https:\/\/www.belgraf.com\/wp-content\/uploads\/2020\/06\/extractor-bofa-ad-250-2-300x300.jpg 300w, https:\/\/www.belgraf.com\/wp-content\/uploads\/2020\/06\/extractor-bofa-ad-250-2-768x768.jpg 768w, https:\/\/www.belgraf.com\/wp-content\/uploads\/2020\/06\/extractor-bofa-ad-250-2-570x570.jpg 570w, https:\/\/www.belgraf.com\/wp-content\/uploads\/2020\/06\/extractor-bofa-ad-250-2-500x500.jpg 500w, https:\/\/www.belgraf.com\/wp-content\/uploads\/2020\/06\/extractor-bofa-ad-250-2-700x700.jpg 700w, https:\/\/www.belgraf.com\/wp-content\/uploads\/2020\/06\/extractor-bofa-ad-250-2.jpg 800w\" sizes=\"auto, (max-width: 150px) 100vw, 150px\" \/><\/div>\r\n\t\t<\/div>\r\n\t<\/div>\r\n    <\/div>\r\n<\/div><h4 class=\"clearfix qode-title-holder\">\r\n<span class=\"qode-tab-title\">\r\n\t    <span class=\"qode-tab-title-inner\">\r\n        Standardfunktionen    <\/span>\r\n<\/span>\r\n<span class=\"qode-accordion-mark\">\r\n    <span class=\"qode-accordion-mark-icon\">\r\n        <span class=\"icon_plus\"><\/span>\r\n        <span class=\"icon_minus-06\"><\/span>\r\n    <\/span>\r\n<\/span>\r\n<\/h4>\r\n<div id = \"ac2\" class=\"qode-accordion-content\" >\r\n    <div class=\"qode-accordion-content-inner\">\r\n        \n\t<div class=\"wpb_text_column wpb_content_element\">\n\t\t<div class=\"wpb_wrapper\">\n\t\t\t<ul>\n<li>Anzeige mit Filterpegelstatus<\/li>\n<li>Langlebige, kosteng\u00fcnstige Ersatzfilter<\/li>\n<li>Sehr niedriger Ger\u00e4uschpegel<\/li>\n<li>Kompaktes Format mit geringem Platzbedarf<\/li>\n<li>DEEP PLEAT Technologie Vorfilter mit tiefen Falten<\/li>\n<\/ul>\n\n\t\t<\/div> \n\t<\/div>     <\/div>\r\n<\/div><h4 class=\"clearfix qode-title-holder\">\r\n<span class=\"qode-tab-title\">\r\n\t    <span class=\"qode-tab-title-inner\">\r\n        DEEP FLAT Technologie    <\/span>\r\n<\/span>\r\n<span class=\"qode-accordion-mark\">\r\n    <span class=\"qode-accordion-mark-icon\">\r\n        <span class=\"icon_plus\"><\/span>\r\n        <span class=\"icon_minus-06\"><\/span>\r\n    <\/span>\r\n<\/span>\r\n<\/h4>\r\n<div id = \"ac3\" class=\"qode-accordion-content\" >\r\n    <div class=\"qode-accordion-content-inner\">\r\n        \n\t<div class=\"wpb_text_column wpb_content_element\">\n\t\t<div class=\"wpb_wrapper\">\n\t\t\t<p>Das Rauchfiltersystem AD 250 enth\u00e4lt eine neue Technologie: DEEP PLEAT oder Deep Pleat Filter Technology sowie die DUO-Technologie und die neueste Aktivkohlefiltertechnologie. All dies f\u00fchrt zu einer Verbesserung der Leistung des Filters und gew\u00e4hrleistet eine l\u00e4ngere Lebensdauer desselben und folglich eine h\u00f6here Effizienz des Systems und seine Rentabilit\u00e4t.<\/p>\n\n\t\t<\/div> \n\t<\/div> <div class=\"qode_video_box\">\r\n\t<a itemprop=\"image\" class=\"qode_video_image\" href=\"https:\/\/youtu.be\/z-Tw8-dB8Jo\" data-rel=\"prettyPhoto\">\r\n\t\t\t<\/a>\r\n<\/div>    <\/div>\r\n<\/div><h4 class=\"clearfix qode-title-holder\">\r\n<span class=\"qode-tab-title\">\r\n\t    <span class=\"qode-tab-title-inner\">\r\n        Technische Eigenschaften    <\/span>\r\n<\/span>\r\n<span class=\"qode-accordion-mark\">\r\n    <span class=\"qode-accordion-mark-icon\">\r\n        <span class=\"icon_plus\"><\/span>\r\n        <span class=\"icon_minus-06\"><\/span>\r\n    <\/span>\r\n<\/span>\r\n<\/h4>\r\n<div id = \"ac4\" class=\"qode-accordion-content\" >\r\n    <div class=\"qode-accordion-content-inner\">\r\n        \n\t<div class=\"wpb_text_column wpb_content_element\">\n\t\t<div class=\"wpb_wrapper\">\n\t\t\t<ul>\n<li>Au\u00dfenma\u00dfe: (HXAXL): 570 x 380 x 380 mm.<\/li>\n<li>Kabinenrahmen: Verkratzter Edelstahl \/ Blech Lackierter Stahl<\/li>\n<li>Luftstrom \/ Druck: 180 m3 \/ h<\/li>\n<li>Leistungsaufnahme: 230V einphasig 50\/60 Hz<\/li>\n<li>Maximaler Verbrauch: 135W<\/li>\n<li>Ger\u00e4uschpegel: &lt;55 dB *<\/li>\n<li>Gewicht: 40 kg<\/li>\n<\/ul>\n\n\t\t<\/div> \n\t<\/div>     <\/div>\r\n<\/div><h2 class=\"clearfix qode-title-holder\">\r\n<span class=\"qode-tab-title\">\r\n\t    <span class=\"qode-tab-title-inner\">\r\n        Spezifikationen vor dem Filter    <\/span>\r\n<\/span>\r\n<span class=\"qode-accordion-mark\">\r\n    <span class=\"qode-accordion-mark-icon\">\r\n        <span class=\"icon_plus\"><\/span>\r\n        <span class=\"icon_minus-06\"><\/span>\r\n    <\/span>\r\n<\/span>\r\n<\/h2>\r\n<div  class=\"qode-accordion-content\" >\r\n    <div class=\"qode-accordion-content-inner\">\r\n        \n\t<div class=\"wpb_text_column wpb_content_element\">\n\t\t<div class=\"wpb_wrapper\">\n\t\t\t<ul>\n<li>Vorfiltercode: A1030056<\/li>\n<li>Durchschnittliche Filtererweiterungsfl\u00e4che: 6 m2<\/li>\n<li>Filtrationsmedium: Fiberglas<\/li>\n<li>Filtermedienkonstruktion: Maximale Falte 100 mm<\/li>\n<li>Filterbox: Karton<\/li>\n<li>Filterwirkungsgrad: F8 (95 % bei 0,9 Mikron<\/li>\n<\/ul>\n\n\t\t<\/div> \n\t<\/div>     <\/div>\r\n<\/div><h4 class=\"clearfix qode-title-holder\">\r\n<span class=\"qode-tab-title\">\r\n\t    <span class=\"qode-tab-title-inner\">\r\n        Kombinationsfilterspezifikationen    <\/span>\r\n<\/span>\r\n<span class=\"qode-accordion-mark\">\r\n    <span class=\"qode-accordion-mark-icon\">\r\n        <span class=\"icon_plus\"><\/span>\r\n        <span class=\"icon_minus-06\"><\/span>\r\n    <\/span>\r\n<\/span>\r\n<\/h4>\r\n<div id = \"ac5\" class=\"qode-accordion-content\" >\r\n    <div class=\"qode-accordion-content-inner\">\r\n        \n\t<div class=\"wpb_text_column wpb_content_element\">\n\t\t<div class=\"wpb_wrapper\">\n\t\t\t<ul>\n<li>HEPA \/ Gaskombinationsfiltercode: A1030055<\/li>\n<li>HEPA-Filtermedien: Glasfaser<\/li>\n<li>HEPA-Filterkonstruktion: Maximale Faltentiefe mit Abstandshaltern<\/li>\n<li>Filterbox: Verzinktes Blech<\/li>\n<li>Dichtungen: Neopren mit Klebstoff<\/li>\n<li>Filterwirkungsgrad: 99,99 % bei 0,3 Mikron<\/li>\n<\/ul>\n\n\t\t<\/div> \n\t<\/div>     <\/div>\r\n<\/div><h4 class=\"clearfix qode-title-holder\">\r\n<span class=\"qode-tab-title\">\r\n\t    <span class=\"qode-tab-title-inner\">\r\n        Spezifikationen    <\/span>\r\n<\/span>\r\n<span class=\"qode-accordion-mark\">\r\n    <span class=\"qode-accordion-mark-icon\">\r\n        <span class=\"icon_plus\"><\/span>\r\n        <span class=\"icon_minus-06\"><\/span>\r\n    <\/span>\r\n<\/span>\r\n<\/h4>\r\n<div id = \"ac6\" class=\"qode-accordion-content\" >\r\n    <div class=\"qode-accordion-content-inner\">\r\n        \r\n\t<div class=\"wpb_single_image wpb_content_element vc_align_left\">\r\n\t\t<div class=\"wpb_wrapper\">\r\n\t\t\t\r\n\t\t\t<div class=\"vc_single_image-wrapper   vc_box_border_grey\"><img loading=\"lazy\" decoding=\"async\" width=\"709\" height=\"819\" src=\"https:\/\/www.belgraf.com\/wp-content\/uploads\/2020\/06\/Bofa-Specs.png\" class=\"vc_single_image-img attachment-large\" alt=\"\" title=\"Bofa Specs\" srcset=\"https:\/\/www.belgraf.com\/wp-content\/uploads\/2020\/06\/Bofa-Specs.png 709w, https:\/\/www.belgraf.com\/wp-content\/uploads\/2020\/06\/Bofa-Specs-260x300.png 260w, https:\/\/www.belgraf.com\/wp-content\/uploads\/2020\/06\/Bofa-Specs-700x809.png 700w\" sizes=\"auto, (max-width: 709px) 100vw, 709px\" \/><\/div>\r\n\t\t<\/div>\r\n\t<\/div>\r\n    <\/div>\r\n<\/div><\/div><\/div><\/div><\/div><\/div><\/div>\n<\/div>","protected":false},"excerpt":{"rendered":"Bofa Dunstabzugsger\u00e4te BOFA AD 250 Das BOFA Advantage 250-Rauchabsaug- und Filtersystem wurde entwickelt, um eine kosteng\u00fcnstige L\u00f6sung f\u00fcr Arbeiten zu bieten, die eine geringe Absaugleistung erfordern. Dieses kompakte und extrem leise System ist ideal f\u00fcr...","protected":false},"author":1,"featured_media":0,"parent":0,"menu_order":0,"comment_status":"closed","ping_status":"closed","template":"","meta":{"footnotes":""},"class_list":["post-1681","page","type-page","status-publish","hentry"],"yoast_head":"<!-- This site is optimized with the Yoast SEO plugin v26.1 - https:\/\/yoast.com\/wordpress\/plugins\/seo\/ -->\n<title>Extractores de humo industriales - Belgraf Ib\u00e9rica<\/title>\n<meta name=\"robots\" content=\"index, follow, max-snippet:-1, max-image-preview:large, max-video-preview:-1\" \/>\n<link rel=\"canonical\" href=\"https:\/\/www.belgraf.com\/de\/extractores-de-humo\/\" \/>\n<meta property=\"og:locale\" content=\"de_DE\" \/>\n<meta property=\"og:type\" content=\"article\" \/>\n<meta property=\"og:title\" content=\"Extractores de humo industriales - Belgraf Ib\u00e9rica\" \/>\n<meta property=\"og:url\" content=\"https:\/\/www.belgraf.com\/de\/extractores-de-humo\/\" \/>\n<meta property=\"og:site_name\" content=\"Belgraf Ib\u00e9rica\" \/>\n<meta property=\"article:modified_time\" content=\"2020-12-21T19:14:21+00:00\" \/>\n<meta name=\"twitter:card\" content=\"summary_large_image\" \/>\n<meta name=\"twitter:label1\" content=\"Gesch\u00e4tzte Lesezeit\" \/>\n\t<meta name=\"twitter:data1\" content=\"4\u00a0Minuten\" \/>\n<script type=\"application\/ld+json\" class=\"yoast-schema-graph\">{\"@context\":\"https:\/\/schema.org\",\"@graph\":[{\"@type\":\"WebPage\",\"@id\":\"https:\/\/www.belgraf.com\/extractores-de-humo\/\",\"url\":\"https:\/\/www.belgraf.com\/extractores-de-humo\/\",\"name\":\"Extractores de humo industriales - Belgraf Ib\u00e9rica\",\"isPartOf\":{\"@id\":\"https:\/\/www.belgraf.com\/#website\"},\"datePublished\":\"2020-03-04T13:20:28+00:00\",\"dateModified\":\"2020-12-21T19:14:21+00:00\",\"breadcrumb\":{\"@id\":\"https:\/\/www.belgraf.com\/extractores-de-humo\/#breadcrumb\"},\"inLanguage\":\"de\",\"potentialAction\":[{\"@type\":\"ReadAction\",\"target\":[\"https:\/\/www.belgraf.com\/extractores-de-humo\/\"]}]},{\"@type\":\"BreadcrumbList\",\"@id\":\"https:\/\/www.belgraf.com\/extractores-de-humo\/#breadcrumb\",\"itemListElement\":[{\"@type\":\"ListItem\",\"position\":1,\"name\":\"Portada\",\"item\":\"https:\/\/www.belgraf.com\/\"},{\"@type\":\"ListItem\",\"position\":2,\"name\":\"Extractores de humo industriales\"}]},{\"@type\":\"WebSite\",\"@id\":\"https:\/\/www.belgraf.com\/#website\",\"url\":\"https:\/\/www.belgraf.com\/\",\"name\":\"Belgraf Ib\u00e9rica\",\"description\":\"Asesores en marcaje y codificaci\u00f3n Industrial\",\"publisher\":{\"@id\":\"https:\/\/www.belgraf.com\/#organization\"},\"potentialAction\":[{\"@type\":\"SearchAction\",\"target\":{\"@type\":\"EntryPoint\",\"urlTemplate\":\"https:\/\/www.belgraf.com\/?s={search_term_string}\"},\"query-input\":{\"@type\":\"PropertyValueSpecification\",\"valueRequired\":true,\"valueName\":\"search_term_string\"}}],\"inLanguage\":\"de\"},{\"@type\":\"Organization\",\"@id\":\"https:\/\/www.belgraf.com\/#organization\",\"name\":\"Belgraf Ib\u00e9rica\",\"url\":\"https:\/\/www.belgraf.com\/\",\"logo\":{\"@type\":\"ImageObject\",\"inLanguage\":\"de\",\"@id\":\"https:\/\/www.belgraf.com\/#\/schema\/logo\/image\/\",\"url\":\"https:\/\/www.belgraf.com\/wp-content\/uploads\/2020\/06\/IconLogo.png\",\"contentUrl\":\"https:\/\/www.belgraf.com\/wp-content\/uploads\/2020\/06\/IconLogo.png\",\"width\":35,\"height\":23,\"caption\":\"Belgraf Ib\u00e9rica\"},\"image\":{\"@id\":\"https:\/\/www.belgraf.com\/#\/schema\/logo\/image\/\"},\"sameAs\":[\"https:\/\/www.linkedin.com\/company\/75032102\"]}]}<\/script>\n<!-- \/ Yoast SEO plugin. -->","yoast_head_json":{"title":"Extractores de humo industriales - Belgraf Ib\u00e9rica","robots":{"index":"index","follow":"follow","max-snippet":"max-snippet:-1","max-image-preview":"max-image-preview:large","max-video-preview":"max-video-preview:-1"},"canonical":"https:\/\/www.belgraf.com\/de\/extractores-de-humo\/","og_locale":"de_DE","og_type":"article","og_title":"Extractores de humo industriales - Belgraf Ib\u00e9rica","og_url":"https:\/\/www.belgraf.com\/de\/extractores-de-humo\/","og_site_name":"Belgraf Ib\u00e9rica","article_modified_time":"2020-12-21T19:14:21+00:00","twitter_card":"summary_large_image","twitter_misc":{"Gesch\u00e4tzte Lesezeit":"4\u00a0Minuten"},"schema":{"@context":"https:\/\/schema.org","@graph":[{"@type":"WebPage","@id":"https:\/\/www.belgraf.com\/extractores-de-humo\/","url":"https:\/\/www.belgraf.com\/extractores-de-humo\/","name":"Extractores de humo industriales - Belgraf Ib\u00e9rica","isPartOf":{"@id":"https:\/\/www.belgraf.com\/#website"},"datePublished":"2020-03-04T13:20:28+00:00","dateModified":"2020-12-21T19:14:21+00:00","breadcrumb":{"@id":"https:\/\/www.belgraf.com\/extractores-de-humo\/#breadcrumb"},"inLanguage":"de","potentialAction":[{"@type":"ReadAction","target":["https:\/\/www.belgraf.com\/extractores-de-humo\/"]}]},{"@type":"BreadcrumbList","@id":"https:\/\/www.belgraf.com\/extractores-de-humo\/#breadcrumb","itemListElement":[{"@type":"ListItem","position":1,"name":"Portada","item":"https:\/\/www.belgraf.com\/"},{"@type":"ListItem","position":2,"name":"Extractores de humo industriales"}]},{"@type":"WebSite","@id":"https:\/\/www.belgraf.com\/#website","url":"https:\/\/www.belgraf.com\/","name":"Belgraf Ib\u00e9rica","description":"Berater f\u00fcr Kennzeichnung und industrielle Kodierung","publisher":{"@id":"https:\/\/www.belgraf.com\/#organization"},"potentialAction":[{"@type":"SearchAction","target":{"@type":"EntryPoint","urlTemplate":"https:\/\/www.belgraf.com\/?s={search_term_string}"},"query-input":{"@type":"PropertyValueSpecification","valueRequired":true,"valueName":"search_term_string"}}],"inLanguage":"de"},{"@type":"Organization","@id":"https:\/\/www.belgraf.com\/#organization","name":"Belgraf Ib\u00e9rica","url":"https:\/\/www.belgraf.com\/","logo":{"@type":"ImageObject","inLanguage":"de","@id":"https:\/\/www.belgraf.com\/#\/schema\/logo\/image\/","url":"https:\/\/www.belgraf.com\/wp-content\/uploads\/2020\/06\/IconLogo.png","contentUrl":"https:\/\/www.belgraf.com\/wp-content\/uploads\/2020\/06\/IconLogo.png","width":35,"height":23,"caption":"Belgraf Ib\u00e9rica"},"image":{"@id":"https:\/\/www.belgraf.com\/#\/schema\/logo\/image\/"},"sameAs":["https:\/\/www.linkedin.com\/company\/75032102"]}]}},"_links":{"self":[{"href":"https:\/\/www.belgraf.com\/de\/wp-json\/wp\/v2\/pages\/1681","targetHints":{"allow":["GET"]}}],"collection":[{"href":"https:\/\/www.belgraf.com\/de\/wp-json\/wp\/v2\/pages"}],"about":[{"href":"https:\/\/www.belgraf.com\/de\/wp-json\/wp\/v2\/types\/page"}],"author":[{"embeddable":true,"href":"https:\/\/www.belgraf.com\/de\/wp-json\/wp\/v2\/users\/1"}],"replies":[{"embeddable":true,"href":"https:\/\/www.belgraf.com\/de\/wp-json\/wp\/v2\/comments?post=1681"}],"version-history":[{"count":9,"href":"https:\/\/www.belgraf.com\/de\/wp-json\/wp\/v2\/pages\/1681\/revisions"}],"predecessor-version":[{"id":2118,"href":"https:\/\/www.belgraf.com\/de\/wp-json\/wp\/v2\/pages\/1681\/revisions\/2118"}],"wp:attachment":[{"href":"https:\/\/www.belgraf.com\/de\/wp-json\/wp\/v2\/media?parent=1681"}],"curies":[{"name":"wp","href":"https:\/\/api.w.org\/{rel}","templated":true}]}}