{"id":1793,"date":"2020-03-12T09:49:56","date_gmt":"2020-03-12T09:49:56","guid":{"rendered":"http:\/\/www.belgraf.es\/?page_id=1793"},"modified":"2021-10-15T10:22:29","modified_gmt":"2021-10-15T10:22:29","slug":"aviso-legal","status":"publish","type":"page","link":"https:\/\/www.belgraf.com\/de\/aviso-legal\/","title":{"rendered":"Impressum"},"content":{"rendered":"<div class=\"wpb-content-wrapper\"><div      class=\"vc_row wpb_row section vc_row-fluid\" style=' text-align:left;'><div class=\"full_section_inner clearfix\"><div class=\"wpb_column vc_column_container vc_col-sm-12\"><div class=\"vc_column-inner\"><div class=\"wpb_wrapper\">\n\t<div class=\"wpb_text_column wpb_content_element\">\n\t\t<div class=\"wpb_wrapper\">\n\t\t\t<p style=\"font-weight: 400;\"><strong>IDENTIFIKATIONSDATEN<\/strong><\/p>\n<p style=\"font-weight: 400;\">In \u00dcbereinstimmung mit der Informationspflicht, die in Artikel 10 des Gesetzes 34\/2002 vom 11. Juli \u00fcber Dienste der Informationsgesellschaft und des elektronischen Gesch\u00e4ftsverkehrs enthalten ist, werden die folgenden Informationen wiedergegeben: Das Unternehmen, dem diese Website geh\u00f6rt, ist BELTRAN MU\u00d1OZ, .SL . mit Adresse Avd. Redondela, 60 36320 - Redondela (Pontevedra) - SPANIEN, E-Mail: info@belgraf.com, Kontakttelefon: +34.986335022, mit CIF-Nummer: B-36.846.947, eingetragen im PONTEVEDRA-Handelsregister Volumen: 2236 , Folio: 138, Blatt: PO-22614,<\/p>\n<p style=\"font-weight: 400;\"><strong>ZUS\u00c4TZLICHE INFORMATIONEN ZUM DATENSCHUTZ:<\/strong><\/p>\n<p style=\"font-weight: 400;\"><strong>1)\u00a0\u00a0\u00a0\u00a0\u00a0\u00a0\u00a0<\/strong><strong>VERANTWORTLICH: Wer ist f\u00fcr die Verarbeitung Ihrer Daten verantwortlich?<\/strong><\/p>\n<p style=\"font-weight: 400;\">Identit\u00e4t: BELTRAN MU\u00d1OZ, .SL. - CIF: B-36.846.947<\/p>\n<p style=\"font-weight: 400;\">Postanschrift: MARTINEZ GARRIDO Nr. 83 BAJO, 36.205 VIGO (PONTEVEDRA)<\/p>\n<p style=\"font-weight: 400;\">Telefon: 986 33 50 22 -E-Mail: info@belgraf.com<\/p>\n<p style=\"font-weight: 400;\"><strong>2)\u00a0\u00a0\u00a0\u00a0\u00a0\u00a0\u00a0<\/strong><strong>ZWECK: Zu welchem Zweck verarbeiten wir Ihre personenbezogenen Daten?<\/strong><\/p>\n<p style=\"font-weight: 400;\">In BELTRAN MU\u00d1OZ, .SL. Wir behandeln die von interessierten Personen bereitgestellten Informationen zu folgenden Zwecken:<\/p>\n<p style=\"font-weight: 400;\">- Pr\u00e4sentieren Sie Budgets mit Informationen zu unseren Produkten und Dienstleistungen<\/p>\n<p style=\"font-weight: 400;\">- Stellen Sie den angeforderten Service bereit und stellen Sie ihn in Rechnung.<\/p>\n<p style=\"font-weight: 400;\"><strong>3)\u00a0\u00a0\u00a0\u00a0\u00a0\u00a0\u00a0<\/strong><strong>EINSCHR\u00c4NKUNG DER ERHALTUNGSZEIT Wie lange werden wir Ihre Daten aufbewahren?<\/strong><\/p>\n<p style=\"font-weight: 400;\">Die zur Verf\u00fcgung gestellten Daten werden so lange aufbewahrt, wie die Gesch\u00e4ftsbeziehung aufrechterhalten wird oder w\u00e4hrend der Jahre, die zur Erf\u00fcllung der gesetzlichen Verpflichtungen erforderlich sind.<\/p>\n<p style=\"font-weight: 400;\"><strong>4)\u00a0\u00a0\u00a0\u00a0\u00a0\u00a0\u00a0<\/strong><strong>LEGITIMATION: Was ist die Legitimit\u00e4t f\u00fcr die Verarbeitung Ihrer Daten?<\/strong><\/p>\n<p style=\"font-weight: 400;\">Rechtsgrundlage f\u00fcr die Behandlung der Daten ist die Zustimmung des Interessenten zus\u00e4tzlich zum Vertragsabschluss.<\/p>\n<p style=\"font-weight: 400;\"><strong>5)\u00a0\u00a0\u00a0\u00a0\u00a0\u00a0\u00a0<\/strong><strong>EMPF\u00c4NGER: An welche Empf\u00e4nger werden Ihre Daten \u00fcbermittelt?<\/strong><\/p>\n<p style=\"font-weight: 400;\">Die Daten werden \u00fcbermittelt an:<\/p>\n<p style=\"font-weight: 400;\">-          Steuerverwaltung<\/p>\n<p style=\"font-weight: 400;\">- Banken und Finanzinstitute<\/p>\n<p style=\"font-weight: 400;\">- Management<\/p>\n<p style=\"font-weight: 400;\"><strong>6)\u00a0\u00a0\u00a0\u00a0\u00a0\u00a0\u00a0<\/strong><strong>RECHTE: Welche Rechte haben Sie, wenn Sie uns Ihre Daten zur Verf\u00fcgung stellen?<\/strong><\/p>\n<p style=\"font-weight: 400;\">Jeder hat das Recht, eine Best\u00e4tigung dar\u00fcber zu erhalten, ob BELTRAN MU\u00d1OZ, .SL. Wir behandeln personenbezogene Daten, die sie betreffen oder nicht.<\/p>\n<p style=\"font-weight: 400;\">Interessenten haben das Recht dazu\u00a0<strong>zugreifen<\/strong>\u00a0zu Ihren pers\u00f6nlichen Daten sowie\u00a0<strong>Berichtigung anfordern<\/strong>\u00a0von ungenauen Daten oder gegebenenfalls\u00a0<strong>fordern Sie die L\u00f6schung an<\/strong>\u00a0Wenn die Daten unter anderem f\u00fcr die Zwecke, f\u00fcr die sie erhoben wurden, nicht mehr ben\u00f6tigt werden.<\/p>\n<p style=\"font-weight: 400;\">Unter bestimmten Umst\u00e4nden k\u00f6nnen die interessierten Parteien\u00a0<strong>fordern Sie die<\/strong>\u00a0<strong>Einschr\u00e4nkung der Behandlung<\/strong>\u00a0In diesem Fall werden wir sie nur zur Aus\u00fcbung oder Verteidigung von Anspr\u00fcchen aufbewahren.<\/p>\n<p style=\"font-weight: 400;\">Unter bestimmten Umst\u00e4nden und aus Gr\u00fcnden, die mit ihrer jeweiligen Situation zusammenh\u00e4ngen, k\u00f6nnen die interessierten Parteien\u00a0<strong>Gegenstand der Behandlung<\/strong>\u00a0Ihrer Daten. BELTRAN MU\u00d1OZ, .SL. wird die Verarbeitung der Daten einstellen, au\u00dfer aus zwingenden berechtigten Gr\u00fcnden oder der Aus\u00fcbung oder Verteidigung m\u00f6glicher Anspr\u00fcche.<\/p>\n<p style=\"font-weight: 400;\">Die interessierte Partei hat das Recht, die Einwilligung jederzeit zu widerrufen, ohne die Rechtm\u00e4\u00dfigkeit der Behandlung aufgrund der Einwilligung vor ihrem Widerruf zu beeintr\u00e4chtigen.<\/p>\n<p style=\"font-weight: 400;\">Weitere Informationen zu Ihren Rechten finden Sie auf der Website der spanischen Datenschutzbeh\u00f6rde (<a href=\"https:\/\/www.agpd.es\/\">https:\/\/www.agpd.es\/<\/a>)<\/p>\n<p style=\"font-weight: 400;\">Um Ihre Rechte auszu\u00fcben, k\u00f6nnen Sie uns eine E-Mail an info@belgraf.com schreiben, in der Sie sich identifizieren m\u00fcssen, indem Sie eine Kopie Ihres Personalausweises beif\u00fcgen und das Recht, das Sie aus\u00fcben m\u00f6chten, und den Grund angeben.<\/p>\n<p style=\"font-weight: 400;\"><strong>7)\u00a0\u00a0\u00a0\u00a0\u00a0\u00a0\u00a0<\/strong><strong>HERKUNFT: Wie haben wir Ihre Daten erhalten?<\/strong><\/p>\n<p style=\"font-weight: 400;\">- Die personenbezogenen Daten, die wir in BELTRAN MU\u00d1OZ, .SL behandeln. kommen von der interessierten Partei<\/p>\n<p style=\"font-weight: 400;\">- Folgende Datenkategorien werden behandelt:<\/p>\n<ul>\n<li style=\"font-weight: 400;\">Identifikationsdaten.<\/li>\n<li style=\"font-weight: 400;\">Post- oder elektronische Adressen.<\/li>\n<li style=\"font-weight: 400;\">Wirtschaftsdaten.<\/li>\n<\/ul>\n<p style=\"font-weight: 400;\">- Speziell gesch\u00fctzte Daten werden nicht verarbeitet.<\/p>\n\n\t\t<\/div> \n\t<\/div> <\/div><\/div><\/div><\/div><\/div>\n<\/div>","protected":false},"excerpt":{"rendered":"IDENTIFIKATIONSDATEN In \u00dcbereinstimmung mit der Informationspflicht gem\u00e4\u00df Artikel 10 des Gesetzes 34\/2002 vom 11. Juli \u00fcber Dienste der Informationsgesellschaft und des elektronischen Gesch\u00e4ftsverkehrs werden nachstehend die folgenden Daten wiedergegeben: Das Unternehmen, das Eigent\u00fcmer der...","protected":false},"author":1,"featured_media":0,"parent":0,"menu_order":0,"comment_status":"closed","ping_status":"closed","template":"","meta":{"footnotes":""},"class_list":["post-1793","page","type-page","status-publish","hentry"],"yoast_head":"<!-- This site is optimized with the Yoast SEO plugin v26.1 - https:\/\/yoast.com\/wordpress\/plugins\/seo\/ -->\n<title>Aviso Legal - Belgraf Ib\u00e9rica<\/title>\n<meta name=\"robots\" content=\"index, follow, max-snippet:-1, max-image-preview:large, max-video-preview:-1\" \/>\n<link rel=\"canonical\" href=\"https:\/\/www.belgraf.com\/de\/aviso-legal\/\" \/>\n<meta property=\"og:locale\" content=\"de_DE\" \/>\n<meta property=\"og:type\" content=\"article\" \/>\n<meta property=\"og:title\" content=\"Aviso Legal - Belgraf Ib\u00e9rica\" \/>\n<meta property=\"og:url\" content=\"https:\/\/www.belgraf.com\/de\/aviso-legal\/\" \/>\n<meta property=\"og:site_name\" content=\"Belgraf Ib\u00e9rica\" \/>\n<meta property=\"article:modified_time\" content=\"2021-10-15T10:22:29+00:00\" \/>\n<meta name=\"twitter:card\" content=\"summary_large_image\" \/>\n<meta name=\"twitter:label1\" content=\"Gesch\u00e4tzte Lesezeit\" \/>\n\t<meta name=\"twitter:data1\" content=\"3\u00a0Minuten\" \/>\n<script type=\"application\/ld+json\" class=\"yoast-schema-graph\">{\"@context\":\"https:\/\/schema.org\",\"@graph\":[{\"@type\":\"WebPage\",\"@id\":\"https:\/\/www.belgraf.com\/aviso-legal\/\",\"url\":\"https:\/\/www.belgraf.com\/aviso-legal\/\",\"name\":\"Aviso Legal - Belgraf Ib\u00e9rica\",\"isPartOf\":{\"@id\":\"https:\/\/www.belgraf.com\/#website\"},\"datePublished\":\"2020-03-12T09:49:56+00:00\",\"dateModified\":\"2021-10-15T10:22:29+00:00\",\"breadcrumb\":{\"@id\":\"https:\/\/www.belgraf.com\/aviso-legal\/#breadcrumb\"},\"inLanguage\":\"de\",\"potentialAction\":[{\"@type\":\"ReadAction\",\"target\":[\"https:\/\/www.belgraf.com\/aviso-legal\/\"]}]},{\"@type\":\"BreadcrumbList\",\"@id\":\"https:\/\/www.belgraf.com\/aviso-legal\/#breadcrumb\",\"itemListElement\":[{\"@type\":\"ListItem\",\"position\":1,\"name\":\"Portada\",\"item\":\"https:\/\/www.belgraf.com\/\"},{\"@type\":\"ListItem\",\"position\":2,\"name\":\"Aviso Legal\"}]},{\"@type\":\"WebSite\",\"@id\":\"https:\/\/www.belgraf.com\/#website\",\"url\":\"https:\/\/www.belgraf.com\/\",\"name\":\"Belgraf Ib\u00e9rica\",\"description\":\"Asesores en marcaje y codificaci\u00f3n Industrial\",\"publisher\":{\"@id\":\"https:\/\/www.belgraf.com\/#organization\"},\"potentialAction\":[{\"@type\":\"SearchAction\",\"target\":{\"@type\":\"EntryPoint\",\"urlTemplate\":\"https:\/\/www.belgraf.com\/?s={search_term_string}\"},\"query-input\":{\"@type\":\"PropertyValueSpecification\",\"valueRequired\":true,\"valueName\":\"search_term_string\"}}],\"inLanguage\":\"de\"},{\"@type\":\"Organization\",\"@id\":\"https:\/\/www.belgraf.com\/#organization\",\"name\":\"Belgraf Ib\u00e9rica\",\"url\":\"https:\/\/www.belgraf.com\/\",\"logo\":{\"@type\":\"ImageObject\",\"inLanguage\":\"de\",\"@id\":\"https:\/\/www.belgraf.com\/#\/schema\/logo\/image\/\",\"url\":\"https:\/\/www.belgraf.com\/wp-content\/uploads\/2020\/06\/IconLogo.png\",\"contentUrl\":\"https:\/\/www.belgraf.com\/wp-content\/uploads\/2020\/06\/IconLogo.png\",\"width\":35,\"height\":23,\"caption\":\"Belgraf Ib\u00e9rica\"},\"image\":{\"@id\":\"https:\/\/www.belgraf.com\/#\/schema\/logo\/image\/\"},\"sameAs\":[\"https:\/\/www.linkedin.com\/company\/75032102\"]}]}<\/script>\n<!-- \/ Yoast SEO plugin. -->","yoast_head_json":{"title":"Aviso Legal - Belgraf Ib\u00e9rica","robots":{"index":"index","follow":"follow","max-snippet":"max-snippet:-1","max-image-preview":"max-image-preview:large","max-video-preview":"max-video-preview:-1"},"canonical":"https:\/\/www.belgraf.com\/de\/aviso-legal\/","og_locale":"de_DE","og_type":"article","og_title":"Aviso Legal - Belgraf Ib\u00e9rica","og_url":"https:\/\/www.belgraf.com\/de\/aviso-legal\/","og_site_name":"Belgraf Ib\u00e9rica","article_modified_time":"2021-10-15T10:22:29+00:00","twitter_card":"summary_large_image","twitter_misc":{"Gesch\u00e4tzte Lesezeit":"3\u00a0Minuten"},"schema":{"@context":"https:\/\/schema.org","@graph":[{"@type":"WebPage","@id":"https:\/\/www.belgraf.com\/aviso-legal\/","url":"https:\/\/www.belgraf.com\/aviso-legal\/","name":"Aviso Legal - Belgraf Ib\u00e9rica","isPartOf":{"@id":"https:\/\/www.belgraf.com\/#website"},"datePublished":"2020-03-12T09:49:56+00:00","dateModified":"2021-10-15T10:22:29+00:00","breadcrumb":{"@id":"https:\/\/www.belgraf.com\/aviso-legal\/#breadcrumb"},"inLanguage":"de","potentialAction":[{"@type":"ReadAction","target":["https:\/\/www.belgraf.com\/aviso-legal\/"]}]},{"@type":"BreadcrumbList","@id":"https:\/\/www.belgraf.com\/aviso-legal\/#breadcrumb","itemListElement":[{"@type":"ListItem","position":1,"name":"Portada","item":"https:\/\/www.belgraf.com\/"},{"@type":"ListItem","position":2,"name":"Aviso Legal"}]},{"@type":"WebSite","@id":"https:\/\/www.belgraf.com\/#website","url":"https:\/\/www.belgraf.com\/","name":"Belgraf Ib\u00e9rica","description":"Berater f\u00fcr Kennzeichnung und industrielle Kodierung","publisher":{"@id":"https:\/\/www.belgraf.com\/#organization"},"potentialAction":[{"@type":"SearchAction","target":{"@type":"EntryPoint","urlTemplate":"https:\/\/www.belgraf.com\/?s={search_term_string}"},"query-input":{"@type":"PropertyValueSpecification","valueRequired":true,"valueName":"search_term_string"}}],"inLanguage":"de"},{"@type":"Organization","@id":"https:\/\/www.belgraf.com\/#organization","name":"Belgraf Ib\u00e9rica","url":"https:\/\/www.belgraf.com\/","logo":{"@type":"ImageObject","inLanguage":"de","@id":"https:\/\/www.belgraf.com\/#\/schema\/logo\/image\/","url":"https:\/\/www.belgraf.com\/wp-content\/uploads\/2020\/06\/IconLogo.png","contentUrl":"https:\/\/www.belgraf.com\/wp-content\/uploads\/2020\/06\/IconLogo.png","width":35,"height":23,"caption":"Belgraf Ib\u00e9rica"},"image":{"@id":"https:\/\/www.belgraf.com\/#\/schema\/logo\/image\/"},"sameAs":["https:\/\/www.linkedin.com\/company\/75032102"]}]}},"_links":{"self":[{"href":"https:\/\/www.belgraf.com\/de\/wp-json\/wp\/v2\/pages\/1793","targetHints":{"allow":["GET"]}}],"collection":[{"href":"https:\/\/www.belgraf.com\/de\/wp-json\/wp\/v2\/pages"}],"about":[{"href":"https:\/\/www.belgraf.com\/de\/wp-json\/wp\/v2\/types\/page"}],"author":[{"embeddable":true,"href":"https:\/\/www.belgraf.com\/de\/wp-json\/wp\/v2\/users\/1"}],"replies":[{"embeddable":true,"href":"https:\/\/www.belgraf.com\/de\/wp-json\/wp\/v2\/comments?post=1793"}],"version-history":[{"count":3,"href":"https:\/\/www.belgraf.com\/de\/wp-json\/wp\/v2\/pages\/1793\/revisions"}],"predecessor-version":[{"id":2267,"href":"https:\/\/www.belgraf.com\/de\/wp-json\/wp\/v2\/pages\/1793\/revisions\/2267"}],"wp:attachment":[{"href":"https:\/\/www.belgraf.com\/de\/wp-json\/wp\/v2\/media?parent=1793"}],"curies":[{"name":"wp","href":"https:\/\/api.w.org\/{rel}","templated":true}]}}