{"id":2553,"date":"2023-02-24T12:27:08","date_gmt":"2023-02-24T11:27:08","guid":{"rendered":"https:\/\/www.belgraf.com\/?page_id=2553"},"modified":"2023-02-28T15:39:30","modified_gmt":"2023-02-28T14:39:30","slug":"toshiba-print","status":"publish","type":"page","link":"https:\/\/www.belgraf.com\/en\/impresoras-de-etiquetas\/toshiba-print\/","title":{"rendered":"Impresoras y Sistemas P&#038;A Toshiba"},"content":{"rendered":"<div class=\"wpb-content-wrapper\"><div      class=\"vc_row wpb_row section vc_row-fluid  vc_custom_1582786716676 grid_section\" style=' text-align:left;'><div class=\"section_inner clearfix\"><div class='section_inner_margin clearfix'><div class=\"wpb_column vc_column_container vc_col-sm-12\"><div class=\"vc_column-inner\"><div class=\"wpb_wrapper\">\r\n\t<div class=\"wpb_single_image wpb_content_element vc_align_center  vc_custom_1677239981322\">\r\n\t\t<div class=\"wpb_wrapper\">\r\n\t\t\t\r\n\t\t\t<div class=\"vc_single_image-wrapper   vc_box_border_grey\"><img loading=\"lazy\" decoding=\"async\" width=\"152\" height=\"55\" src=\"https:\/\/www.belgraf.com\/wp-content\/uploads\/2023\/02\/Toshiba-logo-web.png\" class=\"vc_single_image-img attachment-full\" alt=\"\" title=\"Toshiba-logo-web\" srcset=\"https:\/\/www.belgraf.com\/wp-content\/uploads\/2023\/02\/Toshiba-logo-web.png 152w, https:\/\/www.belgraf.com\/wp-content\/uploads\/2023\/02\/Toshiba-logo-web-150x55.png 150w, https:\/\/www.belgraf.com\/wp-content\/uploads\/2023\/02\/Toshiba-logo-web-18x7.png 18w\" sizes=\"auto, (max-width: 152px) 100vw, 152px\" \/><\/div>\r\n\t\t<\/div>\r\n\t<\/div>\r\n\n\t<div class=\"wpb_text_column wpb_content_element\">\n\t\t<div class=\"wpb_wrapper\">\n\t\t\t<div id=\"wb_LayoutGrid2\" class=\"diagonal\">\n<div id=\"LayoutGrid2\">\n<div class=\"row\">\n<div class=\"col-1\">\n<div id=\"wb_Text1\">\n<p>Las impresoras de etiquetas t\u00e9rmicas de Toshiba son la soluci\u00f3n perfecta para las aplicaciones de etiquetado cr\u00edticas. Desde tickets, etiquetas con c\u00f3digos de barras, a etiquetas especializadas, las impresoras Toshiba se han convertido en la principal elecci\u00f3n de etiquetado en todo el mundo.<\/p>\n<\/div>\n<\/div>\n<\/div>\n<\/div>\n<\/div>\n<div id=\"wb_LayoutGrid6\">\n<div id=\"LayoutGrid6-overlay\"><\/div>\n<div id=\"LayoutGrid6\">\n<div class=\"row\"><\/div>\n<\/div>\n<\/div>\n\n\t\t<\/div> \n\t<\/div> <\/div><\/div><\/div><\/div><\/div><\/div><div      class=\"vc_row wpb_row section vc_row-fluid  vc_custom_1582786716676 grid_section\" style=' text-align:left;'><div class=\"section_inner clearfix\"><div class='section_inner_margin clearfix'><div class=\"wpb_column vc_column_container vc_col-sm-12\"><div class=\"vc_column-inner\"><div class=\"wpb_wrapper\">\n\t<div class=\"wpb_text_column wpb_content_element  vc_custom_1677239687608\">\n\t\t<div class=\"wpb_wrapper\">\n\t\t\t<h1 style=\"text-align: center;\">Familia de impresoras Toshiba<\/h1>\n\n\t\t<\/div> \n\t<\/div> <div class=\"separator  small center\" style=\"margin-top: 7px;margin-bottom: 38px;width: 100px;\"><\/div>\n<\/div><\/div><\/div><\/div><\/div><\/div><div      class=\"vc_row wpb_row section vc_row-fluid\" style=' text-align:left;'><div class=\"full_section_inner clearfix\"><div class=\"wpb_column vc_column_container vc_col-sm-6\"><div class=\"vc_column-inner vc_custom_1582786807544\"><div class=\"wpb_wrapper\">\r\n\t<div class=\"wpb_single_image wpb_content_element vc_align_center\">\r\n\t\t<div class=\"wpb_wrapper\">\r\n\t\t\t<h2 class=\"wpb_heading wpb_singleimage_heading\">Industrial Printers<\/h2>\r\n\t\t\t<a href=\"https:\/\/www.belgraf.com\/en\/impresoras-de-etiquetas\/toshiba\/impresoras-industriales-toshiba\/\" target=\"_self\"><div class=\"vc_single_image-wrapper   vc_box_border_grey\"><img loading=\"lazy\" decoding=\"async\" width=\"150\" height=\"150\" src=\"https:\/\/www.belgraf.com\/wp-content\/uploads\/2023\/02\/B-EX4D2-1.jpg\" class=\"vc_single_image-img attachment-large\" alt=\"\" title=\"B-EX4D2\" srcset=\"https:\/\/www.belgraf.com\/wp-content\/uploads\/2023\/02\/B-EX4D2-1.jpg 150w, https:\/\/www.belgraf.com\/wp-content\/uploads\/2023\/02\/B-EX4D2-1-12x12.jpg 12w\" sizes=\"auto, (max-width: 150px) 100vw, 150px\" \/><\/div><\/a>\r\n\t\t<\/div>\r\n\t<\/div>\r\n\n\t<div class=\"wpb_text_column wpb_content_element\">\n\t\t<div class=\"wpb_wrapper\">\n\t\t\t<p>Impresoras de la Gama Industrial. La nueva serie B-EX, heredera de la exitosa B-SX,\u00a0 cumple con los m\u00e1s altos est\u00e1ndares de calidad y fiabilidad.<\/p>\n\n\t\t<\/div> \n\t<\/div> \r\n\r\n\t<a href=\"https:\/\/www.belgraf.com\/en\/impresoras-de-etiquetas\/impresoras-industriales-toshiba\/\" target=\"_self\"  class=\"qode-btn qode-btn-medium qode-btn-simple qode-btn-icon qode-btn-default-hover\"  >\r\n\t    <span class=\"qode-btn-text\">M\u00e1s informaci\u00f3n ....<\/span><span class=\"qode-button-v2-icon-holder\"  ><i class=\"qodef-icon-dripicons dripicon dripicons-information qode-button-v2-icon-holder-inner\" ><\/i><\/span>\t<\/a>\r\n\r\n<\/div><\/div><\/div><div class=\"wpb_column vc_column_container vc_col-sm-6\"><div class=\"vc_column-inner vc_custom_1582786812494\"><div class=\"wpb_wrapper\">\r\n\t<div class=\"wpb_single_image wpb_content_element vc_align_center\">\r\n\t\t<div class=\"wpb_wrapper\">\r\n\t\t\t<h2 class=\"wpb_heading wpb_singleimage_heading\">Desktop Printers<\/h2>\r\n\t\t\t<a href=\"https:\/\/www.belgraf.com\/en\/impresoras-de-etiquetas\/toshiba\/impresoras-escritorio\/\" target=\"_self\"><div class=\"vc_single_image-wrapper   vc_box_border_grey\"><img loading=\"lazy\" decoding=\"async\" width=\"150\" height=\"150\" src=\"https:\/\/www.belgraf.com\/wp-content\/uploads\/2023\/02\/BA420.png\" class=\"vc_single_image-img attachment-large\" alt=\"\" title=\"BA420\" srcset=\"https:\/\/www.belgraf.com\/wp-content\/uploads\/2023\/02\/BA420.png 150w, https:\/\/www.belgraf.com\/wp-content\/uploads\/2023\/02\/BA420-12x12.png 12w\" sizes=\"auto, (max-width: 150px) 100vw, 150px\" \/><\/div><\/a>\r\n\t\t<\/div>\r\n\t<\/div>\r\n\n\t<div class=\"wpb_text_column wpb_content_element\">\n\t\t<div class=\"wpb_wrapper\">\n\t\t\t<p>Las impresoras de etiquetas t\u00e9rmicas de Toshiba son la soluci\u00f3n perfecta para las aplicaciones de etiquetado cr\u00edticas. Desde tickets, etiquetas con c\u00f3digos de barras, a etiquetas especializadas, las impresoras Toshiba se han convertido en la principal elecci\u00f3n de etiquetado en todo el mundo.<\/p>\n\n\t\t<\/div> \n\t<\/div> \r\n\r\n\t<a href=\"https:\/\/www.belgraf.com\/en\/impresoras-de-etiquetas\/toshiba\/impresoras-escritorio\/\" target=\"_self\"  class=\"qode-btn qode-btn-medium qode-btn-simple qode-btn-icon qode-btn-default-hover\"  >\r\n\t    <span class=\"qode-btn-text\">M\u00e1s informaci\u00f3n ....<\/span><span class=\"qode-button-v2-icon-holder\"  ><i class=\"qodef-icon-dripicons dripicon dripicons-information qode-button-v2-icon-holder-inner\" ><\/i><\/span>\t<\/a>\r\n\r\n<\/div><\/div><\/div><\/div><\/div><div      class=\"vc_row wpb_row section vc_row-fluid\" style=' text-align:left;'><div class=\"full_section_inner clearfix\"><div class=\"wpb_column vc_column_container vc_col-sm-6\"><div class=\"vc_column-inner vc_custom_1582786807544\"><div class=\"wpb_wrapper\">\r\n\t<div class=\"wpb_single_image wpb_content_element vc_align_center\">\r\n\t\t<div class=\"wpb_wrapper\">\r\n\t\t\t<h2 class=\"wpb_heading wpb_singleimage_heading\">Portable Printers<\/h2>\r\n\t\t\t<a href=\"https:\/\/www.belgraf.com\/en\/impresoras-de-etiquetas\/toshiba\/impresoras-industriales-toshiba\/\" target=\"_self\"><div class=\"vc_single_image-wrapper   vc_box_border_grey\"><img loading=\"lazy\" decoding=\"async\" width=\"150\" height=\"150\" src=\"https:\/\/www.belgraf.com\/wp-content\/uploads\/2023\/02\/Serie-B-FP3.png\" class=\"vc_single_image-img attachment-large\" alt=\"\" title=\"Serie-B-FP3\" srcset=\"https:\/\/www.belgraf.com\/wp-content\/uploads\/2023\/02\/Serie-B-FP3.png 150w, https:\/\/www.belgraf.com\/wp-content\/uploads\/2023\/02\/Serie-B-FP3-12x12.png 12w\" sizes=\"auto, (max-width: 150px) 100vw, 150px\" \/><\/div><\/a>\r\n\t\t<\/div>\r\n\t<\/div>\r\n\n\t<div class=\"wpb_text_column wpb_content_element\">\n\t\t<div class=\"wpb_wrapper\">\n\t\t\t<p>Las impresoras port\u00e1tiles de Toshiba son muy \u00fatiles cuando en su trabajo se requiere movilidad. En el mundo en constante cambio de hoy en d\u00eda es importante ser capaz de reaccionar r\u00e1pidamente cuando y donde sea necesario.<\/p>\n<p>&nbsp;<\/p>\n<p>Las impresoras est\u00e1n dise\u00f1adas para operar en los m\u00e1s diversos entornos de trabajo. Son robustas y duraderas, y al mismo tiempo f\u00e1ciles de usar.<\/p>\n\n\t\t<\/div> \n\t<\/div> \r\n\r\n\t<a href=\"https:\/\/www.belgraf.com\/en\/impresoras-de-etiquetas\/zebra\/impresoras-zebra-tarjetas-identificacion\/\" target=\"_self\"  class=\"qode-btn qode-btn-medium qode-btn-simple qode-btn-icon qode-btn-default-hover\"  >\r\n\t    <span class=\"qode-btn-text\">M\u00e1s informaci\u00f3n ....<\/span><span class=\"qode-button-v2-icon-holder\"  ><i class=\"qodef-icon-dripicons dripicon dripicons-information qode-button-v2-icon-holder-inner\" ><\/i><\/span>\t<\/a>\r\n\r\n<\/div><\/div><\/div><div class=\"wpb_column vc_column_container vc_col-sm-6\"><div class=\"vc_column-inner vc_custom_1582786812494\"><div class=\"wpb_wrapper\">\r\n\t<div class=\"wpb_single_image wpb_content_element vc_align_center\">\r\n\t\t<div class=\"wpb_wrapper\">\r\n\t\t\t<h2 class=\"wpb_heading wpb_singleimage_heading\">Industrial Printers<\/h2>\r\n\t\t\t<a href=\"https:\/\/www.belgraf.com\/en\/aplicadores-de-etiquetas-belgraf-ap4\/\" target=\"_self\"><div class=\"vc_single_image-wrapper   vc_box_border_grey\"><img loading=\"lazy\" decoding=\"async\" width=\"150\" height=\"150\" src=\"https:\/\/www.belgraf.com\/wp-content\/uploads\/2023\/02\/aplex.png\" class=\"vc_single_image-img attachment-large\" alt=\"\" title=\"aplex\" srcset=\"https:\/\/www.belgraf.com\/wp-content\/uploads\/2023\/02\/aplex.png 150w, https:\/\/www.belgraf.com\/wp-content\/uploads\/2023\/02\/aplex-12x12.png 12w\" sizes=\"auto, (max-width: 150px) 100vw, 150px\" \/><\/div><\/a>\r\n\t\t<\/div>\r\n\t<\/div>\r\n\n\t<div class=\"wpb_text_column wpb_content_element\">\n\t\t<div class=\"wpb_wrapper\">\n\t\t\t<div id=\"wb_Text1\">\n<p><strong>Automatizaci\u00f3n de los procesos de etiquetado eficaz, fiable y robusta.<\/strong><\/p>\n<\/div>\n<div id=\"wb_Text4\">\n<p>El aplicador APLEX4 utiliza como motor de impresi\u00f3n las impresoras industriales de la serie EX de Toshiba, para ofrecer alta precisi\u00f3n, m\u00e1xima seguridad, y convertir al APLEX4 en una soluci\u00f3n f\u00e1cil de utilizar para el usuario y con uno de los mejores costes de operaci\u00f3n (TCO) del mercado.<\/p>\n<\/div>\n\n\t\t<\/div> \n\t<\/div> \r\n\r\n\t<a href=\"https:\/\/www.belgraf.com\/en\/aplicadores-de-etiquetas-belgraf-ap4\/\" target=\"_self\"  class=\"qode-btn qode-btn-medium qode-btn-simple qode-btn-icon qode-btn-default-hover\"  >\r\n\t    <span class=\"qode-btn-text\">M\u00e1s informaci\u00f3n ....<\/span><span class=\"qode-button-v2-icon-holder\"  ><i class=\"qodef-icon-dripicons dripicon dripicons-information qode-button-v2-icon-holder-inner\" ><\/i><\/span>\t<\/a>\r\n\r\n<\/div><\/div><\/div><\/div><\/div>\n<\/div>","protected":false},"excerpt":{"rendered":"Las impresoras de etiquetas t\u00e9rmicas de Toshiba son la soluci\u00f3n perfecta para las aplicaciones de etiquetado cr\u00edticas. Desde tickets, etiquetas con c\u00f3digos de barras, a etiquetas especializadas, las impresoras Toshiba se han convertido en la principal elecci\u00f3n de etiquetado en todo el mundo. Familia de...","protected":false},"author":3,"featured_media":2430,"parent":1028,"menu_order":0,"comment_status":"closed","ping_status":"closed","template":"","meta":{"footnotes":""},"class_list":["post-2553","page","type-page","status-publish","has-post-thumbnail","hentry"],"yoast_head":"<!-- This site is optimized with the Yoast SEO plugin v26.1 - https:\/\/yoast.com\/wordpress\/plugins\/seo\/ -->\n<title>Impresoras y Sistemas P&amp;A Toshiba - Belgraf Ib\u00e9rica<\/title>\n<meta name=\"robots\" content=\"index, follow, max-snippet:-1, max-image-preview:large, max-video-preview:-1\" \/>\n<link rel=\"canonical\" href=\"https:\/\/www.belgraf.com\/en\/impresoras-de-etiquetas\/toshiba-print\/\" \/>\n<meta property=\"og:locale\" content=\"en_GB\" \/>\n<meta property=\"og:type\" content=\"article\" \/>\n<meta property=\"og:title\" content=\"Impresoras y Sistemas P&amp;A Toshiba - Belgraf Ib\u00e9rica\" \/>\n<meta property=\"og:url\" content=\"https:\/\/www.belgraf.com\/en\/impresoras-de-etiquetas\/toshiba-print\/\" \/>\n<meta property=\"og:site_name\" content=\"Belgraf Ib\u00e9rica\" \/>\n<meta property=\"article:modified_time\" content=\"2023-02-28T14:39:30+00:00\" \/>\n<meta property=\"og:image\" content=\"https:\/\/www.belgraf.com\/wp-content\/uploads\/2023\/02\/Impresoras-Zebra.jpg\" \/>\n\t<meta property=\"og:image:width\" content=\"768\" \/>\n\t<meta property=\"og:image:height\" content=\"432\" \/>\n\t<meta property=\"og:image:type\" content=\"image\/jpeg\" \/>\n<meta name=\"twitter:card\" content=\"summary_large_image\" \/>\n<meta name=\"twitter:label1\" content=\"Estimated reading time\" \/>\n\t<meta name=\"twitter:data1\" content=\"4 minutes\" \/>\n<script type=\"application\/ld+json\" class=\"yoast-schema-graph\">{\"@context\":\"https:\/\/schema.org\",\"@graph\":[{\"@type\":\"WebPage\",\"@id\":\"https:\/\/www.belgraf.com\/impresoras-de-etiquetas\/toshiba-print\/\",\"url\":\"https:\/\/www.belgraf.com\/impresoras-de-etiquetas\/toshiba-print\/\",\"name\":\"Impresoras y Sistemas P&A Toshiba - Belgraf Ib\u00e9rica\",\"isPartOf\":{\"@id\":\"https:\/\/www.belgraf.com\/#website\"},\"primaryImageOfPage\":{\"@id\":\"https:\/\/www.belgraf.com\/impresoras-de-etiquetas\/toshiba-print\/#primaryimage\"},\"image\":{\"@id\":\"https:\/\/www.belgraf.com\/impresoras-de-etiquetas\/toshiba-print\/#primaryimage\"},\"thumbnailUrl\":\"https:\/\/www.belgraf.com\/wp-content\/uploads\/2023\/02\/Impresoras-Zebra.jpg\",\"datePublished\":\"2023-02-24T11:27:08+00:00\",\"dateModified\":\"2023-02-28T14:39:30+00:00\",\"breadcrumb\":{\"@id\":\"https:\/\/www.belgraf.com\/impresoras-de-etiquetas\/toshiba-print\/#breadcrumb\"},\"inLanguage\":\"en-GB\",\"potentialAction\":[{\"@type\":\"ReadAction\",\"target\":[\"https:\/\/www.belgraf.com\/impresoras-de-etiquetas\/toshiba-print\/\"]}]},{\"@type\":\"ImageObject\",\"inLanguage\":\"en-GB\",\"@id\":\"https:\/\/www.belgraf.com\/impresoras-de-etiquetas\/toshiba-print\/#primaryimage\",\"url\":\"https:\/\/www.belgraf.com\/wp-content\/uploads\/2023\/02\/Impresoras-Zebra.jpg\",\"contentUrl\":\"https:\/\/www.belgraf.com\/wp-content\/uploads\/2023\/02\/Impresoras-Zebra.jpg\",\"width\":768,\"height\":432},{\"@type\":\"BreadcrumbList\",\"@id\":\"https:\/\/www.belgraf.com\/impresoras-de-etiquetas\/toshiba-print\/#breadcrumb\",\"itemListElement\":[{\"@type\":\"ListItem\",\"position\":1,\"name\":\"Portada\",\"item\":\"https:\/\/www.belgraf.com\/\"},{\"@type\":\"ListItem\",\"position\":2,\"name\":\"Impresoras de Etiquetas\",\"item\":\"https:\/\/www.belgraf.com\/impresoras-de-etiquetas\/\"},{\"@type\":\"ListItem\",\"position\":3,\"name\":\"Impresoras y Sistemas P&#038;A Toshiba\"}]},{\"@type\":\"WebSite\",\"@id\":\"https:\/\/www.belgraf.com\/#website\",\"url\":\"https:\/\/www.belgraf.com\/\",\"name\":\"Belgraf Ib\u00e9rica\",\"description\":\"Asesores en marcaje y codificaci\u00f3n Industrial\",\"publisher\":{\"@id\":\"https:\/\/www.belgraf.com\/#organization\"},\"potentialAction\":[{\"@type\":\"SearchAction\",\"target\":{\"@type\":\"EntryPoint\",\"urlTemplate\":\"https:\/\/www.belgraf.com\/?s={search_term_string}\"},\"query-input\":{\"@type\":\"PropertyValueSpecification\",\"valueRequired\":true,\"valueName\":\"search_term_string\"}}],\"inLanguage\":\"en-GB\"},{\"@type\":\"Organization\",\"@id\":\"https:\/\/www.belgraf.com\/#organization\",\"name\":\"Belgraf Ib\u00e9rica\",\"url\":\"https:\/\/www.belgraf.com\/\",\"logo\":{\"@type\":\"ImageObject\",\"inLanguage\":\"en-GB\",\"@id\":\"https:\/\/www.belgraf.com\/#\/schema\/logo\/image\/\",\"url\":\"https:\/\/www.belgraf.com\/wp-content\/uploads\/2020\/06\/IconLogo.png\",\"contentUrl\":\"https:\/\/www.belgraf.com\/wp-content\/uploads\/2020\/06\/IconLogo.png\",\"width\":35,\"height\":23,\"caption\":\"Belgraf Ib\u00e9rica\"},\"image\":{\"@id\":\"https:\/\/www.belgraf.com\/#\/schema\/logo\/image\/\"},\"sameAs\":[\"https:\/\/www.linkedin.com\/company\/75032102\"]}]}<\/script>\n<!-- \/ Yoast SEO plugin. -->","yoast_head_json":{"title":"Impresoras y Sistemas P&A Toshiba - Belgraf Ib\u00e9rica","robots":{"index":"index","follow":"follow","max-snippet":"max-snippet:-1","max-image-preview":"max-image-preview:large","max-video-preview":"max-video-preview:-1"},"canonical":"https:\/\/www.belgraf.com\/en\/impresoras-de-etiquetas\/toshiba-print\/","og_locale":"en_GB","og_type":"article","og_title":"Impresoras y Sistemas P&A Toshiba - Belgraf Ib\u00e9rica","og_url":"https:\/\/www.belgraf.com\/en\/impresoras-de-etiquetas\/toshiba-print\/","og_site_name":"Belgraf Ib\u00e9rica","article_modified_time":"2023-02-28T14:39:30+00:00","og_image":[{"width":768,"height":432,"url":"https:\/\/www.belgraf.com\/wp-content\/uploads\/2023\/02\/Impresoras-Zebra.jpg","type":"image\/jpeg"}],"twitter_card":"summary_large_image","twitter_misc":{"Estimated reading time":"4 minutes"},"schema":{"@context":"https:\/\/schema.org","@graph":[{"@type":"WebPage","@id":"https:\/\/www.belgraf.com\/impresoras-de-etiquetas\/toshiba-print\/","url":"https:\/\/www.belgraf.com\/impresoras-de-etiquetas\/toshiba-print\/","name":"Impresoras y Sistemas P&A Toshiba - Belgraf Ib\u00e9rica","isPartOf":{"@id":"https:\/\/www.belgraf.com\/#website"},"primaryImageOfPage":{"@id":"https:\/\/www.belgraf.com\/impresoras-de-etiquetas\/toshiba-print\/#primaryimage"},"image":{"@id":"https:\/\/www.belgraf.com\/impresoras-de-etiquetas\/toshiba-print\/#primaryimage"},"thumbnailUrl":"https:\/\/www.belgraf.com\/wp-content\/uploads\/2023\/02\/Impresoras-Zebra.jpg","datePublished":"2023-02-24T11:27:08+00:00","dateModified":"2023-02-28T14:39:30+00:00","breadcrumb":{"@id":"https:\/\/www.belgraf.com\/impresoras-de-etiquetas\/toshiba-print\/#breadcrumb"},"inLanguage":"en-GB","potentialAction":[{"@type":"ReadAction","target":["https:\/\/www.belgraf.com\/impresoras-de-etiquetas\/toshiba-print\/"]}]},{"@type":"ImageObject","inLanguage":"en-GB","@id":"https:\/\/www.belgraf.com\/impresoras-de-etiquetas\/toshiba-print\/#primaryimage","url":"https:\/\/www.belgraf.com\/wp-content\/uploads\/2023\/02\/Impresoras-Zebra.jpg","contentUrl":"https:\/\/www.belgraf.com\/wp-content\/uploads\/2023\/02\/Impresoras-Zebra.jpg","width":768,"height":432},{"@type":"BreadcrumbList","@id":"https:\/\/www.belgraf.com\/impresoras-de-etiquetas\/toshiba-print\/#breadcrumb","itemListElement":[{"@type":"ListItem","position":1,"name":"Portada","item":"https:\/\/www.belgraf.com\/"},{"@type":"ListItem","position":2,"name":"Impresoras de Etiquetas","item":"https:\/\/www.belgraf.com\/impresoras-de-etiquetas\/"},{"@type":"ListItem","position":3,"name":"Impresoras y Sistemas P&#038;A Toshiba"}]},{"@type":"WebSite","@id":"https:\/\/www.belgraf.com\/#website","url":"https:\/\/www.belgraf.com\/","name":"Iberian Belgraf","description":"Industrial coding and marking consultants","publisher":{"@id":"https:\/\/www.belgraf.com\/#organization"},"potentialAction":[{"@type":"SearchAction","target":{"@type":"EntryPoint","urlTemplate":"https:\/\/www.belgraf.com\/?s={search_term_string}"},"query-input":{"@type":"PropertyValueSpecification","valueRequired":true,"valueName":"search_term_string"}}],"inLanguage":"en-GB"},{"@type":"Organization","@id":"https:\/\/www.belgraf.com\/#organization","name":"Iberian Belgraf","url":"https:\/\/www.belgraf.com\/","logo":{"@type":"ImageObject","inLanguage":"en-GB","@id":"https:\/\/www.belgraf.com\/#\/schema\/logo\/image\/","url":"https:\/\/www.belgraf.com\/wp-content\/uploads\/2020\/06\/IconLogo.png","contentUrl":"https:\/\/www.belgraf.com\/wp-content\/uploads\/2020\/06\/IconLogo.png","width":35,"height":23,"caption":"Belgraf Ib\u00e9rica"},"image":{"@id":"https:\/\/www.belgraf.com\/#\/schema\/logo\/image\/"},"sameAs":["https:\/\/www.linkedin.com\/company\/75032102"]}]}},"_links":{"self":[{"href":"https:\/\/www.belgraf.com\/en\/wp-json\/wp\/v2\/pages\/2553","targetHints":{"allow":["GET"]}}],"collection":[{"href":"https:\/\/www.belgraf.com\/en\/wp-json\/wp\/v2\/pages"}],"about":[{"href":"https:\/\/www.belgraf.com\/en\/wp-json\/wp\/v2\/types\/page"}],"author":[{"embeddable":true,"href":"https:\/\/www.belgraf.com\/en\/wp-json\/wp\/v2\/users\/3"}],"replies":[{"embeddable":true,"href":"https:\/\/www.belgraf.com\/en\/wp-json\/wp\/v2\/comments?post=2553"}],"version-history":[{"count":17,"href":"https:\/\/www.belgraf.com\/en\/wp-json\/wp\/v2\/pages\/2553\/revisions"}],"predecessor-version":[{"id":2638,"href":"https:\/\/www.belgraf.com\/en\/wp-json\/wp\/v2\/pages\/2553\/revisions\/2638"}],"up":[{"embeddable":true,"href":"https:\/\/www.belgraf.com\/en\/wp-json\/wp\/v2\/pages\/1028"}],"wp:featuredmedia":[{"embeddable":true,"href":"https:\/\/www.belgraf.com\/en\/wp-json\/wp\/v2\/media\/2430"}],"wp:attachment":[{"href":"https:\/\/www.belgraf.com\/en\/wp-json\/wp\/v2\/media?parent=2553"}],"curies":[{"name":"wp","href":"https:\/\/api.w.org\/{rel}","templated":true}]}}