{"id":3104,"date":"2023-03-10T13:00:36","date_gmt":"2023-03-10T12:00:36","guid":{"rendered":"https:\/\/www.belgraf.com\/?page_id=3104"},"modified":"2023-03-23T16:06:35","modified_gmt":"2023-03-23T15:06:35","slug":"impresoras-cab","status":"publish","type":"page","link":"https:\/\/www.belgraf.com\/en\/impresoras-de-etiquetas\/impresoras-cab\/","title":{"rendered":"Impresoras CAB"},"content":{"rendered":"<div class=\"wpb-content-wrapper\"><div      class=\"vc_row wpb_row section vc_row-fluid  vc_custom_1582786716676 grid_section\" style=' text-align:left;'><div class=\"section_inner clearfix\"><div class='section_inner_margin clearfix'><div class=\"wpb_column vc_column_container vc_col-sm-12\"><div class=\"vc_column-inner\"><div class=\"wpb_wrapper\">\r\n\t<div class=\"wpb_single_image wpb_content_element vc_align_center  vc_custom_1678448393848\">\r\n\t\t<div class=\"wpb_wrapper\">\r\n\t\t\t\r\n\t\t\t<div class=\"vc_single_image-wrapper   vc_box_border_grey\"><img loading=\"lazy\" decoding=\"async\" width=\"180\" height=\"65\" src=\"https:\/\/www.belgraf.com\/wp-content\/uploads\/2020\/01\/cab.jpg\" class=\"vc_single_image-img attachment-full\" alt=\"\" title=\"cab\" \/><\/div>\r\n\t\t<\/div>\r\n\t<\/div>\r\n<\/div><\/div><\/div><\/div><\/div><\/div><div      class=\"vc_row wpb_row section vc_row-fluid  vc_custom_1582786716676 grid_section\" style=' text-align:left;'><div class=\"section_inner clearfix\"><div class='section_inner_margin clearfix'><div class=\"wpb_column vc_column_container vc_col-sm-12\"><div class=\"vc_column-inner\"><div class=\"wpb_wrapper\">\n\t<div class=\"wpb_text_column wpb_content_element  vc_custom_1678448301013\">\n\t\t<div class=\"wpb_wrapper\">\n\t\t\t<h1 style=\"text-align: center;\">Impresoras CAB<\/h1>\n\n\t\t<\/div> \n\t<\/div> <div class=\"separator  small center\" style=\"margin-top: 7px;margin-bottom: 38px;width: 100px;\"><\/div>\n<\/div><\/div><\/div><\/div><\/div><\/div><div      class=\"vc_row wpb_row section vc_row-fluid\" style=' text-align:left;'><div class=\"full_section_inner clearfix\"><div class=\"wpb_column vc_column_container vc_col-sm-3\"><div class=\"vc_column-inner\"><div class=\"wpb_wrapper\"><\/div><\/div><\/div><div class=\"wpb_column vc_column_container vc_col-sm-6\"><div class=\"vc_column-inner vc_custom_1582786807544\"><div class=\"wpb_wrapper\">\t<div class=\"vc_empty_space\"  style=\"height: 32px\" ><span\r\n\t\t\tclass=\"vc_empty_space_inner\">\r\n\t\t\t<span class=\"empty_space_image\"  ><\/span>\r\n\t\t<\/span><\/div>\r\n\n\n\t<div class=\"wpb_text_column wpb_content_element\">\n\t\t<div class=\"wpb_wrapper\">\n\t\t\t<h5 style=\"text-align: center;\">Impresoras de sobremesa econ\u00f3micas<\/h5>\n\n\t\t<\/div> \n\t<\/div> \n\t<div class=\"wpb_text_column wpb_content_element\">\n\t\t<div class=\"wpb_wrapper\">\n\t\t\t<table>\n<tbody>\n<tr>\n<td width=\"30%\">&nbsp;<\/p>\n<p><a href=\"https:\/\/www.belgraf.com\/en\/impresoras-de-etiquetas\/impresoras-cab\/mach1-mach2\/\"><img loading=\"lazy\" decoding=\"async\" class=\"alignnone wp-image-3105 size-full\" src=\"https:\/\/www.belgraf.com\/wp-content\/uploads\/2023\/03\/cab-1.png\" alt=\"\" width=\"200\" height=\"200\" srcset=\"https:\/\/www.belgraf.com\/wp-content\/uploads\/2023\/03\/cab-1.png 200w, https:\/\/www.belgraf.com\/wp-content\/uploads\/2023\/03\/cab-1-150x150.png 150w, https:\/\/www.belgraf.com\/wp-content\/uploads\/2023\/03\/cab-1-12x12.png 12w\" sizes=\"auto, (max-width: 200px) 100vw, 200px\" \/><\/a><\/td>\n<td width=\"70%\"><a href=\"https:\/\/www.belgraf.com\/en\/impresoras-de-etiquetas\/impresoras-cab\/mach1-mach2\/\"><br \/>\n<strong>MACH1\/MACH2 &#8211; para aplicaciones de sobremesa<\/strong><br \/>\n<\/a>Impresora de sobremesa de 4\u201c, fiable y con tecnolog\u00eda probada. MACH1 con teclas de mando e indicador LED, MACH2 con pantalla a color LCD y teclado de navegaci\u00f3n.<\/td>\n<\/tr>\n<tr>\n<td width=\"30%\">&nbsp;<\/p>\n<p><a href=\"https:\/\/www.belgraf.com\/en\/impresoras-de-etiquetas\/impresoras-cab\/eos2\/\"><img loading=\"lazy\" decoding=\"async\" class=\"alignnone wp-image-3187 size-full\" src=\"https:\/\/www.belgraf.com\/wp-content\/uploads\/2023\/03\/eos1.jpg\" alt=\"\" width=\"233\" height=\"167\" srcset=\"https:\/\/www.belgraf.com\/wp-content\/uploads\/2023\/03\/eos1.jpg 233w, https:\/\/www.belgraf.com\/wp-content\/uploads\/2023\/03\/eos1-18x12.jpg 18w\" sizes=\"auto, (max-width: 233px) 100vw, 233px\" \/><\/a><\/td>\n<td width=\"70%\"><a href=\"https:\/\/www.belgraf.com\/en\/impresoras-de-etiquetas\/impresoras-cab\/eos2\/\"><br \/>\n<strong>EOS2\/EOS5 &#8211; Con el m\u00e1ximo confort de manejo<\/strong><br \/>\n<\/a>EOS2 para carretes de etiquetas de hasta 152 mm de di\u00e1metro. EOS5 de hasta 203 mm de di\u00e1metro. Tambi\u00e9n disponible como versi\u00f3n m\u00f3vil.<\/td>\n<\/tr>\n<tr>\n<td width=\"30%\">&nbsp;<\/p>\n<p><a href=\"https:\/\/www.belgraf.com\/en\/impresoras-de-etiquetas\/impresoras-cab\/mach4\/\"><img loading=\"lazy\" decoding=\"async\" class=\"alignnone wp-image-3208 size-full\" src=\"https:\/\/www.belgraf.com\/wp-content\/uploads\/2023\/03\/mach41.jpg\" alt=\"\" width=\"233\" height=\"247\" srcset=\"https:\/\/www.belgraf.com\/wp-content\/uploads\/2023\/03\/mach41.jpg 233w, https:\/\/www.belgraf.com\/wp-content\/uploads\/2023\/03\/mach41-11x12.jpg 11w\" sizes=\"auto, (max-width: 233px) 100vw, 233px\" \/><\/a><\/td>\n<td width=\"70%\"><a href=\"https:\/\/www.belgraf.com\/en\/impresoras-de-etiquetas\/impresoras-cab\/mach4\/\"><br \/>\n<strong>MACH 4S &#8211; Para aplicaciones industriales<\/strong><br \/>\n<\/a>Las MACH 4S cuentan con todas las funciones de una impresora industrial de alta calidad con un amplio rango de aplicaciones. Las etiquetas y los ribbons se insertan c\u00f3modamente desde arriba.<\/td>\n<\/tr>\n<\/tbody>\n<\/table>\n\n\t\t<\/div> \n\t<\/div> <\/div><\/div><\/div><div class=\"wpb_column vc_column_container vc_col-sm-3\"><div class=\"vc_column-inner\"><div class=\"wpb_wrapper\"><\/div><\/div><\/div><\/div><\/div><div      class=\"vc_row wpb_row section vc_row-fluid\" style=' text-align:left;'><div class=\"full_section_inner clearfix\"><div class=\"wpb_column vc_column_container vc_col-sm-3\"><div class=\"vc_column-inner\"><div class=\"wpb_wrapper\"><\/div><\/div><\/div><div class=\"wpb_column vc_column_container vc_col-sm-6\"><div class=\"vc_column-inner vc_custom_1582786807544\"><div class=\"wpb_wrapper\"><div class=\"separator  normal\" style=\"\"><\/div>\n\t<div class=\"vc_empty_space\"  style=\"height: 32px\" ><span\r\n\t\t\tclass=\"vc_empty_space_inner\">\r\n\t\t\t<span class=\"empty_space_image\"  ><\/span>\r\n\t\t<\/span><\/div>\r\n\n\n\t<div class=\"wpb_text_column wpb_content_element\">\n\t\t<div class=\"wpb_wrapper\">\n\t\t\t<h5 class=\"zwischenueberschrift\" style=\"text-align: center;\">Impresoras industriales con gu\u00eda de material alineada a la izquierda<\/h5>\n\n\t\t<\/div> \n\t<\/div> \n\t<div class=\"wpb_text_column wpb_content_element\">\n\t\t<div class=\"wpb_wrapper\">\n\t\t\t<table>\n<tbody>\n<tr>\n<td width=\"30%\">&nbsp;<\/p>\n<p><a href=\"https:\/\/www.belgraf.com\/en\/impresoras-de-etiquetas\/impresoras-cab\/squix-4-3td\/\"><img loading=\"lazy\" decoding=\"async\" class=\"alignnone wp-image-3105 size-full\" src=\"https:\/\/www.belgraf.com\/wp-content\/uploads\/2023\/03\/cab-4.png\" alt=\"\" width=\"200\" height=\"200\" \/><\/a><\/td>\n<td width=\"70%\"><a href=\"https:\/\/www.belgraf.com\/en\/impresoras-de-etiquetas\/impresoras-cab\/squix-4-3td\/\"><br \/>\n<strong>SQUIX 4.3 TD \/ 4.3 PTD &#8211; Impresora t\u00e9rmica directa con gu\u00eda de material a la izquierda<\/strong><\/a><br \/>\nLas impresoras de etiquetas para la impresi\u00f3n t\u00e9rmica directa como dispositivo b\u00e1sico con un placa de corte manual o dispositivo dispensador con rebobinador interno.<\/td>\n<\/tr>\n<tr>\n<td width=\"30%\">&nbsp;<\/p>\n<p><a href=\"https:\/\/www.belgraf.com\/en\/impresoras-de-etiquetas\/impresoras-cab\/squix-4\/\"><img loading=\"lazy\" decoding=\"async\" class=\"alignnone wp-image-3235 size-full\" src=\"https:\/\/www.belgraf.com\/wp-content\/uploads\/2023\/03\/squix-4lb.jpg\" alt=\"\" width=\"178\" height=\"152\" srcset=\"https:\/\/www.belgraf.com\/wp-content\/uploads\/2023\/03\/squix-4lb.jpg 178w, https:\/\/www.belgraf.com\/wp-content\/uploads\/2023\/03\/squix-4lb-14x12.jpg 14w\" sizes=\"auto, (max-width: 178px) 100vw, 178px\" \/><\/a><\/td>\n<td width=\"70%\"><a href=\"https:\/\/www.belgraf.com\/en\/impresoras-de-etiquetas\/impresoras-cab\/squix-4\/\"><br \/>\n<strong>SQUIX &#8211; Para aplicaciones industriales<\/strong><br \/>\n<\/a><br \/>\nLas impresoras industriales profesionales utilizan en una amplia gama de aplicaciones. Su desarrollo est\u00e1 orientado de manera consecuente a ofrecer un manejo sencillo e intuitivo y una alta fiabilidad.<\/td>\n<\/tr>\n<\/tbody>\n<\/table>\n\n\t\t<\/div> \n\t<\/div> <\/div><\/div><\/div><div class=\"wpb_column vc_column_container vc_col-sm-3\"><div class=\"vc_column-inner\"><div class=\"wpb_wrapper\"><\/div><\/div><\/div><\/div><\/div><div      class=\"vc_row wpb_row section vc_row-fluid\" style=' text-align:left;'><div class=\"full_section_inner clearfix\"><div class=\"wpb_column vc_column_container vc_col-sm-3\"><div class=\"vc_column-inner\"><div class=\"wpb_wrapper\"><\/div><\/div><\/div><div class=\"wpb_column vc_column_container vc_col-sm-6\"><div class=\"vc_column-inner vc_custom_1582786807544\"><div class=\"wpb_wrapper\"><div class=\"separator  normal\" style=\"\"><\/div>\n\t<div class=\"vc_empty_space\"  style=\"height: 32px\" ><span\r\n\t\t\tclass=\"vc_empty_space_inner\">\r\n\t\t\t<span class=\"empty_space_image\"  ><\/span>\r\n\t\t<\/span><\/div>\r\n\n\n\t<div class=\"wpb_text_column wpb_content_element\">\n\t\t<div class=\"wpb_wrapper\">\n\t\t\t<h5 style=\"text-align: center;\">Impresoras de etiquetas con gu\u00eda de material centrada<\/h5>\n\n\t\t<\/div> \n\t<\/div> \n\t<div class=\"wpb_text_column wpb_content_element\">\n\t\t<div class=\"wpb_wrapper\">\n\t\t\t<table>\n<tbody>\n<tr>\n<td width=\"30%\"><a href=\"https:\/\/www.belgraf.com\/en\/impresoras-de-etiquetas\/impresoras-cab\/impresoras-cab-squix-4m\/\"><br \/>\n<img loading=\"lazy\" decoding=\"async\" class=\"alignnone wp-image-3105 size-full\" src=\"https:\/\/www.belgraf.com\/wp-content\/uploads\/2023\/03\/cab-7.png\" alt=\"\" width=\"200\" height=\"200\" \/><br \/>\n<\/a><\/td>\n<td width=\"70%\"><a href=\"https:\/\/www.belgraf.com\/en\/impresoras-de-etiquetas\/impresoras-cab\/impresoras-cab-squix-4m\/\"><br \/>\n<strong>SQUIX 4 M &#8211; En especial para etiquetas muy peque\u00f1as o material continuo estrecho<\/strong><\/a><br \/>\nSe puede imprimir en todos los materiales enrollados en carretes o bobinas o con plegado de Leporello. En especial, etiquetas muy peque\u00f1as o material continuo estrecho como tubos aplanados.<\/td>\n<\/tr>\n<tr>\n<td width=\"30%\">&nbsp;<\/p>\n<p><a href=\"https:\/\/www.belgraf.com\/en\/impresoras-de-etiquetas\/impresoras-cab\/impresoras-cab-squix-4mt\/\"><img loading=\"lazy\" decoding=\"async\" class=\"alignnone wp-image-3105 size-full\" src=\"https:\/\/www.belgraf.com\/wp-content\/uploads\/2023\/03\/cab-8.png\" alt=\"\" width=\"200\" height=\"200\" \/><\/a><\/td>\n<td width=\"70%\"><a href=\"https:\/\/www.belgraf.com\/en\/impresoras-de-etiquetas\/impresoras-cab\/impresoras-cab-squix-4mt\/\"><br \/>\n<strong>SQUIX 4 MT &#8211; En especial para materiales textiles continuo<\/strong><br \/>\n<\/a>Debido a la energ\u00eda que genera alta temperatura al imprimir y las cargas electrost\u00e1ticas del material de la cinta podr\u00edan pegarse a la etiqueta textil. Un separador garantiza evitar esto.<\/td>\n<\/tr>\n<tr>\n<td width=\"30%\">&nbsp;<\/p>\n<p><a href=\"https:\/\/www.belgraf.com\/en\/impresoras-de-etiquetas\/impresoras-cab\/impresoras-cab-squix-4mr\/\"><img loading=\"lazy\" decoding=\"async\" class=\"alignnone wp-image-3105 size-full\" src=\"https:\/\/www.belgraf.com\/wp-content\/uploads\/2023\/03\/cab-9.png\" alt=\"\" width=\"200\" height=\"200\" \/><\/a><\/td>\n<td width=\"70%\"><a href=\"https:\/\/www.belgraf.com\/en\/impresoras-de-etiquetas\/impresoras-cab\/impresoras-cab-squix-4mr\/\"><br \/>\n<strong>SQUIX UHF RFID &#8211; Ofrece la m\u00e1xima fiabilidad en la escritura y proceso de impresi\u00f3n de etiquetas RFID<\/strong><br \/>\n<\/a>Hay tres m\u00f3dulos RFID UHF opcionales, cada uno optimizado para una clase espec\u00edfica de etiquetas RFID: RFID tags normales, on-metal RFID tags y mini RFID tags.<\/td>\n<\/tr>\n<\/tbody>\n<\/table>\n\n\t\t<\/div> \n\t<\/div> <\/div><\/div><\/div><div class=\"wpb_column vc_column_container vc_col-sm-3\"><div class=\"vc_column-inner\"><div class=\"wpb_wrapper\"><\/div><\/div><\/div><\/div><\/div><div      class=\"vc_row wpb_row section vc_row-fluid\" style=' text-align:left;'><div class=\"full_section_inner clearfix\"><div class=\"wpb_column vc_column_container vc_col-sm-3\"><div class=\"vc_column-inner\"><div class=\"wpb_wrapper\"><\/div><\/div><\/div><div class=\"wpb_column vc_column_container vc_col-sm-6\"><div class=\"vc_column-inner vc_custom_1582786807544\"><div class=\"wpb_wrapper\"><div class=\"separator  normal\" style=\"\"><\/div>\n\n\t<div class=\"wpb_text_column wpb_content_element\">\n\t\t<div class=\"wpb_wrapper\">\n\t\t\t<h5 style=\"text-align: center;\">Impresoras de doble cabezal<\/h5>\n\n\t\t<\/div> \n\t<\/div> \t<div class=\"vc_empty_space\"  style=\"height: 32px\" ><span\r\n\t\t\tclass=\"vc_empty_space_inner\">\r\n\t\t\t<span class=\"empty_space_image\"  ><\/span>\r\n\t\t<\/span><\/div>\r\n\n\n\t<div class=\"wpb_text_column wpb_content_element\">\n\t\t<div class=\"wpb_wrapper\">\n\t\t\t<table>\n<tbody>\n<tr>\n<td width=\"30%\">&nbsp;<\/p>\n<p><a href=\"https:\/\/www.belgraf.com\/en\/impresoras-de-etiquetas\/impresoras-cab\/xc\/\"><img loading=\"lazy\" decoding=\"async\" class=\"alignnone wp-image-3291 size-full\" src=\"https:\/\/www.belgraf.com\/wp-content\/uploads\/2023\/03\/xcq4_231.jpg\" alt=\"\" width=\"240\" height=\"231\" srcset=\"https:\/\/www.belgraf.com\/wp-content\/uploads\/2023\/03\/xcq4_231.jpg 240w, https:\/\/www.belgraf.com\/wp-content\/uploads\/2023\/03\/xcq4_231-12x12.jpg 12w\" sizes=\"auto, (max-width: 240px) 100vw, 240px\" \/><\/a><\/td>\n<td width=\"70%\"><a href=\"https:\/\/www.belgraf.com\/en\/impresoras-de-etiquetas\/impresoras-cab\/xc\/\"><br \/>\n<strong>XC serie &#8211; Para impresi\u00f3n de dos colores<\/strong><br \/>\n<\/a><br \/>\nDos mecanismos de impresi\u00f3n de transferencia t\u00e9rmica, dispuestos uno detr\u00e1s del otro, para imprimir simult\u00e1neamente con dos colores en una etiqueta<\/td>\n<\/tr>\n<tr>\n<td width=\"30%\">&nbsp;<\/p>\n<p><a href=\"https:\/\/www.belgraf.com\/en\/impresoras-de-etiquetas\/impresoras-cab\/xd\/\"><img loading=\"lazy\" decoding=\"async\" class=\"alignnone wp-image-3285 size-full\" src=\"https:\/\/www.belgraf.com\/wp-content\/uploads\/2023\/03\/xdq_abreisskante_280.jpg\" alt=\"\" width=\"280\" height=\"262\" srcset=\"https:\/\/www.belgraf.com\/wp-content\/uploads\/2023\/03\/xdq_abreisskante_280.jpg 280w, https:\/\/www.belgraf.com\/wp-content\/uploads\/2023\/03\/xdq_abreisskante_280-13x12.jpg 13w\" sizes=\"auto, (max-width: 280px) 100vw, 280px\" \/><\/a><\/td>\n<td width=\"70%\"><a href=\"https:\/\/www.belgraf.com\/en\/impresoras-de-etiquetas\/impresoras-cab\/xd\/\"><br \/>\n<strong>XD Q &#8211; Imprime a doble cara en una sola operaci\u00f3n<\/strong><br \/>\n<\/a><br \/>\nLa impresora XD Q tiene dos cabezales de impresi\u00f3n. Tras la impresi\u00f3n,una escobilla disipa la carga electrost\u00e1tica. Cuando se imprime con alta energ\u00eda calor\u00edfica, un separador garantiza la fiabilidad del proceso al separar de forma segura el ribbon del material.<\/td>\n<\/tr>\n<\/tbody>\n<\/table>\n\n\t\t<\/div> \n\t<\/div> <\/div><\/div><\/div><div class=\"wpb_column vc_column_container vc_col-sm-3\"><div class=\"vc_column-inner\"><div class=\"wpb_wrapper\"><\/div><\/div><\/div><\/div><\/div>\n<\/div>","protected":false},"excerpt":{"rendered":"Impresoras CAB Impresoras de sobremesa econ\u00f3micas &nbsp; MACH1\/MACH2 - para aplicaciones de sobremesa Impresora de sobremesa de 4\u201c, fiable y con tecnolog\u00eda probada. MACH1 con teclas de mando e indicador LED, MACH2 con pantalla a color LCD y teclado de navegaci\u00f3n. &nbsp; EOS2\/EOS5 - Con...","protected":false},"author":3,"featured_media":3109,"parent":1028,"menu_order":0,"comment_status":"closed","ping_status":"closed","template":"","meta":{"footnotes":""},"class_list":["post-3104","page","type-page","status-publish","has-post-thumbnail","hentry"],"yoast_head":"<!-- This site is optimized with the Yoast SEO plugin v26.1 - https:\/\/yoast.com\/wordpress\/plugins\/seo\/ -->\n<title>Impresoras CAB - Belgraf Ib\u00e9rica<\/title>\n<meta name=\"robots\" content=\"index, follow, max-snippet:-1, max-image-preview:large, max-video-preview:-1\" \/>\n<link rel=\"canonical\" href=\"https:\/\/www.belgraf.com\/en\/impresoras-de-etiquetas\/impresoras-cab\/\" \/>\n<meta property=\"og:locale\" content=\"en_GB\" \/>\n<meta property=\"og:type\" content=\"article\" \/>\n<meta property=\"og:title\" content=\"Impresoras CAB - Belgraf Ib\u00e9rica\" \/>\n<meta property=\"og:url\" content=\"https:\/\/www.belgraf.com\/en\/impresoras-de-etiquetas\/impresoras-cab\/\" \/>\n<meta property=\"og:site_name\" content=\"Belgraf Ib\u00e9rica\" \/>\n<meta property=\"article:modified_time\" content=\"2023-03-23T15:06:35+00:00\" \/>\n<meta property=\"og:image\" content=\"https:\/\/www.belgraf.com\/wp-content\/uploads\/2023\/03\/cab-5.png\" \/>\n\t<meta property=\"og:image:width\" content=\"200\" \/>\n\t<meta property=\"og:image:height\" content=\"173\" \/>\n\t<meta property=\"og:image:type\" content=\"image\/png\" \/>\n<meta name=\"twitter:card\" content=\"summary_large_image\" \/>\n<meta name=\"twitter:label1\" content=\"Estimated reading time\" \/>\n\t<meta name=\"twitter:data1\" content=\"4 minutes\" \/>\n<script type=\"application\/ld+json\" class=\"yoast-schema-graph\">{\"@context\":\"https:\/\/schema.org\",\"@graph\":[{\"@type\":\"WebPage\",\"@id\":\"https:\/\/www.belgraf.com\/impresoras-de-etiquetas\/impresoras-cab\/\",\"url\":\"https:\/\/www.belgraf.com\/impresoras-de-etiquetas\/impresoras-cab\/\",\"name\":\"Impresoras CAB - Belgraf Ib\u00e9rica\",\"isPartOf\":{\"@id\":\"https:\/\/www.belgraf.com\/#website\"},\"primaryImageOfPage\":{\"@id\":\"https:\/\/www.belgraf.com\/impresoras-de-etiquetas\/impresoras-cab\/#primaryimage\"},\"image\":{\"@id\":\"https:\/\/www.belgraf.com\/impresoras-de-etiquetas\/impresoras-cab\/#primaryimage\"},\"thumbnailUrl\":\"https:\/\/www.belgraf.com\/wp-content\/uploads\/2023\/03\/cab-5.png\",\"datePublished\":\"2023-03-10T12:00:36+00:00\",\"dateModified\":\"2023-03-23T15:06:35+00:00\",\"breadcrumb\":{\"@id\":\"https:\/\/www.belgraf.com\/impresoras-de-etiquetas\/impresoras-cab\/#breadcrumb\"},\"inLanguage\":\"en-GB\",\"potentialAction\":[{\"@type\":\"ReadAction\",\"target\":[\"https:\/\/www.belgraf.com\/impresoras-de-etiquetas\/impresoras-cab\/\"]}]},{\"@type\":\"ImageObject\",\"inLanguage\":\"en-GB\",\"@id\":\"https:\/\/www.belgraf.com\/impresoras-de-etiquetas\/impresoras-cab\/#primaryimage\",\"url\":\"https:\/\/www.belgraf.com\/wp-content\/uploads\/2023\/03\/cab-5.png\",\"contentUrl\":\"https:\/\/www.belgraf.com\/wp-content\/uploads\/2023\/03\/cab-5.png\",\"width\":200,\"height\":173},{\"@type\":\"BreadcrumbList\",\"@id\":\"https:\/\/www.belgraf.com\/impresoras-de-etiquetas\/impresoras-cab\/#breadcrumb\",\"itemListElement\":[{\"@type\":\"ListItem\",\"position\":1,\"name\":\"Portada\",\"item\":\"https:\/\/www.belgraf.com\/\"},{\"@type\":\"ListItem\",\"position\":2,\"name\":\"Impresoras de Etiquetas\",\"item\":\"https:\/\/www.belgraf.com\/impresoras-de-etiquetas\/\"},{\"@type\":\"ListItem\",\"position\":3,\"name\":\"Impresoras CAB\"}]},{\"@type\":\"WebSite\",\"@id\":\"https:\/\/www.belgraf.com\/#website\",\"url\":\"https:\/\/www.belgraf.com\/\",\"name\":\"Belgraf Ib\u00e9rica\",\"description\":\"Asesores en marcaje y codificaci\u00f3n Industrial\",\"publisher\":{\"@id\":\"https:\/\/www.belgraf.com\/#organization\"},\"potentialAction\":[{\"@type\":\"SearchAction\",\"target\":{\"@type\":\"EntryPoint\",\"urlTemplate\":\"https:\/\/www.belgraf.com\/?s={search_term_string}\"},\"query-input\":{\"@type\":\"PropertyValueSpecification\",\"valueRequired\":true,\"valueName\":\"search_term_string\"}}],\"inLanguage\":\"en-GB\"},{\"@type\":\"Organization\",\"@id\":\"https:\/\/www.belgraf.com\/#organization\",\"name\":\"Belgraf Ib\u00e9rica\",\"url\":\"https:\/\/www.belgraf.com\/\",\"logo\":{\"@type\":\"ImageObject\",\"inLanguage\":\"en-GB\",\"@id\":\"https:\/\/www.belgraf.com\/#\/schema\/logo\/image\/\",\"url\":\"https:\/\/www.belgraf.com\/wp-content\/uploads\/2020\/06\/IconLogo.png\",\"contentUrl\":\"https:\/\/www.belgraf.com\/wp-content\/uploads\/2020\/06\/IconLogo.png\",\"width\":35,\"height\":23,\"caption\":\"Belgraf Ib\u00e9rica\"},\"image\":{\"@id\":\"https:\/\/www.belgraf.com\/#\/schema\/logo\/image\/\"},\"sameAs\":[\"https:\/\/www.linkedin.com\/company\/75032102\"]}]}<\/script>\n<!-- \/ Yoast SEO plugin. -->","yoast_head_json":{"title":"Impresoras CAB - Belgraf Ib\u00e9rica","robots":{"index":"index","follow":"follow","max-snippet":"max-snippet:-1","max-image-preview":"max-image-preview:large","max-video-preview":"max-video-preview:-1"},"canonical":"https:\/\/www.belgraf.com\/en\/impresoras-de-etiquetas\/impresoras-cab\/","og_locale":"en_GB","og_type":"article","og_title":"Impresoras CAB - Belgraf Ib\u00e9rica","og_url":"https:\/\/www.belgraf.com\/en\/impresoras-de-etiquetas\/impresoras-cab\/","og_site_name":"Belgraf Ib\u00e9rica","article_modified_time":"2023-03-23T15:06:35+00:00","og_image":[{"width":200,"height":173,"url":"https:\/\/www.belgraf.com\/wp-content\/uploads\/2023\/03\/cab-5.png","type":"image\/png"}],"twitter_card":"summary_large_image","twitter_misc":{"Estimated reading time":"4 minutes"},"schema":{"@context":"https:\/\/schema.org","@graph":[{"@type":"WebPage","@id":"https:\/\/www.belgraf.com\/impresoras-de-etiquetas\/impresoras-cab\/","url":"https:\/\/www.belgraf.com\/impresoras-de-etiquetas\/impresoras-cab\/","name":"Impresoras CAB - Belgraf Ib\u00e9rica","isPartOf":{"@id":"https:\/\/www.belgraf.com\/#website"},"primaryImageOfPage":{"@id":"https:\/\/www.belgraf.com\/impresoras-de-etiquetas\/impresoras-cab\/#primaryimage"},"image":{"@id":"https:\/\/www.belgraf.com\/impresoras-de-etiquetas\/impresoras-cab\/#primaryimage"},"thumbnailUrl":"https:\/\/www.belgraf.com\/wp-content\/uploads\/2023\/03\/cab-5.png","datePublished":"2023-03-10T12:00:36+00:00","dateModified":"2023-03-23T15:06:35+00:00","breadcrumb":{"@id":"https:\/\/www.belgraf.com\/impresoras-de-etiquetas\/impresoras-cab\/#breadcrumb"},"inLanguage":"en-GB","potentialAction":[{"@type":"ReadAction","target":["https:\/\/www.belgraf.com\/impresoras-de-etiquetas\/impresoras-cab\/"]}]},{"@type":"ImageObject","inLanguage":"en-GB","@id":"https:\/\/www.belgraf.com\/impresoras-de-etiquetas\/impresoras-cab\/#primaryimage","url":"https:\/\/www.belgraf.com\/wp-content\/uploads\/2023\/03\/cab-5.png","contentUrl":"https:\/\/www.belgraf.com\/wp-content\/uploads\/2023\/03\/cab-5.png","width":200,"height":173},{"@type":"BreadcrumbList","@id":"https:\/\/www.belgraf.com\/impresoras-de-etiquetas\/impresoras-cab\/#breadcrumb","itemListElement":[{"@type":"ListItem","position":1,"name":"Portada","item":"https:\/\/www.belgraf.com\/"},{"@type":"ListItem","position":2,"name":"Impresoras de Etiquetas","item":"https:\/\/www.belgraf.com\/impresoras-de-etiquetas\/"},{"@type":"ListItem","position":3,"name":"Impresoras CAB"}]},{"@type":"WebSite","@id":"https:\/\/www.belgraf.com\/#website","url":"https:\/\/www.belgraf.com\/","name":"Iberian Belgraf","description":"Industrial coding and marking consultants","publisher":{"@id":"https:\/\/www.belgraf.com\/#organization"},"potentialAction":[{"@type":"SearchAction","target":{"@type":"EntryPoint","urlTemplate":"https:\/\/www.belgraf.com\/?s={search_term_string}"},"query-input":{"@type":"PropertyValueSpecification","valueRequired":true,"valueName":"search_term_string"}}],"inLanguage":"en-GB"},{"@type":"Organization","@id":"https:\/\/www.belgraf.com\/#organization","name":"Iberian Belgraf","url":"https:\/\/www.belgraf.com\/","logo":{"@type":"ImageObject","inLanguage":"en-GB","@id":"https:\/\/www.belgraf.com\/#\/schema\/logo\/image\/","url":"https:\/\/www.belgraf.com\/wp-content\/uploads\/2020\/06\/IconLogo.png","contentUrl":"https:\/\/www.belgraf.com\/wp-content\/uploads\/2020\/06\/IconLogo.png","width":35,"height":23,"caption":"Belgraf Ib\u00e9rica"},"image":{"@id":"https:\/\/www.belgraf.com\/#\/schema\/logo\/image\/"},"sameAs":["https:\/\/www.linkedin.com\/company\/75032102"]}]}},"_links":{"self":[{"href":"https:\/\/www.belgraf.com\/en\/wp-json\/wp\/v2\/pages\/3104","targetHints":{"allow":["GET"]}}],"collection":[{"href":"https:\/\/www.belgraf.com\/en\/wp-json\/wp\/v2\/pages"}],"about":[{"href":"https:\/\/www.belgraf.com\/en\/wp-json\/wp\/v2\/types\/page"}],"author":[{"embeddable":true,"href":"https:\/\/www.belgraf.com\/en\/wp-json\/wp\/v2\/users\/3"}],"replies":[{"embeddable":true,"href":"https:\/\/www.belgraf.com\/en\/wp-json\/wp\/v2\/comments?post=3104"}],"version-history":[{"count":24,"href":"https:\/\/www.belgraf.com\/en\/wp-json\/wp\/v2\/pages\/3104\/revisions"}],"predecessor-version":[{"id":3301,"href":"https:\/\/www.belgraf.com\/en\/wp-json\/wp\/v2\/pages\/3104\/revisions\/3301"}],"up":[{"embeddable":true,"href":"https:\/\/www.belgraf.com\/en\/wp-json\/wp\/v2\/pages\/1028"}],"wp:featuredmedia":[{"embeddable":true,"href":"https:\/\/www.belgraf.com\/en\/wp-json\/wp\/v2\/media\/3109"}],"wp:attachment":[{"href":"https:\/\/www.belgraf.com\/en\/wp-json\/wp\/v2\/media?parent=3104"}],"curies":[{"name":"wp","href":"https:\/\/api.w.org\/{rel}","templated":true}]}}