{"id":3283,"date":"2023-03-23T15:35:04","date_gmt":"2023-03-23T14:35:04","guid":{"rendered":"https:\/\/www.belgraf.com\/?page_id=3283"},"modified":"2023-03-23T15:49:26","modified_gmt":"2023-03-23T14:49:26","slug":"xd","status":"publish","type":"page","link":"https:\/\/www.belgraf.com\/en\/impresoras-de-etiquetas\/impresoras-cab\/xd\/","title":{"rendered":"Impresoras CAB SQUIX XD"},"content":{"rendered":"<div class=\"wpb-content-wrapper\"><div      class=\"vc_row wpb_row section vc_row-fluid  vc_custom_1582786716676 grid_section\" style=' text-align:left;'><div class=\"section_inner clearfix\"><div class='section_inner_margin clearfix'><div class=\"wpb_column vc_column_container vc_col-sm-12\"><div class=\"vc_column-inner\"><div class=\"wpb_wrapper\">\r\n\t<div class=\"wpb_single_image wpb_content_element vc_align_center  vc_custom_1678448393848\">\r\n\t\t<div class=\"wpb_wrapper\">\r\n\t\t\t\r\n\t\t\t<div class=\"vc_single_image-wrapper   vc_box_border_grey\"><img loading=\"lazy\" decoding=\"async\" width=\"180\" height=\"65\" src=\"https:\/\/www.belgraf.com\/wp-content\/uploads\/2020\/01\/cab.jpg\" class=\"vc_single_image-img attachment-full\" alt=\"\" title=\"cab\" \/><\/div>\r\n\t\t<\/div>\r\n\t<\/div>\r\n<\/div><\/div><\/div><\/div><\/div><\/div><div      class=\"vc_row wpb_row section vc_row-fluid  vc_custom_1582786716676 grid_section\" style=' text-align:left;'><div class=\"section_inner clearfix\"><div class='section_inner_margin clearfix'><div class=\"wpb_column vc_column_container vc_col-sm-12\"><div class=\"vc_column-inner\"><div class=\"wpb_wrapper\">\n\t<div class=\"wpb_text_column wpb_content_element  vc_custom_1679582954811\">\n\t\t<div class=\"wpb_wrapper\">\n\t\t\t<h3 style=\"text-align: center;\">Impresoras de etiquetas SQUIX XD<\/h3>\n<h5 style=\"text-align: center;\">DOBLE CABEZAL PARA IMPRIMIR A 2 CARAS<\/h5>\n\n\t\t<\/div> \n\t<\/div> <div class=\"separator  small center\" style=\"margin-top: 7px;margin-bottom: 38px;width: 100px;\"><\/div>\n<\/div><\/div><\/div><\/div><\/div><\/div><div      class=\"vc_row wpb_row section vc_row-fluid\" style=' text-align:left;'><div class=\"full_section_inner clearfix\"><div class=\"wpb_column vc_column_container vc_col-sm-3\"><div class=\"vc_column-inner\"><div class=\"wpb_wrapper\"><\/div><\/div><\/div><div class=\"wpb_column vc_column_container vc_col-sm-6\"><div class=\"vc_column-inner vc_custom_1582786807544\"><div class=\"wpb_wrapper\">\t<div class=\"vc_empty_space\"  style=\"height: 32px\" ><span\r\n\t\t\tclass=\"vc_empty_space_inner\">\r\n\t\t\t<span class=\"empty_space_image\"  ><\/span>\r\n\t\t<\/span><\/div>\r\n\n\n\t<div class=\"wpb_text_column wpb_content_element\">\n\t\t<div class=\"wpb_wrapper\">\n\t\t\t<p><strong>XD Q para materiales continuos como tubos aplanados o aplicaciones textiles<\/strong><\/p>\n<p>&nbsp;<\/p>\n<p><img loading=\"lazy\" decoding=\"async\" class=\"wp-image-3285 size-full aligncenter\" src=\"https:\/\/www.belgraf.com\/wp-content\/uploads\/2023\/03\/xdq_abreisskante_280.jpg\" alt=\"\" width=\"280\" height=\"262\" srcset=\"https:\/\/www.belgraf.com\/wp-content\/uploads\/2023\/03\/xdq_abreisskante_280.jpg 280w, https:\/\/www.belgraf.com\/wp-content\/uploads\/2023\/03\/xdq_abreisskante_280-13x12.jpg 13w\" sizes=\"auto, (max-width: 280px) 100vw, 280px\" \/><\/p>\n<p>La impresora XD Q tiene dos cabezales de impresi\u00f3n. Tras la impresi\u00f3n, una escobilla disipa la carga electrost\u00e1tica.<\/p>\n<p>Cuando se imprime con alta energ\u00eda calor\u00edfica, un separador garantiza la fiabilidad del proceso al separar de forma segura el ribbon del material. Un rodillo adicional mantiene el material en tensi\u00f3n.<\/p>\n\n\t\t<\/div> \n\t<\/div> <\/div><\/div><\/div><div class=\"wpb_column vc_column_container vc_col-sm-3\"><div class=\"vc_column-inner\"><div class=\"wpb_wrapper\"><\/div><\/div><\/div><\/div><\/div><div      class=\"vc_row wpb_row section vc_row-fluid  vc_custom_1582786716676 grid_section\" style=' text-align:left;'><div class=\"section_inner clearfix\"><div class='section_inner_margin clearfix'><div class=\"wpb_column vc_column_container vc_col-sm-12\"><div class=\"vc_column-inner\"><div class=\"wpb_wrapper\">\t<div class=\"vc_empty_space\"  style=\"height: 48px\" ><span\r\n\t\t\tclass=\"vc_empty_space_inner\">\r\n\t\t\t<span class=\"empty_space_image\"  ><\/span>\r\n\t\t<\/span><\/div>\r\n\n<\/div><\/div><\/div><\/div><\/div><\/div><div      class=\"vc_row wpb_row section vc_row-fluid\" style=' text-align:left;'><div class=\"full_section_inner clearfix\"><div class=\"wpb_column vc_column_container vc_col-sm-3\"><div class=\"vc_column-inner\"><div class=\"wpb_wrapper\"><\/div><\/div><\/div><div class=\"wpb_column vc_column_container vc_col-sm-6\"><div class=\"vc_column-inner\"><div class=\"wpb_wrapper\">\n\t<div class=\"wpb_text_column wpb_content_element  vc_custom_1679582006481\">\n\t\t<div class=\"wpb_wrapper\">\n\t\t\t<table class=\"mi_tabla\" summary=\"Dati XD Q\">\n<thead>\n<tr>\n<th>Impresora de etiquetas<\/th>\n<th class=\"center\"><strong>XD Q4\/300<\/strong><\/th>\n<th class=\"center\"><strong>XD Q4.2\/600<\/strong><\/th>\n<\/tr>\n<\/thead>\n<tbody>\n<tr class=\"yellow2\">\n<td colspan=\"3\"><strong>Cabezal<\/strong><\/td>\n<\/tr>\n<tr class=\"gray\">\n<td>Principio de impresi\u00f3n<\/td>\n<td class=\"center\" colspan=\"2\">Transferencia t\u00e9rmica<\/td>\n<\/tr>\n<tr class=\"gray\">\n<td>Print resolution<span class=\"right\">dpi<\/span><\/td>\n<td class=\"center\">300<\/td>\n<td class=\"center\">600<\/td>\n<\/tr>\n<tr class=\"gray\">\n<td>Printing speed<span class=\"right\">hasta mm\/s<\/span><\/td>\n<td class=\"center\">200<\/td>\n<td class=\"center\">100<\/td>\n<\/tr>\n<tr class=\"gray\">\n<td>Printing width<span class=\"right\">hasta mm<\/span><\/td>\n<td class=\"center\">105,7<\/td>\n<td class=\"center\">54,1<\/td>\n<\/tr>\n<tr class=\"yellow2\">\n<td colspan=\"3\"><strong>Tags<\/strong><\/td>\n<\/tr>\n<tr class=\"gray\">\n<td>Di\u00e1metro exterior del carrete<span class=\"right\">hasta mm<\/span><\/td>\n<td class=\"center\" colspan=\"2\">300<\/td>\n<\/tr>\n<tr class=\"gray\">\n<td>Anchura<span class=\"right\">mm<\/span><\/td>\n<td class=\"center\" colspan=\"2\">10 &#8211; 110<\/td>\n<\/tr>\n<tr class=\"gray\">\n<td>Altura<span class=\"right\">a partir de mm<\/span><\/td>\n<td class=\"center\" colspan=\"2\">20<\/td>\n<\/tr>\n<tr class=\"yellow2\">\n<td colspan=\"3\" scope=\"row\"><strong>Ribbon<\/strong><\/td>\n<\/tr>\n<tr class=\"gray\">\n<td>Lado del color<\/td>\n<td colspan=\"2\" rowspan=\"1\">exterior o interior<\/td>\n<\/tr>\n<tr class=\"gray\">\n<td>Longitud<span class=\"right\">hasta m<\/span><\/td>\n<td class=\"center\" colspan=\"2\">600<\/td>\n<\/tr>\n<tr class=\"yellow2\">\n<td colspan=\"3\"><strong>Dimensiones y peso de la impresora<\/strong><\/td>\n<\/tr>\n<tr class=\"gray\">\n<td>Ancho x alto x fondo<span class=\"right\">mm<\/span><\/td>\n<td class=\"center\" colspan=\"2\">248 x 395 x 594<\/td>\n<\/tr>\n<tr class=\"gray\">\n<td>Weight<span class=\"right\">kg<\/span><\/td>\n<td class=\"center\" colspan=\"2\">21<\/td>\n<\/tr>\n<tr class=\"yellow2\">\n<td colspan=\"3\"><strong>Electr\u00f3nica<\/strong><\/td>\n<\/tr>\n<tr class=\"gray\">\n<td>Frecuencia de pulsos del procesador<span class=\"right\">MHz<\/span><\/td>\n<td class=\"center\" colspan=\"2\" rowspan=\"1\">800<\/td>\n<\/tr>\n<tr class=\"gray\">\n<td>Memoria de datos<span class=\"right\">MB<\/span><\/td>\n<td class=\"center\" colspan=\"2\">50<\/td>\n<\/tr>\n<tr class=\"gray\">\n<td>Memoria de trabajo RAM<span class=\"right\">MB<\/span><\/td>\n<td class=\"center\" colspan=\"2\">256<\/td>\n<\/tr>\n<tr class=\"yellow2\">\n<td colspan=\"3\"><strong>Puertos de conexi\u00f3n<\/strong><\/td>\n<\/tr>\n<tr class=\"gray\">\n<td>RS232-C, USB para PC, Ethernet, perif\u00e9ricos, USB host, Wi-Fi<\/td>\n<td class=\"center\" colspan=\"2\" rowspan=\"1\"><img decoding=\"async\" class=\"w-auto\" title=\"standard\" src=\"https:\/\/www.cab.de\/media\/images\/kennzeichnung\/standard.jpg\" alt=\"standard\" \/><\/td>\n<\/tr>\n<tr class=\"gray\">\n<td>Interfaz E\/S digital<\/td>\n<td class=\"center\" colspan=\"2\" rowspan=\"1\"><img decoding=\"async\" class=\"w-auto\" title=\"Option\" src=\"https:\/\/www.cab.de\/media\/images\/option.gif\" alt=\"Option\" \/><\/td>\n<\/tr>\n<\/tbody>\n<\/table>\n\n\t\t<\/div> \n\t<\/div> <\/div><\/div><\/div><div class=\"wpb_column vc_column_container vc_col-sm-3\"><div class=\"vc_column-inner\"><div class=\"wpb_wrapper\"><\/div><\/div><\/div><\/div><\/div><div      class=\"vc_row wpb_row section vc_row-fluid  vc_custom_1582786716676 grid_section\" style=' text-align:left;'><div class=\"section_inner clearfix\"><div class='section_inner_margin clearfix'><div class=\"wpb_column vc_column_container vc_col-sm-12\"><div class=\"vc_column-inner\"><div class=\"wpb_wrapper\">\t<div class=\"vc_empty_space\"  style=\"height: 48px\" ><span\r\n\t\t\tclass=\"vc_empty_space_inner\">\r\n\t\t\t<span class=\"empty_space_image\"  ><\/span>\r\n\t\t<\/span><\/div>\r\n\n<\/div><\/div><\/div><\/div><\/div><\/div><div      class=\"vc_row wpb_row section vc_row-fluid\" style=' text-align:left;'><div class=\"full_section_inner clearfix\"><div class=\"wpb_column vc_column_container vc_col-sm-1\/5\"><div class=\"vc_column-inner\"><div class=\"wpb_wrapper\"><\/div><\/div><\/div><div class=\"wpb_column vc_column_container vc_col-sm-1\/5\"><div class=\"vc_column-inner vc_custom_1582786807544\"><div class=\"wpb_wrapper\"><\/div><\/div><\/div><div class=\"wpb_column vc_column_container vc_col-sm-1\/5\"><div class=\"vc_column-inner\"><div class=\"wpb_wrapper\"><a  itemprop=\"url\" href=\"https:\/\/www.belgraf.com\/wp-content\/uploads\/2023\/03\/Catalog-Label-printers-XD-Q.pdf\" target=\"_self\"  class=\"qbutton  center default  qode-button-shadow\" style=\"border-radius: 4px;-moz-border-radius: 4px;-webkit-border-radius: 4px; background-color: #dd3333;\">specs<i class=\"qode_icon_font_awesome fa fa-file-pdf-o qode_button_icon_element\" style=\"\" ><\/i><\/a><\/div><\/div><\/div><div class=\"wpb_column vc_column_container vc_col-sm-1\/5\"><div class=\"vc_column-inner\"><div class=\"wpb_wrapper\"><\/div><\/div><\/div><div class=\"wpb_column vc_column_container vc_col-sm-1\/5\"><div class=\"vc_column-inner\"><div class=\"wpb_wrapper\"><\/div><\/div><\/div><\/div><\/div>\n<\/div>","protected":false},"excerpt":{"rendered":"Impresoras de etiquetas SQUIX XD DOBLE CABEZAL PARA IMPRIMIR A 2 CARAS XD Q para materiales continuos como tubos aplanados o aplicaciones textiles &nbsp; La impresora XD Q tiene dos cabezales de impresi\u00f3n. Tras la impresi\u00f3n, una escobilla disipa la carga electrost\u00e1tica. Cuando se imprime...","protected":false},"author":3,"featured_media":3285,"parent":3104,"menu_order":0,"comment_status":"closed","ping_status":"closed","template":"","meta":{"footnotes":""},"class_list":["post-3283","page","type-page","status-publish","has-post-thumbnail","hentry"],"yoast_head":"<!-- This site is optimized with the Yoast SEO plugin v26.1 - https:\/\/yoast.com\/wordpress\/plugins\/seo\/ -->\n<title>Impresoras CAB SQUIX XD - Belgraf Ib\u00e9rica<\/title>\n<meta name=\"robots\" content=\"index, follow, max-snippet:-1, max-image-preview:large, max-video-preview:-1\" \/>\n<link rel=\"canonical\" href=\"https:\/\/www.belgraf.com\/en\/impresoras-de-etiquetas\/impresoras-cab\/xd\/\" \/>\n<meta property=\"og:locale\" content=\"en_GB\" \/>\n<meta property=\"og:type\" content=\"article\" \/>\n<meta property=\"og:title\" content=\"Impresoras CAB SQUIX XD - Belgraf Ib\u00e9rica\" \/>\n<meta property=\"og:url\" content=\"https:\/\/www.belgraf.com\/en\/impresoras-de-etiquetas\/impresoras-cab\/xd\/\" \/>\n<meta property=\"og:site_name\" content=\"Belgraf Ib\u00e9rica\" \/>\n<meta property=\"article:modified_time\" content=\"2023-03-23T14:49:26+00:00\" \/>\n<meta property=\"og:image\" content=\"https:\/\/www.belgraf.com\/wp-content\/uploads\/2023\/03\/xdq_abreisskante_280.jpg\" \/>\n\t<meta property=\"og:image:width\" content=\"280\" \/>\n\t<meta property=\"og:image:height\" content=\"262\" \/>\n\t<meta property=\"og:image:type\" content=\"image\/jpeg\" \/>\n<meta name=\"twitter:card\" content=\"summary_large_image\" \/>\n<meta name=\"twitter:label1\" content=\"Estimated reading time\" \/>\n\t<meta name=\"twitter:data1\" content=\"3 minutes\" \/>\n<script type=\"application\/ld+json\" class=\"yoast-schema-graph\">{\"@context\":\"https:\/\/schema.org\",\"@graph\":[{\"@type\":\"WebPage\",\"@id\":\"https:\/\/www.belgraf.com\/impresoras-de-etiquetas\/impresoras-cab\/xd\/\",\"url\":\"https:\/\/www.belgraf.com\/impresoras-de-etiquetas\/impresoras-cab\/xd\/\",\"name\":\"Impresoras CAB SQUIX XD - Belgraf Ib\u00e9rica\",\"isPartOf\":{\"@id\":\"https:\/\/www.belgraf.com\/#website\"},\"primaryImageOfPage\":{\"@id\":\"https:\/\/www.belgraf.com\/impresoras-de-etiquetas\/impresoras-cab\/xd\/#primaryimage\"},\"image\":{\"@id\":\"https:\/\/www.belgraf.com\/impresoras-de-etiquetas\/impresoras-cab\/xd\/#primaryimage\"},\"thumbnailUrl\":\"https:\/\/www.belgraf.com\/wp-content\/uploads\/2023\/03\/xdq_abreisskante_280.jpg\",\"datePublished\":\"2023-03-23T14:35:04+00:00\",\"dateModified\":\"2023-03-23T14:49:26+00:00\",\"breadcrumb\":{\"@id\":\"https:\/\/www.belgraf.com\/impresoras-de-etiquetas\/impresoras-cab\/xd\/#breadcrumb\"},\"inLanguage\":\"en-GB\",\"potentialAction\":[{\"@type\":\"ReadAction\",\"target\":[\"https:\/\/www.belgraf.com\/impresoras-de-etiquetas\/impresoras-cab\/xd\/\"]}]},{\"@type\":\"ImageObject\",\"inLanguage\":\"en-GB\",\"@id\":\"https:\/\/www.belgraf.com\/impresoras-de-etiquetas\/impresoras-cab\/xd\/#primaryimage\",\"url\":\"https:\/\/www.belgraf.com\/wp-content\/uploads\/2023\/03\/xdq_abreisskante_280.jpg\",\"contentUrl\":\"https:\/\/www.belgraf.com\/wp-content\/uploads\/2023\/03\/xdq_abreisskante_280.jpg\",\"width\":280,\"height\":262},{\"@type\":\"BreadcrumbList\",\"@id\":\"https:\/\/www.belgraf.com\/impresoras-de-etiquetas\/impresoras-cab\/xd\/#breadcrumb\",\"itemListElement\":[{\"@type\":\"ListItem\",\"position\":1,\"name\":\"Portada\",\"item\":\"https:\/\/www.belgraf.com\/\"},{\"@type\":\"ListItem\",\"position\":2,\"name\":\"Impresoras de Etiquetas\",\"item\":\"https:\/\/www.belgraf.com\/impresoras-de-etiquetas\/\"},{\"@type\":\"ListItem\",\"position\":3,\"name\":\"Impresoras CAB\",\"item\":\"https:\/\/www.belgraf.com\/impresoras-de-etiquetas\/impresoras-cab\/\"},{\"@type\":\"ListItem\",\"position\":4,\"name\":\"Impresoras CAB SQUIX XD\"}]},{\"@type\":\"WebSite\",\"@id\":\"https:\/\/www.belgraf.com\/#website\",\"url\":\"https:\/\/www.belgraf.com\/\",\"name\":\"Belgraf Ib\u00e9rica\",\"description\":\"Asesores en marcaje y codificaci\u00f3n Industrial\",\"publisher\":{\"@id\":\"https:\/\/www.belgraf.com\/#organization\"},\"potentialAction\":[{\"@type\":\"SearchAction\",\"target\":{\"@type\":\"EntryPoint\",\"urlTemplate\":\"https:\/\/www.belgraf.com\/?s={search_term_string}\"},\"query-input\":{\"@type\":\"PropertyValueSpecification\",\"valueRequired\":true,\"valueName\":\"search_term_string\"}}],\"inLanguage\":\"en-GB\"},{\"@type\":\"Organization\",\"@id\":\"https:\/\/www.belgraf.com\/#organization\",\"name\":\"Belgraf Ib\u00e9rica\",\"url\":\"https:\/\/www.belgraf.com\/\",\"logo\":{\"@type\":\"ImageObject\",\"inLanguage\":\"en-GB\",\"@id\":\"https:\/\/www.belgraf.com\/#\/schema\/logo\/image\/\",\"url\":\"https:\/\/www.belgraf.com\/wp-content\/uploads\/2020\/06\/IconLogo.png\",\"contentUrl\":\"https:\/\/www.belgraf.com\/wp-content\/uploads\/2020\/06\/IconLogo.png\",\"width\":35,\"height\":23,\"caption\":\"Belgraf Ib\u00e9rica\"},\"image\":{\"@id\":\"https:\/\/www.belgraf.com\/#\/schema\/logo\/image\/\"},\"sameAs\":[\"https:\/\/www.linkedin.com\/company\/75032102\"]}]}<\/script>\n<!-- \/ Yoast SEO plugin. -->","yoast_head_json":{"title":"Impresoras CAB SQUIX XD - Belgraf Ib\u00e9rica","robots":{"index":"index","follow":"follow","max-snippet":"max-snippet:-1","max-image-preview":"max-image-preview:large","max-video-preview":"max-video-preview:-1"},"canonical":"https:\/\/www.belgraf.com\/en\/impresoras-de-etiquetas\/impresoras-cab\/xd\/","og_locale":"en_GB","og_type":"article","og_title":"Impresoras CAB SQUIX XD - Belgraf Ib\u00e9rica","og_url":"https:\/\/www.belgraf.com\/en\/impresoras-de-etiquetas\/impresoras-cab\/xd\/","og_site_name":"Belgraf Ib\u00e9rica","article_modified_time":"2023-03-23T14:49:26+00:00","og_image":[{"width":280,"height":262,"url":"https:\/\/www.belgraf.com\/wp-content\/uploads\/2023\/03\/xdq_abreisskante_280.jpg","type":"image\/jpeg"}],"twitter_card":"summary_large_image","twitter_misc":{"Estimated reading time":"3 minutes"},"schema":{"@context":"https:\/\/schema.org","@graph":[{"@type":"WebPage","@id":"https:\/\/www.belgraf.com\/impresoras-de-etiquetas\/impresoras-cab\/xd\/","url":"https:\/\/www.belgraf.com\/impresoras-de-etiquetas\/impresoras-cab\/xd\/","name":"Impresoras CAB SQUIX XD - Belgraf Ib\u00e9rica","isPartOf":{"@id":"https:\/\/www.belgraf.com\/#website"},"primaryImageOfPage":{"@id":"https:\/\/www.belgraf.com\/impresoras-de-etiquetas\/impresoras-cab\/xd\/#primaryimage"},"image":{"@id":"https:\/\/www.belgraf.com\/impresoras-de-etiquetas\/impresoras-cab\/xd\/#primaryimage"},"thumbnailUrl":"https:\/\/www.belgraf.com\/wp-content\/uploads\/2023\/03\/xdq_abreisskante_280.jpg","datePublished":"2023-03-23T14:35:04+00:00","dateModified":"2023-03-23T14:49:26+00:00","breadcrumb":{"@id":"https:\/\/www.belgraf.com\/impresoras-de-etiquetas\/impresoras-cab\/xd\/#breadcrumb"},"inLanguage":"en-GB","potentialAction":[{"@type":"ReadAction","target":["https:\/\/www.belgraf.com\/impresoras-de-etiquetas\/impresoras-cab\/xd\/"]}]},{"@type":"ImageObject","inLanguage":"en-GB","@id":"https:\/\/www.belgraf.com\/impresoras-de-etiquetas\/impresoras-cab\/xd\/#primaryimage","url":"https:\/\/www.belgraf.com\/wp-content\/uploads\/2023\/03\/xdq_abreisskante_280.jpg","contentUrl":"https:\/\/www.belgraf.com\/wp-content\/uploads\/2023\/03\/xdq_abreisskante_280.jpg","width":280,"height":262},{"@type":"BreadcrumbList","@id":"https:\/\/www.belgraf.com\/impresoras-de-etiquetas\/impresoras-cab\/xd\/#breadcrumb","itemListElement":[{"@type":"ListItem","position":1,"name":"Portada","item":"https:\/\/www.belgraf.com\/"},{"@type":"ListItem","position":2,"name":"Impresoras de Etiquetas","item":"https:\/\/www.belgraf.com\/impresoras-de-etiquetas\/"},{"@type":"ListItem","position":3,"name":"Impresoras CAB","item":"https:\/\/www.belgraf.com\/impresoras-de-etiquetas\/impresoras-cab\/"},{"@type":"ListItem","position":4,"name":"Impresoras CAB SQUIX XD"}]},{"@type":"WebSite","@id":"https:\/\/www.belgraf.com\/#website","url":"https:\/\/www.belgraf.com\/","name":"Iberian Belgraf","description":"Industrial coding and marking consultants","publisher":{"@id":"https:\/\/www.belgraf.com\/#organization"},"potentialAction":[{"@type":"SearchAction","target":{"@type":"EntryPoint","urlTemplate":"https:\/\/www.belgraf.com\/?s={search_term_string}"},"query-input":{"@type":"PropertyValueSpecification","valueRequired":true,"valueName":"search_term_string"}}],"inLanguage":"en-GB"},{"@type":"Organization","@id":"https:\/\/www.belgraf.com\/#organization","name":"Iberian Belgraf","url":"https:\/\/www.belgraf.com\/","logo":{"@type":"ImageObject","inLanguage":"en-GB","@id":"https:\/\/www.belgraf.com\/#\/schema\/logo\/image\/","url":"https:\/\/www.belgraf.com\/wp-content\/uploads\/2020\/06\/IconLogo.png","contentUrl":"https:\/\/www.belgraf.com\/wp-content\/uploads\/2020\/06\/IconLogo.png","width":35,"height":23,"caption":"Belgraf Ib\u00e9rica"},"image":{"@id":"https:\/\/www.belgraf.com\/#\/schema\/logo\/image\/"},"sameAs":["https:\/\/www.linkedin.com\/company\/75032102"]}]}},"_links":{"self":[{"href":"https:\/\/www.belgraf.com\/en\/wp-json\/wp\/v2\/pages\/3283","targetHints":{"allow":["GET"]}}],"collection":[{"href":"https:\/\/www.belgraf.com\/en\/wp-json\/wp\/v2\/pages"}],"about":[{"href":"https:\/\/www.belgraf.com\/en\/wp-json\/wp\/v2\/types\/page"}],"author":[{"embeddable":true,"href":"https:\/\/www.belgraf.com\/en\/wp-json\/wp\/v2\/users\/3"}],"replies":[{"embeddable":true,"href":"https:\/\/www.belgraf.com\/en\/wp-json\/wp\/v2\/comments?post=3283"}],"version-history":[{"count":5,"href":"https:\/\/www.belgraf.com\/en\/wp-json\/wp\/v2\/pages\/3283\/revisions"}],"predecessor-version":[{"id":3294,"href":"https:\/\/www.belgraf.com\/en\/wp-json\/wp\/v2\/pages\/3283\/revisions\/3294"}],"up":[{"embeddable":true,"href":"https:\/\/www.belgraf.com\/en\/wp-json\/wp\/v2\/pages\/3104"}],"wp:featuredmedia":[{"embeddable":true,"href":"https:\/\/www.belgraf.com\/en\/wp-json\/wp\/v2\/media\/3285"}],"wp:attachment":[{"href":"https:\/\/www.belgraf.com\/en\/wp-json\/wp\/v2\/media?parent=3283"}],"curies":[{"name":"wp","href":"https:\/\/api.w.org\/{rel}","templated":true}]}}