{"id":1028,"date":"2020-02-14T09:52:13","date_gmt":"2020-02-14T09:52:13","guid":{"rendered":"http:\/\/www.belgraf.es\/?page_id=1028"},"modified":"2023-03-15T16:02:12","modified_gmt":"2023-03-15T15:02:12","slug":"impresoras-de-etiquetas","status":"publish","type":"page","link":"https:\/\/www.belgraf.com\/fr\/impresoras-de-etiquetas\/","title":{"rendered":"Imprimantes d&#039;\u00e9tiquettes"},"content":{"rendered":"<div class=\"wpb-content-wrapper\"><div      class=\"vc_row wpb_row section vc_row-fluid  vc_custom_1608577137769\" style=' text-align:left;'><div class=\"full_section_inner clearfix\"><div class=\"wpb_column vc_column_container vc_col-sm-12\"><div class=\"vc_column-inner\"><div class=\"wpb_wrapper\">\n\t<div class=\"wpb_text_column wpb_content_element\">\n\t\t<div class=\"wpb_wrapper\">\n\t\t\t<p style=\"text-align: center;\">Les imprimantes d&#039;\u00e9tiquettes (ou imprimantes thermiques) fonctionnent en utilisant une chaleur contr\u00f4l\u00e9e pour obtenir l&#039;image sur le papier. Aucune encre ou toner n&#039;est utilis\u00e9 pour l&#039;impression directe, juste de la chaleur.<br \/>\nL&#039;impression par transfert thermique utilise un processus par lequel l&#039;encre pr\u00e9sent\u00e9e sur un ruban de transfert thermique (appel\u00e9 RIBBON) est transmise au papier m\u00e9caniquement. C&#039;est un syst\u00e8me utilis\u00e9 pour les \u00e9tiquettes \u00e0 long terme, pour l&#039;exp\u00e9dition ou d&#039;autres t\u00e2ches d&#039;emballage.<\/p>\n\n\t\t<\/div> \n\t<\/div> <\/div><\/div><\/div><\/div><\/div><div      class=\"vc_row wpb_row section vc_row-fluid  vc_custom_1608577137769\" style=' text-align:left;'><div class=\"full_section_inner clearfix\"><div class=\"wpb_column vc_column_container vc_col-sm-12\"><div class=\"vc_column-inner\"><div class=\"wpb_wrapper\">\n\t<div class=\"wpb_text_column wpb_content_element\">\n\t\t<div class=\"wpb_wrapper\">\n\t\t\t<h2 style=\"text-align: center;\">Les marques<\/h2>\n\n\t\t<\/div> \n\t<\/div> <\/div><\/div><\/div><\/div><\/div><div      class=\"vc_row wpb_row section vc_row-fluid  vc_custom_1608577137769\" style=' text-align:left;'><div class=\"full_section_inner clearfix\"><div class=\"wpb_column vc_column_container vc_col-sm-12\"><div class=\"vc_column-inner\"><div class=\"wpb_wrapper\">\n\t<div class=\"wpb_text_column wpb_content_element\">\n\t\t<div class=\"wpb_wrapper\">\n\t\t\t<p style=\"text-align: center;\"><strong>Sato, Zebra, Honeywell (Intermec et Datamax), Toshiba, Videojet, Markem, Bizerba, Cab, Carl, Valentin, TSC, Eltron, Citizen, Godex<\/strong><\/p>\n\n\t\t<\/div> \n\t<\/div> <\/div><\/div><\/div><\/div><\/div><div      class=\"vc_row wpb_row section vc_row-fluid  vc_custom_1608577137769\" style=' text-align:left;'><div class=\"full_section_inner clearfix\"><div class=\"wpb_column vc_column_container vc_col-sm-12\"><div class=\"vc_column-inner\"><div class=\"wpb_wrapper\">\n\t<div class=\"wpb_text_column wpb_content_element\">\n\t\t<div class=\"wpb_wrapper\">\n\t\t\t<p style=\"text-align: center;\">La technologie de transfert thermique permet de modifier les donn\u00e9es variables dans toutes les impressions en temps r\u00e9el, sans interruption de la cha\u00eene de production, minimisant les temps de modification des donn\u00e9es.<br \/>\nLe processus d&#039;impression par transfert thermique laisse une impression nette, propre et haute r\u00e9solution sur la surface, r\u00e9sistante \u00e0 la d\u00e9t\u00e9rioration caus\u00e9e par les rayures, l&#039;abrasion, le lavage et les produits chimiques tels que l&#039;huile, l&#039;essence et l&#039;alcool.<\/p>\n<p style=\"text-align: center;\">En imprimant des \u00e9tiquettes, vous vous assurez \u00e9galement que votre entreprise se conforme aux diff\u00e9rentes r\u00e9glementations et que votre travail soit mieux organis\u00e9.<br \/>\nDe plus, avec l&#039;impression thermique, vous pouvez oublier le co\u00fbt d&#039;utilisation de diff\u00e9rentes encres et toner.<br \/>\nChez Belgraf, nous avons diff\u00e9rentes solutions pour chaque entreprise, des petites imprimantes portables aux imprimantes de bureau, en comptant toujours sur la qualit\u00e9 et la s\u00e9curit\u00e9 du travail avec les grandes marques du march\u00e9 et sur notre service technique et d&#039;assistance.<\/p>\n\n\t\t<\/div> \n\t<\/div> <\/div><\/div><\/div><\/div><\/div><div      class=\"vc_row wpb_row section vc_row-fluid  products-grid grid_section\" style=' text-align:left;'><div class=\"section_inner clearfix\"><div class='section_inner_margin clearfix'><div class=\"wpb_column vc_column_container vc_col-sm-12\"><div class=\"vc_column-inner\"><div class=\"wpb_wrapper\"><div class='q_elements_holder four_columns responsive_mode_from_768 alignment_one_column_center' ><div class='q_elements_item' data-animation='no' data-item-class='q_elements_holder_custom_530264' style='vertical-align:middle;text-align:center;'><div class='q_elements_item_inner'><div class='q_elements_item_content q_elements_holder_custom_530264'><div class=\"qode-banner qode-banner-va-center\"><a class=\"qode-banner-link\" href=\"\/fr\/impresoras-de-etiquetas\/zebra\/\" target=\"_self\"><\/a><div class=\"qode-banner-image\"><img decoding=\"async\" itemprop=\"image\" src=\"https:\/\/www.belgraf.com\/wp-content\/uploads\/2023\/02\/Logo-Zebra-600-x-400.png\" alt=\"\" \/><\/div><div class=\"qode-banner-content\"><div class=\"qode-banner-content-inner\"><div class=\"qode-banner-text-holder\"><\/div><\/div><\/div><\/div><\/div><\/div><\/div><div class='q_elements_item' data-animation='no' data-item-class='q_elements_holder_custom_999414' style='vertical-align:middle;text-align:center;'><div class='q_elements_item_inner'><div class='q_elements_item_content q_elements_holder_custom_999414'><div class=\"qode-banner qode-banner-va-center\"><a class=\"qode-banner-link\" href=\"https:\/\/www.belgraf.com\/fr\/impresoras-de-etiquetas\/toshiba-print\/\" target=\"_self\"><\/a><div class=\"qode-banner-image\"><img decoding=\"async\" itemprop=\"image\" src=\"https:\/\/www.belgraf.com\/wp-content\/uploads\/2020\/02\/ths.gif\" alt=\"\" \/><\/div><div class=\"qode-banner-content\"><div class=\"qode-banner-content-inner\"><div class=\"qode-banner-text-holder\"><\/div><\/div><\/div><\/div><\/div><\/div><\/div><div class='q_elements_item' data-animation='no' data-item-class='q_elements_holder_custom_756178' style='vertical-align:middle;text-align:center;'><div class='q_elements_item_inner'><div class='q_elements_item_content q_elements_holder_custom_756178'><div class=\"qode-banner qode-banner-va-center\"><a class=\"qode-banner-link\" href=\"https:\/\/www.belgraf.com\/fr\/impresoras-de-etiquetas\/sato\/\" target=\"_self\"><\/a><div class=\"qode-banner-image\"><img decoding=\"async\" itemprop=\"image\" src=\"https:\/\/www.belgraf.com\/wp-content\/uploads\/2021\/01\/sato2.png\" alt=\"\" \/><\/div><div class=\"qode-banner-content\"><div class=\"qode-banner-content-inner\"><div class=\"qode-banner-text-holder\"><\/div><\/div><\/div><\/div><\/div><\/div><\/div><div class='q_elements_item' data-animation='no' data-item-class='q_elements_holder_custom_243914' style='vertical-align:middle;text-align:center;'><div class='q_elements_item_inner'><div class='q_elements_item_content q_elements_holder_custom_243914'><div class=\"qode-banner qode-banner-va-center\"><a class=\"qode-banner-link\" href=\"https:\/\/www.belgraf.com\/fr\/impresoras-de-etiquetas\/impresoras-y-sistemas-pa-carl-valentin\/\" target=\"_self\"><\/a><div class=\"qode-banner-image\"><img decoding=\"async\" itemprop=\"image\" src=\"https:\/\/www.belgraf.com\/wp-content\/uploads\/2023\/03\/logo_cv-1.jpg\" alt=\"\" \/><\/div><div class=\"qode-banner-content\"><div class=\"qode-banner-content-inner\"><div class=\"qode-banner-text-holder\"><\/div><\/div><\/div><\/div><\/div><\/div><\/div><\/div><div class='q_elements_holder three_columns responsive_mode_from_768 alignment_one_column_center' ><div class='q_elements_item' data-animation='no' data-item-class='q_elements_holder_custom_690183' style='vertical-align:middle;text-align:center;'><div class='q_elements_item_inner'><div class='q_elements_item_content q_elements_holder_custom_690183'><div class=\"qode-banner qode-banner-va-center\"><a class=\"qode-banner-link\" href=\"https:\/\/www.belgraf.com\/fr\/impresoras-de-etiquetas\/impresoras-cab\/\" target=\"_self\"><\/a><div class=\"qode-banner-image\"><img decoding=\"async\" itemprop=\"image\" src=\"https:\/\/www.belgraf.com\/wp-content\/uploads\/2020\/02\/cab.gif\" alt=\"\" \/><\/div><div class=\"qode-banner-content\"><div class=\"qode-banner-content-inner\"><div class=\"qode-banner-text-holder\"><\/div><\/div><\/div><\/div><\/div><\/div><\/div><div class='q_elements_item' data-animation='no' data-item-class='q_elements_holder_custom_757018' style='vertical-align:middle;text-align:center;'><div class='q_elements_item_inner'><div class='q_elements_item_content q_elements_holder_custom_757018'><div class=\"qode-banner qode-banner-va-center\"><a class=\"qode-banner-link\" href=\"\/fr\/impresoras-de-etiquetas\/intermec-etiquetas\/\" target=\"_self\"><\/a><div class=\"qode-banner-image\"><img decoding=\"async\" itemprop=\"image\" src=\"https:\/\/www.belgraf.com\/wp-content\/uploads\/2020\/02\/linterg-1.jpg\" alt=\"\" \/><\/div><div class=\"qode-banner-content\"><div class=\"qode-banner-content-inner\"><div class=\"qode-banner-text-holder\"><\/div><\/div><\/div><\/div><\/div><\/div><\/div><div class='q_elements_item' data-animation='no' data-item-class='q_elements_holder_custom_392542' style='vertical-align:middle;text-align:center;'><div class='q_elements_item_inner'><div class='q_elements_item_content q_elements_holder_custom_392542'><div class=\"qode-banner qode-banner-va-center\"><a class=\"qode-banner-link\" href=\"\/fr\/impresoras-de-etiquetas\/tsc-impresoras\/\" target=\"_self\"><\/a><div class=\"qode-banner-image\"><img decoding=\"async\" itemprop=\"image\" src=\"https:\/\/www.belgraf.com\/wp-content\/uploads\/2020\/02\/tsc.jpg\" alt=\"\" \/><\/div><div class=\"qode-banner-content\"><div class=\"qode-banner-content-inner\"><div class=\"qode-banner-text-holder\"><\/div><\/div><\/div><\/div><\/div><\/div><\/div><\/div><\/div><\/div><\/div><\/div><\/div><\/div>\n<\/div>","protected":false},"excerpt":{"rendered":"Les imprimantes d&#039;\u00e9tiquettes (ou imprimantes thermiques) fonctionnent en utilisant une chaleur contr\u00f4l\u00e9e pour imprimer l&#039;image sur le papier. Les impressions directes n&#039;utilisent ni encre ni toner, juste de la chaleur. L&#039;impression par transfert thermique utilise un proc\u00e9d\u00e9 par lequel elle est transmise...","protected":false},"author":1,"featured_media":0,"parent":0,"menu_order":0,"comment_status":"closed","ping_status":"closed","template":"","meta":{"footnotes":""},"class_list":["post-1028","page","type-page","status-publish","hentry"],"yoast_head":"<!-- This site is optimized with the Yoast SEO plugin v26.1 - https:\/\/yoast.com\/wordpress\/plugins\/seo\/ -->\n<title>Impresoras de Etiquetas - Belgraf Ib\u00e9rica<\/title>\n<meta name=\"robots\" content=\"index, follow, max-snippet:-1, max-image-preview:large, max-video-preview:-1\" \/>\n<link rel=\"canonical\" href=\"https:\/\/www.belgraf.com\/fr\/impresoras-de-etiquetas\/\" \/>\n<meta property=\"og:locale\" content=\"fr_FR\" \/>\n<meta property=\"og:type\" content=\"article\" \/>\n<meta property=\"og:title\" content=\"Impresoras de Etiquetas - Belgraf Ib\u00e9rica\" \/>\n<meta property=\"og:url\" content=\"https:\/\/www.belgraf.com\/fr\/impresoras-de-etiquetas\/\" \/>\n<meta property=\"og:site_name\" content=\"Belgraf Ib\u00e9rica\" \/>\n<meta property=\"article:modified_time\" content=\"2023-03-15T15:02:12+00:00\" \/>\n<meta name=\"twitter:card\" content=\"summary_large_image\" \/>\n<meta name=\"twitter:label1\" content=\"Dur\u00e9e de lecture estim\u00e9e\" \/>\n\t<meta name=\"twitter:data1\" content=\"4 minutes\" \/>\n<script type=\"application\/ld+json\" class=\"yoast-schema-graph\">{\"@context\":\"https:\/\/schema.org\",\"@graph\":[{\"@type\":\"WebPage\",\"@id\":\"https:\/\/www.belgraf.com\/impresoras-de-etiquetas\/\",\"url\":\"https:\/\/www.belgraf.com\/impresoras-de-etiquetas\/\",\"name\":\"Impresoras de Etiquetas - Belgraf Ib\u00e9rica\",\"isPartOf\":{\"@id\":\"https:\/\/www.belgraf.com\/#website\"},\"datePublished\":\"2020-02-14T09:52:13+00:00\",\"dateModified\":\"2023-03-15T15:02:12+00:00\",\"breadcrumb\":{\"@id\":\"https:\/\/www.belgraf.com\/impresoras-de-etiquetas\/#breadcrumb\"},\"inLanguage\":\"fr-FR\",\"potentialAction\":[{\"@type\":\"ReadAction\",\"target\":[\"https:\/\/www.belgraf.com\/impresoras-de-etiquetas\/\"]}]},{\"@type\":\"BreadcrumbList\",\"@id\":\"https:\/\/www.belgraf.com\/impresoras-de-etiquetas\/#breadcrumb\",\"itemListElement\":[{\"@type\":\"ListItem\",\"position\":1,\"name\":\"Portada\",\"item\":\"https:\/\/www.belgraf.com\/\"},{\"@type\":\"ListItem\",\"position\":2,\"name\":\"Impresoras de Etiquetas\"}]},{\"@type\":\"WebSite\",\"@id\":\"https:\/\/www.belgraf.com\/#website\",\"url\":\"https:\/\/www.belgraf.com\/\",\"name\":\"Belgraf Ib\u00e9rica\",\"description\":\"Asesores en marcaje y codificaci\u00f3n Industrial\",\"publisher\":{\"@id\":\"https:\/\/www.belgraf.com\/#organization\"},\"potentialAction\":[{\"@type\":\"SearchAction\",\"target\":{\"@type\":\"EntryPoint\",\"urlTemplate\":\"https:\/\/www.belgraf.com\/?s={search_term_string}\"},\"query-input\":{\"@type\":\"PropertyValueSpecification\",\"valueRequired\":true,\"valueName\":\"search_term_string\"}}],\"inLanguage\":\"fr-FR\"},{\"@type\":\"Organization\",\"@id\":\"https:\/\/www.belgraf.com\/#organization\",\"name\":\"Belgraf Ib\u00e9rica\",\"url\":\"https:\/\/www.belgraf.com\/\",\"logo\":{\"@type\":\"ImageObject\",\"inLanguage\":\"fr-FR\",\"@id\":\"https:\/\/www.belgraf.com\/#\/schema\/logo\/image\/\",\"url\":\"https:\/\/www.belgraf.com\/wp-content\/uploads\/2020\/06\/IconLogo.png\",\"contentUrl\":\"https:\/\/www.belgraf.com\/wp-content\/uploads\/2020\/06\/IconLogo.png\",\"width\":35,\"height\":23,\"caption\":\"Belgraf Ib\u00e9rica\"},\"image\":{\"@id\":\"https:\/\/www.belgraf.com\/#\/schema\/logo\/image\/\"},\"sameAs\":[\"https:\/\/www.linkedin.com\/company\/75032102\"]}]}<\/script>\n<!-- \/ Yoast SEO plugin. -->","yoast_head_json":{"title":"Impresoras de Etiquetas - Belgraf Ib\u00e9rica","robots":{"index":"index","follow":"follow","max-snippet":"max-snippet:-1","max-image-preview":"max-image-preview:large","max-video-preview":"max-video-preview:-1"},"canonical":"https:\/\/www.belgraf.com\/fr\/impresoras-de-etiquetas\/","og_locale":"fr_FR","og_type":"article","og_title":"Impresoras de Etiquetas - Belgraf Ib\u00e9rica","og_url":"https:\/\/www.belgraf.com\/fr\/impresoras-de-etiquetas\/","og_site_name":"Belgraf Ib\u00e9rica","article_modified_time":"2023-03-15T15:02:12+00:00","twitter_card":"summary_large_image","twitter_misc":{"Dur\u00e9e de lecture estim\u00e9e":"4 minutes"},"schema":{"@context":"https:\/\/schema.org","@graph":[{"@type":"WebPage","@id":"https:\/\/www.belgraf.com\/impresoras-de-etiquetas\/","url":"https:\/\/www.belgraf.com\/impresoras-de-etiquetas\/","name":"Impresoras de Etiquetas - Belgraf Ib\u00e9rica","isPartOf":{"@id":"https:\/\/www.belgraf.com\/#website"},"datePublished":"2020-02-14T09:52:13+00:00","dateModified":"2023-03-15T15:02:12+00:00","breadcrumb":{"@id":"https:\/\/www.belgraf.com\/impresoras-de-etiquetas\/#breadcrumb"},"inLanguage":"fr-FR","potentialAction":[{"@type":"ReadAction","target":["https:\/\/www.belgraf.com\/impresoras-de-etiquetas\/"]}]},{"@type":"BreadcrumbList","@id":"https:\/\/www.belgraf.com\/impresoras-de-etiquetas\/#breadcrumb","itemListElement":[{"@type":"ListItem","position":1,"name":"Portada","item":"https:\/\/www.belgraf.com\/"},{"@type":"ListItem","position":2,"name":"Impresoras de Etiquetas"}]},{"@type":"WebSite","@id":"https:\/\/www.belgraf.com\/#website","url":"https:\/\/www.belgraf.com\/","name":"Ib\u00e9rique Belgraf","description":"Consultants en codage et marquage industriels","publisher":{"@id":"https:\/\/www.belgraf.com\/#organization"},"potentialAction":[{"@type":"SearchAction","target":{"@type":"EntryPoint","urlTemplate":"https:\/\/www.belgraf.com\/?s={search_term_string}"},"query-input":{"@type":"PropertyValueSpecification","valueRequired":true,"valueName":"search_term_string"}}],"inLanguage":"fr-FR"},{"@type":"Organization","@id":"https:\/\/www.belgraf.com\/#organization","name":"Ib\u00e9rique Belgraf","url":"https:\/\/www.belgraf.com\/","logo":{"@type":"ImageObject","inLanguage":"fr-FR","@id":"https:\/\/www.belgraf.com\/#\/schema\/logo\/image\/","url":"https:\/\/www.belgraf.com\/wp-content\/uploads\/2020\/06\/IconLogo.png","contentUrl":"https:\/\/www.belgraf.com\/wp-content\/uploads\/2020\/06\/IconLogo.png","width":35,"height":23,"caption":"Belgraf Ib\u00e9rica"},"image":{"@id":"https:\/\/www.belgraf.com\/#\/schema\/logo\/image\/"},"sameAs":["https:\/\/www.linkedin.com\/company\/75032102"]}]}},"_links":{"self":[{"href":"https:\/\/www.belgraf.com\/fr\/wp-json\/wp\/v2\/pages\/1028","targetHints":{"allow":["GET"]}}],"collection":[{"href":"https:\/\/www.belgraf.com\/fr\/wp-json\/wp\/v2\/pages"}],"about":[{"href":"https:\/\/www.belgraf.com\/fr\/wp-json\/wp\/v2\/types\/page"}],"author":[{"embeddable":true,"href":"https:\/\/www.belgraf.com\/fr\/wp-json\/wp\/v2\/users\/1"}],"replies":[{"embeddable":true,"href":"https:\/\/www.belgraf.com\/fr\/wp-json\/wp\/v2\/comments?post=1028"}],"version-history":[{"count":37,"href":"https:\/\/www.belgraf.com\/fr\/wp-json\/wp\/v2\/pages\/1028\/revisions"}],"predecessor-version":[{"id":3128,"href":"https:\/\/www.belgraf.com\/fr\/wp-json\/wp\/v2\/pages\/1028\/revisions\/3128"}],"wp:attachment":[{"href":"https:\/\/www.belgraf.com\/fr\/wp-json\/wp\/v2\/media?parent=1028"}],"curies":[{"name":"wp","href":"https:\/\/api.w.org\/{rel}","templated":true}]}}