{"id":1308,"date":"2020-02-26T22:26:55","date_gmt":"2020-02-26T22:26:55","guid":{"rendered":"http:\/\/www.belgraf.es\/?page_id=1308"},"modified":"2020-12-22T19:51:39","modified_gmt":"2020-12-22T19:51:39","slug":"punzones-grabadores","status":"publish","type":"page","link":"https:\/\/www.belgraf.com\/fr\/punzones-grabadores\/","title":{"rendered":"Poin\u00e7ons de gravure"},"content":{"rendered":"<div class=\"wpb-content-wrapper\"><div      class=\"vc_row wpb_row section vc_row-fluid\" style=' text-align:left;'><div class=\"full_section_inner clearfix\"><div class=\"wpb_column vc_column_container vc_col-sm-12\"><div class=\"vc_column-inner\"><div class=\"wpb_wrapper\">\r\n\t<div class=\"wpb_single_image wpb_content_element vc_align_center\">\r\n\t\t<div class=\"wpb_wrapper\">\r\n\t\t\t\r\n\t\t\t<div class=\"vc_single_image-wrapper   vc_box_border_grey\"><img loading=\"lazy\" decoding=\"async\" width=\"400\" height=\"78\" src=\"https:\/\/www.belgraf.com\/wp-content\/uploads\/2020\/02\/imper5.jpg\" class=\"vc_single_image-img attachment-full\" alt=\"\" title=\"imper5\" srcset=\"https:\/\/www.belgraf.com\/wp-content\/uploads\/2020\/02\/imper5.jpg 400w, https:\/\/www.belgraf.com\/wp-content\/uploads\/2020\/02\/imper5-300x59.jpg 300w\" sizes=\"auto, (max-width: 400px) 100vw, 400px\" \/><\/div>\r\n\t\t<\/div>\r\n\t<\/div>\r\n<\/div><\/div><\/div><\/div><\/div><div      class=\"vc_row wpb_row section vc_row-fluid\" style=' text-align:left;'><div class=\"full_section_inner clearfix\"><div class=\"wpb_column vc_column_container vc_col-sm-12\"><div class=\"vc_column-inner\"><div class=\"wpb_wrapper\">\n\t<div class=\"wpb_text_column wpb_content_element\">\n\t\t<div class=\"wpb_wrapper\">\n\t\t\t<h1 style=\"text-align: center; font-size: 28px;\"><strong>Poin\u00e7ons pour graver le m\u00e9tal<\/strong><\/h1>\n\n\t\t<\/div> \n\t<\/div> <\/div><\/div><\/div><\/div><\/div><div      class=\"vc_row wpb_row section vc_row-fluid  vc_custom_1582785968789 grid_section\" style=' text-align:left;'><div class=\"section_inner clearfix\"><div class='section_inner_margin clearfix'><div class=\"wpb_column vc_column_container vc_col-sm-12\"><div class=\"vc_column-inner\"><div class=\"wpb_wrapper\"><div class='q_elements_holder two_columns eh_two_columns_33_66 responsive_mode_from_768 alignment_one_column_center' ><div class='q_elements_item' data-animation='no' data-item-class='q_elements_holder_custom_830712' style='vertical-align:middle;text-align:center;'><div class='q_elements_item_inner'><div class='q_elements_item_content q_elements_holder_custom_830712'>\r\n\t<div class=\"wpb_single_image wpb_content_element vc_align_center  element_from_left\"><div style=\"-webkit-animation-delay:0.3s; animation-delay:0.3s; -webkit-transition-delay:0.3s; transition-delay:0.3s\">\r\n\t\t<div class=\"wpb_wrapper\">\r\n\t\t\t\r\n\t\t\t<div class=\"vc_single_image-wrapper   vc_box_border_grey\"><img loading=\"lazy\" decoding=\"async\" width=\"200\" height=\"124\" src=\"https:\/\/www.belgraf.com\/wp-content\/uploads\/2020\/02\/imper6.jpg\" class=\"vc_single_image-img attachment-full\" alt=\"\" title=\"imper6\" \/><\/div>\r\n\t\t<\/div><\/div>\r\n\t<\/div>\r\n<\/div><\/div><\/div><div class='q_elements_item' data-1280-1440='0px 0px 0px 20px' data-1024-1280='0px 0px 0px 20px' data-768-1024='0px 0px 0px 20px' data-600-768='0px 0px 0px 0px' data-480-600='0px 0px 0px 0px' data-480='0px 0px 0px 0px' data-animation='no' data-item-class='q_elements_holder_custom_356589' style='vertical-align:middle;text-align:left;'><div class='q_elements_item_inner'><div class='q_elements_item_content q_elements_holder_custom_356589' style='padding:0px 0px 0px 20px'>\n\t<div class=\"wpb_text_column wpb_content_element  vc_custom_1582799861315\">\n\t\t<div class=\"wpb_wrapper\">\n\t\t\t<h2 style=\"text-align: left;\">POIN\u00c7ONS POUR MARQUER IMP\u00c9RIAL:<\/h2>\n\n\t\t<\/div> \n\t<\/div> <div class=\"separator  small left\" style=\"margin-top: 7px;margin-bottom: 38px;width: 100px;\"><\/div>\n\n\t<div class=\"wpb_text_column wpb_content_element\">\n\t\t<div class=\"wpb_wrapper\">\n\t\t\t<p>Les poin\u00e7ons de marquage IMPERIAL sont reconnus par les consommateurs d&#039;outils du monde entier depuis plus de 50 ans, gagnant une r\u00e9putation imbattable pour la qualit\u00e9 et la construction en acier au carbone Sheffield avec une duret\u00e9 de 59-61 RC apr\u00e8s trempe.<\/p>\n<p>Les poin\u00e7ons sont test\u00e9s sur de l&#039;acier 40 Rc avant de quitter l&#039;usine. En utilisant des poin\u00e7ons de marquage IMPERIAL, une impression nette et nette peut \u00eatre obtenue, car les caract\u00e8res sont cr\u00e9\u00e9s avec le m\u00eame angle et la m\u00eame profondeur. La surface des caract\u00e8res a une largeur uniforme et tous les caract\u00e8res de m\u00eame taille sont interchangeables.<\/p>\n<p>Les chiffres et les lettres peuvent \u00eatre fournis par pi\u00e8ces individuelles, de toutes tailles, pour des combinaisons de frappe et similaires. Les ensembles de poin\u00e7ons robustes sont fournis dans les tailles 3-5 et 6 mm.<\/p>\n<h6>S\u00c9CURIT\u00c9:<\/h6>\n<p>Le bord de coupe est sp\u00e9cialement tremp\u00e9 pour \u00e9viter l&#039;\u00e9caillage, en particulier pour les impacts tr\u00e8s forts ou le manque de connaissances de l&#039;op\u00e9rateur. Ils sont fournis emball\u00e9s dans une bo\u00eete en poly\u00e9thyl\u00e8ne haute densit\u00e9 bleue.<\/p>\n\n\t\t<\/div> \n\t<\/div> <\/div><\/div><\/div><\/div><\/div><\/div><\/div><\/div><\/div><\/div><div      class=\"vc_row wpb_row section vc_row-fluid  vc_custom_1582785968789 grid_section\" style=' text-align:left;'><div class=\"section_inner clearfix\"><div class='section_inner_margin clearfix'><div class=\"wpb_column vc_column_container vc_col-sm-12\"><div class=\"vc_column-inner\"><div class=\"wpb_wrapper\"><div class='q_elements_holder two_columns eh_two_columns_33_66 responsive_mode_from_768 alignment_one_column_center' ><div class='q_elements_item' data-animation='no' data-item-class='q_elements_holder_custom_527427' style='vertical-align:middle;text-align:center;'><div class='q_elements_item_inner'><div class='q_elements_item_content q_elements_holder_custom_527427'>\r\n\t<div class=\"wpb_single_image wpb_content_element vc_align_center  element_from_left\"><div style=\"-webkit-animation-delay:0.3s; animation-delay:0.3s; -webkit-transition-delay:0.3s; transition-delay:0.3s\">\r\n\t\t<div class=\"wpb_wrapper\">\r\n\t\t\t\r\n\t\t\t<div class=\"vc_single_image-wrapper   vc_box_border_grey\"><img loading=\"lazy\" decoding=\"async\" width=\"150\" height=\"144\" src=\"https:\/\/www.belgraf.com\/wp-content\/uploads\/2020\/02\/imper7.jpg\" class=\"vc_single_image-img attachment-full\" alt=\"\" title=\"imper7\" \/><\/div>\r\n\t\t<\/div><\/div>\r\n\t<\/div>\r\n<\/div><\/div><\/div><div class='q_elements_item' data-1280-1440='0px 0px 0px 20px' data-1024-1280='0px 0px 0px 20px' data-768-1024='0px 0px 0px 20px' data-600-768='0px 0px 0px 0px' data-480-600='0px 0px 0px 0px' data-480='0px 0px 0px 0px' data-animation='no' data-item-class='q_elements_holder_custom_185103' style='vertical-align:middle;text-align:left;'><div class='q_elements_item_inner'><div class='q_elements_item_content q_elements_holder_custom_185103' style='padding:0px 0px 0px 20px'>\n\t<div class=\"wpb_text_column wpb_content_element  vc_custom_1582800013858\">\n\t\t<div class=\"wpb_wrapper\">\n\t\t\t<h2 style=\"text-align: left;\">CARACT\u00c9RISTIQUES DE L&#039;ACIER IMP\u00c9RIAL:<\/h2>\n\n\t\t<\/div> \n\t<\/div> <div class=\"separator  small left\" style=\"margin-top: 7px;margin-bottom: 38px;width: 100px;\"><\/div>\n\n\t<div class=\"wpb_text_column wpb_content_element\">\n\t\t<div class=\"wpb_wrapper\">\n\t\t\t<ul>\n<li>Les jeux de caract\u00e8res IMPERIAL en acier comprennent des lettres et des chiffres uniques pour graver un mot complet ou un num\u00e9ro de pi\u00e8ce, adaptables au support manuel selon les besoins.<\/li>\n<li>Les caract\u00e8res IMPERIAL en acier sont con\u00e7us pour \u00eatre utilis\u00e9s sur tout m\u00e9tal \u00e0 la main, avec un marteau ou sur une machine.<\/li>\n<li>Les caract\u00e8res en acier IMPERIAL sont plus rapides et plus efficaces que de les utiliser individuellement.<\/li>\n<\/ul>\n\n\t\t<\/div> \n\t<\/div> <\/div><\/div><\/div><\/div><\/div><\/div><\/div><\/div><\/div><\/div><div      class=\"vc_row wpb_row section vc_row-fluid  vc_custom_1582785968789 grid_section\" style=' text-align:left;'><div class=\"section_inner clearfix\"><div class='section_inner_margin clearfix'><div class=\"wpb_column vc_column_container vc_col-sm-12\"><div class=\"vc_column-inner\"><div class=\"wpb_wrapper\"><div class='q_elements_holder two_columns eh_two_columns_33_66 responsive_mode_from_768 alignment_one_column_center' ><div class='q_elements_item' data-animation='no' data-item-class='q_elements_holder_custom_624047' style='vertical-align:middle;text-align:center;'><div class='q_elements_item_inner'><div class='q_elements_item_content q_elements_holder_custom_624047'>\r\n\t<div class=\"wpb_single_image wpb_content_element vc_align_center  element_from_left\"><div style=\"-webkit-animation-delay:0.3s; animation-delay:0.3s; -webkit-transition-delay:0.3s; transition-delay:0.3s\">\r\n\t\t<div class=\"wpb_wrapper\">\r\n\t\t\t\r\n\t\t\t<div class=\"vc_single_image-wrapper   vc_box_border_grey\"><img loading=\"lazy\" decoding=\"async\" width=\"200\" height=\"188\" src=\"https:\/\/www.belgraf.com\/wp-content\/uploads\/2020\/02\/imper8.jpg\" class=\"vc_single_image-img attachment-full\" alt=\"\" title=\"imper8\" \/><\/div>\r\n\t\t<\/div><\/div>\r\n\t<\/div>\r\n<\/div><\/div><\/div><div class='q_elements_item' data-1280-1440='0px 0px 0px 20px' data-1024-1280='0px 0px 0px 20px' data-768-1024='0px 0px 0px 20px' data-600-768='0px 0px 0px 0px' data-480-600='0px 0px 0px 0px' data-480='0px 0px 0px 0px' data-animation='no' data-item-class='q_elements_holder_custom_425898' style='vertical-align:middle;text-align:left;'><div class='q_elements_item_inner'><div class='q_elements_item_content q_elements_holder_custom_425898' style='padding:0px 0px 0px 20px'>\n\t<div class=\"wpb_text_column wpb_content_element  vc_custom_1582800045256\">\n\t\t<div class=\"wpb_wrapper\">\n\t\t\t<h2 style=\"text-align: left;\">LES SOUTIENS:<\/h2>\n\n\t\t<\/div> \n\t<\/div> <div class=\"separator  small left\" style=\"margin-top: 7px;margin-bottom: 38px;width: 100px;\"><\/div>\n\n\t<div class=\"wpb_text_column wpb_content_element\">\n\t\t<div class=\"wpb_wrapper\">\n\t\t\t<p>Les montures IMPERIAL sont con\u00e7ues pour obtenir un placement exact des personnages et un verrouillage parfait des caract\u00e8res. Facilit\u00e9 d&#039;utilisation, dur\u00e9e et s\u00e9curit\u00e9 maximale pour l&#039;op\u00e9ration.<\/p>\n<table border=\"1\" width=\"505\" cellspacing=\"0\" align=\"center\">\n<colgroup>\n<col width=\"175\" \/>\n<col width=\"27\" \/>\n<col width=\"112\" \/>\n<col width=\"91\" \/>\n<col width=\"105\" \/>\n<col width=\"1\" \/><\/colgroup>\n<tbody>\n<tr>\n<td align=\"left\" valign=\"middle\" width=\"107\"><span style=\"font-family: Verdana; font-size: small;\"><b>R\u00c9F\u00c9RENCE<\/b><\/span><\/td>\n<td align=\"left\" valign=\"middle\" width=\"88\"><span style=\"font-family: Verdana; font-size: small;\"><b>LONGUEUR DE LA FENTE<\/b><\/span><\/td>\n<td align=\"left\" valign=\"middle\" width=\"101\"><span style=\"font-family: Verdana; font-size: small;\"><b>CAPACIT\u00c9 SELON LA TAILLE<\/b><\/span><\/td>\n<\/tr>\n<tr>\n<td align=\"left\" valign=\"middle\">H6.35-19<\/td>\n<td align=\"left\" valign=\"middle\">19.0<\/td>\n<td align=\"left\" valign=\"middle\">12 12 9 8 6 4<\/td>\n<\/tr>\n<tr>\n<td align=\"left\" valign=\"middle\" width=\"107\">H6.35-39<\/td>\n<td align=\"left\" valign=\"middle\" width=\"88\">29.0<\/td>\n<td align=\"left\" valign=\"middle\" width=\"101\">18 18 15 12 9 6<\/td>\n<\/tr>\n<tr>\n<td align=\"left\" valign=\"middle\" width=\"107\">H6.35-39<\/td>\n<td align=\"left\" valign=\"middle\" width=\"88\">39.0<\/td>\n<td align=\"left\" valign=\"middle\">24 24 18 16 12 8<\/td>\n<\/tr>\n<tr>\n<td align=\"left\" valign=\"middle\" width=\"107\">H9.60-40<\/td>\n<td align=\"left\" valign=\"middle\" width=\"88\">40.0<\/td>\n<td align=\"left\" valign=\"middle\" width=\"101\">&#8211; &#8211; &#8211; &#8211; &#8211; &#8211; 6 &#8211;<\/td>\n<\/tr>\n<tr>\n<td align=\"left\" valign=\"middle\" width=\"107\">H16.0-57<\/td>\n<td align=\"left\" valign=\"middle\" width=\"88\">57.0<\/td>\n<td align=\"left\" valign=\"middle\" width=\"101\">&#8211; &#8211; &#8211; &#8211; &#8211; &#8211; &#8211; &#8211; &#8211; 6<\/td>\n<\/tr>\n<\/tbody>\n<\/table>\n\n\t\t<\/div> \n\t<\/div> <\/div><\/div><\/div><\/div><\/div><\/div><\/div><\/div><\/div><\/div><div      class=\"vc_row wpb_row section vc_row-fluid  vc_custom_1582785968789 grid_section\" style=' text-align:left;'><div class=\"section_inner clearfix\"><div class='section_inner_margin clearfix'><div class=\"wpb_column vc_column_container vc_col-sm-12\"><div class=\"vc_column-inner\"><div class=\"wpb_wrapper\"><div class='q_elements_holder two_columns eh_two_columns_33_66 responsive_mode_from_768 alignment_one_column_center' ><div class='q_elements_item' data-animation='no' data-item-class='q_elements_holder_custom_838130' style='vertical-align:middle;text-align:center;'><div class='q_elements_item_inner'><div class='q_elements_item_content q_elements_holder_custom_838130'>\r\n\t<div class=\"wpb_single_image wpb_content_element vc_align_center  element_from_left\"><div style=\"-webkit-animation-delay:0.3s; animation-delay:0.3s; -webkit-transition-delay:0.3s; transition-delay:0.3s\">\r\n\t\t<div class=\"wpb_wrapper\">\r\n\t\t\t\r\n\t\t\t<div class=\"vc_single_image-wrapper   vc_box_border_grey\"><img loading=\"lazy\" decoding=\"async\" width=\"200\" height=\"204\" src=\"https:\/\/www.belgraf.com\/wp-content\/uploads\/2020\/02\/imper9.jpg\" class=\"vc_single_image-img attachment-full\" alt=\"\" title=\"imper9\" \/><\/div>\r\n\t\t<\/div><\/div>\r\n\t<\/div>\r\n<\/div><\/div><\/div><div class='q_elements_item' data-1280-1440='0px 0px 0px 20px' data-1024-1280='0px 0px 0px 20px' data-768-1024='0px 0px 0px 20px' data-600-768='0px 0px 0px 0px' data-480-600='0px 0px 0px 0px' data-480='0px 0px 0px 0px' data-animation='no' data-item-class='q_elements_holder_custom_274742' style='vertical-align:middle;text-align:left;'><div class='q_elements_item_inner'><div class='q_elements_item_content q_elements_holder_custom_274742' style='padding:0px 0px 0px 20px'>\n\t<div class=\"wpb_text_column wpb_content_element  vc_custom_1582800109401\">\n\t\t<div class=\"wpb_wrapper\">\n\t\t\t<h2 style=\"text-align: left;\">NUM\u00c9RATEURS MANUELS:<\/h2>\n\n\t\t<\/div> \n\t<\/div> <div class=\"separator  small left\" style=\"margin-top: 7px;margin-bottom: 38px;width: 100px;\"><\/div>\n\n\t<div class=\"wpb_text_column wpb_content_element\">\n\t\t<div class=\"wpb_wrapper\">\n\t\t\t<p>Les num\u00e9rateurs manuels IMPERIAL ont des roues pour la gravure, qui peuvent \u00eatre facilement tourn\u00e9es dans la position choisie, peuvent \u00eatre correctement maintenues au moyen d&#039;un boulon de s\u00e9curit\u00e9 et les num\u00e9ros de pi\u00e8ces peuvent \u00eatre modifi\u00e9s en quelques secondes. Les num\u00e9rateurs sont compacts et tr\u00e8s adapt\u00e9s \u00e0 l&#039;op\u00e9ration de gravure pendant le travail. Le seul outil requis est un marteau.<\/p>\n<p>Ils sont fournis en deux tailles de 2,5 et 3 mm., Dans les deux cas avec 6 poulies de 0 \u00e0 9 inclus. Il y a 11 positions sur chaque poulie, y compris un flan, donc une combinaison de 1 \u00e0 999999 peut \u00eatre obtenue.<\/p>\n<p>Une particularit\u00e9 est que la goupille de s\u00e9curit\u00e9 verrouille non seulement correctement les poulies, mais transmet \u00e9galement la charge de compression au reste de l&#039;outil.<\/p>\n\n\t\t<\/div> \n\t<\/div> <\/div><\/div><\/div><\/div><\/div><\/div><\/div><\/div><\/div><\/div>\n<\/div>","protected":false},"excerpt":{"rendered":"Poin\u00e7ons de gravure sur m\u00e9tal POIN\u00c7ONS DE MARQUAGE IMPERIAL : Les poin\u00e7ons de marquage IMPERIAL sont reconnus par les consommateurs d&#039;outils du monde entier depuis plus de 50 ans, gagnant une r\u00e9putation imbattable pour la qualit\u00e9 et la construction en acier au carbone Sheffield avec...","protected":false},"author":1,"featured_media":0,"parent":0,"menu_order":0,"comment_status":"closed","ping_status":"closed","template":"","meta":{"footnotes":""},"class_list":["post-1308","page","type-page","status-publish","hentry"],"yoast_head":"<!-- This site is optimized with the Yoast SEO plugin v26.1 - https:\/\/yoast.com\/wordpress\/plugins\/seo\/ -->\n<title>Punzones grabadores - Belgraf Ib\u00e9rica<\/title>\n<meta name=\"robots\" content=\"index, follow, max-snippet:-1, max-image-preview:large, max-video-preview:-1\" \/>\n<link rel=\"canonical\" href=\"https:\/\/www.belgraf.com\/fr\/punzones-grabadores\/\" \/>\n<meta property=\"og:locale\" content=\"fr_FR\" \/>\n<meta property=\"og:type\" content=\"article\" \/>\n<meta property=\"og:title\" content=\"Punzones grabadores - Belgraf Ib\u00e9rica\" \/>\n<meta property=\"og:url\" content=\"https:\/\/www.belgraf.com\/fr\/punzones-grabadores\/\" \/>\n<meta property=\"og:site_name\" content=\"Belgraf Ib\u00e9rica\" \/>\n<meta property=\"article:modified_time\" content=\"2020-12-22T19:51:39+00:00\" \/>\n<meta name=\"twitter:card\" content=\"summary_large_image\" \/>\n<meta name=\"twitter:label1\" content=\"Dur\u00e9e de lecture estim\u00e9e\" \/>\n\t<meta name=\"twitter:data1\" content=\"7 minutes\" \/>\n<script type=\"application\/ld+json\" class=\"yoast-schema-graph\">{\"@context\":\"https:\/\/schema.org\",\"@graph\":[{\"@type\":\"WebPage\",\"@id\":\"https:\/\/www.belgraf.com\/punzones-grabadores\/\",\"url\":\"https:\/\/www.belgraf.com\/punzones-grabadores\/\",\"name\":\"Punzones grabadores - Belgraf Ib\u00e9rica\",\"isPartOf\":{\"@id\":\"https:\/\/www.belgraf.com\/#website\"},\"datePublished\":\"2020-02-26T22:26:55+00:00\",\"dateModified\":\"2020-12-22T19:51:39+00:00\",\"breadcrumb\":{\"@id\":\"https:\/\/www.belgraf.com\/punzones-grabadores\/#breadcrumb\"},\"inLanguage\":\"fr-FR\",\"potentialAction\":[{\"@type\":\"ReadAction\",\"target\":[\"https:\/\/www.belgraf.com\/punzones-grabadores\/\"]}]},{\"@type\":\"BreadcrumbList\",\"@id\":\"https:\/\/www.belgraf.com\/punzones-grabadores\/#breadcrumb\",\"itemListElement\":[{\"@type\":\"ListItem\",\"position\":1,\"name\":\"Portada\",\"item\":\"https:\/\/www.belgraf.com\/\"},{\"@type\":\"ListItem\",\"position\":2,\"name\":\"Punzones grabadores\"}]},{\"@type\":\"WebSite\",\"@id\":\"https:\/\/www.belgraf.com\/#website\",\"url\":\"https:\/\/www.belgraf.com\/\",\"name\":\"Belgraf Ib\u00e9rica\",\"description\":\"Asesores en marcaje y codificaci\u00f3n Industrial\",\"publisher\":{\"@id\":\"https:\/\/www.belgraf.com\/#organization\"},\"potentialAction\":[{\"@type\":\"SearchAction\",\"target\":{\"@type\":\"EntryPoint\",\"urlTemplate\":\"https:\/\/www.belgraf.com\/?s={search_term_string}\"},\"query-input\":{\"@type\":\"PropertyValueSpecification\",\"valueRequired\":true,\"valueName\":\"search_term_string\"}}],\"inLanguage\":\"fr-FR\"},{\"@type\":\"Organization\",\"@id\":\"https:\/\/www.belgraf.com\/#organization\",\"name\":\"Belgraf Ib\u00e9rica\",\"url\":\"https:\/\/www.belgraf.com\/\",\"logo\":{\"@type\":\"ImageObject\",\"inLanguage\":\"fr-FR\",\"@id\":\"https:\/\/www.belgraf.com\/#\/schema\/logo\/image\/\",\"url\":\"https:\/\/www.belgraf.com\/wp-content\/uploads\/2020\/06\/IconLogo.png\",\"contentUrl\":\"https:\/\/www.belgraf.com\/wp-content\/uploads\/2020\/06\/IconLogo.png\",\"width\":35,\"height\":23,\"caption\":\"Belgraf Ib\u00e9rica\"},\"image\":{\"@id\":\"https:\/\/www.belgraf.com\/#\/schema\/logo\/image\/\"},\"sameAs\":[\"https:\/\/www.linkedin.com\/company\/75032102\"]}]}<\/script>\n<!-- \/ Yoast SEO plugin. -->","yoast_head_json":{"title":"Punzones grabadores - Belgraf Ib\u00e9rica","robots":{"index":"index","follow":"follow","max-snippet":"max-snippet:-1","max-image-preview":"max-image-preview:large","max-video-preview":"max-video-preview:-1"},"canonical":"https:\/\/www.belgraf.com\/fr\/punzones-grabadores\/","og_locale":"fr_FR","og_type":"article","og_title":"Punzones grabadores - Belgraf Ib\u00e9rica","og_url":"https:\/\/www.belgraf.com\/fr\/punzones-grabadores\/","og_site_name":"Belgraf Ib\u00e9rica","article_modified_time":"2020-12-22T19:51:39+00:00","twitter_card":"summary_large_image","twitter_misc":{"Dur\u00e9e de lecture estim\u00e9e":"7 minutes"},"schema":{"@context":"https:\/\/schema.org","@graph":[{"@type":"WebPage","@id":"https:\/\/www.belgraf.com\/punzones-grabadores\/","url":"https:\/\/www.belgraf.com\/punzones-grabadores\/","name":"Punzones grabadores - Belgraf Ib\u00e9rica","isPartOf":{"@id":"https:\/\/www.belgraf.com\/#website"},"datePublished":"2020-02-26T22:26:55+00:00","dateModified":"2020-12-22T19:51:39+00:00","breadcrumb":{"@id":"https:\/\/www.belgraf.com\/punzones-grabadores\/#breadcrumb"},"inLanguage":"fr-FR","potentialAction":[{"@type":"ReadAction","target":["https:\/\/www.belgraf.com\/punzones-grabadores\/"]}]},{"@type":"BreadcrumbList","@id":"https:\/\/www.belgraf.com\/punzones-grabadores\/#breadcrumb","itemListElement":[{"@type":"ListItem","position":1,"name":"Portada","item":"https:\/\/www.belgraf.com\/"},{"@type":"ListItem","position":2,"name":"Punzones grabadores"}]},{"@type":"WebSite","@id":"https:\/\/www.belgraf.com\/#website","url":"https:\/\/www.belgraf.com\/","name":"Ib\u00e9rique Belgraf","description":"Consultants en codage et marquage industriels","publisher":{"@id":"https:\/\/www.belgraf.com\/#organization"},"potentialAction":[{"@type":"SearchAction","target":{"@type":"EntryPoint","urlTemplate":"https:\/\/www.belgraf.com\/?s={search_term_string}"},"query-input":{"@type":"PropertyValueSpecification","valueRequired":true,"valueName":"search_term_string"}}],"inLanguage":"fr-FR"},{"@type":"Organization","@id":"https:\/\/www.belgraf.com\/#organization","name":"Ib\u00e9rique Belgraf","url":"https:\/\/www.belgraf.com\/","logo":{"@type":"ImageObject","inLanguage":"fr-FR","@id":"https:\/\/www.belgraf.com\/#\/schema\/logo\/image\/","url":"https:\/\/www.belgraf.com\/wp-content\/uploads\/2020\/06\/IconLogo.png","contentUrl":"https:\/\/www.belgraf.com\/wp-content\/uploads\/2020\/06\/IconLogo.png","width":35,"height":23,"caption":"Belgraf Ib\u00e9rica"},"image":{"@id":"https:\/\/www.belgraf.com\/#\/schema\/logo\/image\/"},"sameAs":["https:\/\/www.linkedin.com\/company\/75032102"]}]}},"_links":{"self":[{"href":"https:\/\/www.belgraf.com\/fr\/wp-json\/wp\/v2\/pages\/1308","targetHints":{"allow":["GET"]}}],"collection":[{"href":"https:\/\/www.belgraf.com\/fr\/wp-json\/wp\/v2\/pages"}],"about":[{"href":"https:\/\/www.belgraf.com\/fr\/wp-json\/wp\/v2\/types\/page"}],"author":[{"embeddable":true,"href":"https:\/\/www.belgraf.com\/fr\/wp-json\/wp\/v2\/users\/1"}],"replies":[{"embeddable":true,"href":"https:\/\/www.belgraf.com\/fr\/wp-json\/wp\/v2\/comments?post=1308"}],"version-history":[{"count":4,"href":"https:\/\/www.belgraf.com\/fr\/wp-json\/wp\/v2\/pages\/1308\/revisions"}],"predecessor-version":[{"id":2125,"href":"https:\/\/www.belgraf.com\/fr\/wp-json\/wp\/v2\/pages\/1308\/revisions\/2125"}],"wp:attachment":[{"href":"https:\/\/www.belgraf.com\/fr\/wp-json\/wp\/v2\/media?parent=1308"}],"curies":[{"name":"wp","href":"https:\/\/api.w.org\/{rel}","templated":true}]}}