{"id":142,"date":"2018-04-26T13:32:15","date_gmt":"2018-04-26T13:32:15","guid":{"rendered":"http:\/\/bridge227.qodeinteractive.com\/?page_id=142"},"modified":"2021-10-15T10:42:55","modified_gmt":"2021-10-15T10:42:55","slug":"contacto","status":"publish","type":"page","link":"https:\/\/www.belgraf.com\/fr\/contacto\/","title":{"rendered":"Contact"},"content":{"rendered":"<div class=\"wpb-content-wrapper\"><div      class=\"vc_row wpb_row section vc_row-fluid  vc_custom_1581064010419 grid_section\" style=' text-align:left;'><div class=\"section_inner clearfix\"><div class='section_inner_margin clearfix'><div class=\"wpb_column vc_column_container vc_col-sm-6 vc_col-lg-offset-0 vc_col-md-offset-0 vc_col-sm-offset-0\"><div class=\"vc_column-inner\"><div class=\"wpb_wrapper\">\n\t<div class=\"wpb_text_column wpb_content_element\">\n\t\t<div class=\"wpb_wrapper\">\n\t\t\t<h5>Trouvez-nous ici<\/h5>\n\n\t\t<\/div> \n\t<\/div> \t<div class=\"vc_empty_space\"  style=\"height: 32px\" ><span\r\n\t\t\tclass=\"vc_empty_space_inner\">\r\n\t\t\t<span class=\"empty_space_image\"  ><\/span>\r\n\t\t<\/span><\/div>\r\n\n\n\t<div class=\"wpb_text_column wpb_content_element\">\n\t\t<div class=\"wpb_wrapper\">\n\t\t\t<p><strong>Ib\u00e9rique Belgraf<\/strong><br \/>\n<a href=\"https:\/\/www.google.com\/maps\/place\/Av.+Redondela,+60,+36320+Redondela,+Pontevedra\/@42.2677729,-8.6690513,17z\/data=!3m1!4b1!4m5!3m4!1s0xd2f632ec9dcee5b:0xec89991cd3a2aa77!8m2!3d42.267769!4d-8.6668626\" target=\"_blank\" rel=\"noopener noreferrer\"><i class=\"fa fa-map\"><\/i> Avenida Redondela 60. 36320 - Chapela (Redondela) Espagne<\/a><\/p>\n\n\t\t<\/div> \n\t<\/div> \t<div class=\"vc_empty_space\"  style=\"height: 32px\" ><span\r\n\t\t\tclass=\"vc_empty_space_inner\">\r\n\t\t\t<span class=\"empty_space_image\"  ><\/span>\r\n\t\t<\/span><\/div>\r\n\n\n\t<div class=\"wpb_text_column wpb_content_element\">\n\t\t<div class=\"wpb_wrapper\">\n\t\t\t<p><a href=\"tel: +34986335022\"><i class=\"fa fa-phone\"><\/i> +34 986335022<\/a><br \/>\n<a href=\"tel: +34986488018\"><i class=\"fa fa-phone\"><\/i> +34 628227052 (Service technique)<\/a><br \/>\n<span style=\"color: #0e0e0e;\"><i class=\"fa fa-fax\"><\/i> +34 986 288192<\/span><br \/>\n<a href=\"mailto:info@belgraf.com\"><i class=\"fa fa-envelope\"><\/i> info@belgraf.com<\/a><\/p>\n\n\t\t<\/div> \n\t<\/div> <\/div><\/div><\/div><div class=\"wpb_column vc_column_container vc_col-sm-6 vc_col-lg-offset-0 vc_col-md-offset-0 vc_col-sm-offset-0\"><div class=\"vc_column-inner\"><div class=\"wpb_wrapper\">\n<div class=\"wpcf7 no-js\" id=\"wpcf7-f159-o1\" lang=\"en-US\" dir=\"ltr\" data-wpcf7-id=\"159\">\n<div class=\"screen-reader-response\"><p role=\"status\" aria-live=\"polite\" aria-atomic=\"true\"><\/p> <ul><\/ul><\/div>\n<form action=\"\/fr\/wp-json\/wp\/v2\/pages\/142#wpcf7-f159-o1\" method=\"post\" class=\"wpcf7-form init cf7_custom_style_2 wpcf7-acceptance-as-validation\" aria-label=\"Contact form\" novalidate=\"novalidate\" data-status=\"init\" data-trp-original-action=\"\/fr\/wp-json\/wp\/v2\/pages\/142#wpcf7-f159-o1\">\n<fieldset class=\"hidden-fields-container\"><input type=\"hidden\" name=\"_wpcf7\" value=\"159\" \/><input type=\"hidden\" name=\"_wpcf7_version\" value=\"6.1.5\" \/><input type=\"hidden\" name=\"_wpcf7_locale\" value=\"en_US\" \/><input type=\"hidden\" name=\"_wpcf7_unit_tag\" value=\"wpcf7-f159-o1\" \/><input type=\"hidden\" name=\"_wpcf7_container_post\" value=\"0\" \/><input type=\"hidden\" name=\"_wpcf7_posted_data_hash\" value=\"\" \/><input type=\"hidden\" name=\"_wpcf7_recaptcha_response\" value=\"\" \/>\n<\/fieldset>\n<p><label> Entreprise<br \/>\n<span class=\"wpcf7-form-control-wrap\" data-name=\"your-company\"><input size=\"40\" maxlength=\"400\" class=\"wpcf7-form-control wpcf7-text\" aria-invalid=\"false\" value=\"\" type=\"text\" name=\"your-company\" \/><\/span> <\/label>\n<\/p>\n<p><label> Nom complet (obligatoire)<br \/>\n<span class=\"wpcf7-form-control-wrap\" data-name=\"your-name\"><input size=\"40\" maxlength=\"400\" class=\"wpcf7-form-control wpcf7-text wpcf7-validates-as-required\" aria-required=\"true\" aria-invalid=\"false\" value=\"\" type=\"text\" name=\"your-name\" \/><\/span> <\/label>\n<\/p>\n<p><label> Email (requis)<br \/>\n<span class=\"wpcf7-form-control-wrap\" data-name=\"your-email\"><input size=\"40\" maxlength=\"400\" class=\"wpcf7-form-control wpcf7-email wpcf7-validates-as-required wpcf7-text wpcf7-validates-as-email\" aria-required=\"true\" aria-invalid=\"false\" value=\"\" type=\"email\" name=\"your-email\" \/><\/span> <\/label>\n<\/p>\n<p><label> Affaire<br \/>\n<span class=\"wpcf7-form-control-wrap\" data-name=\"your-subject\"><input size=\"40\" maxlength=\"400\" class=\"wpcf7-form-control wpcf7-text\" aria-invalid=\"false\" value=\"\" type=\"text\" name=\"your-subject\" \/><\/span> <\/label>\n<\/p>\n<p><label> message<br \/>\n<span class=\"wpcf7-form-control-wrap\" data-name=\"your-message\"><textarea cols=\"40\" rows=\"10\" maxlength=\"2000\" class=\"wpcf7-form-control wpcf7-textarea\" aria-invalid=\"false\" name=\"your-message\"><\/textarea><\/span> <\/label>\n<\/p>\n<p><span class=\"wpcf7-form-control-wrap\" data-name=\"your-consent\"><span class=\"wpcf7-form-control wpcf7-acceptance\"><span class=\"wpcf7-list-item\"><label><input type=\"checkbox\" name=\"your-consent\" value=\"1\" aria-invalid=\"false\" \/><span class=\"wpcf7-list-item-label\">J&#039;ai lu et accepte le <a href=\"\/fr\/politica-de-privacidad\/\" target=\"_blank\">Politique de confidentialit\u00e9.<\/span><\/label><\/span><\/span><\/span>\n<\/p>\n<p><input class=\"wpcf7-form-control wpcf7-submit has-spinner\" type=\"submit\" value=\"Envoyer\" \/>\n<\/p><div class=\"wpcf7-response-output\" aria-hidden=\"true\"><\/div>\n<input type=\"hidden\" name=\"trp-form-language\" value=\"fr\"\/><\/form>\n<\/div>\n\n\t<div class=\"wpb_text_column wpb_content_element\">\n\t\t<div class=\"wpb_wrapper\">\n\t\t\t<p>Vous devez accepter notre politique de confidentialit\u00e9 avant de soumettre ce questionnaire.<\/p>\n<p><strong>INFORMATIONS DE BASE SUR LA PROTECTION DES DONN\u00c9ES<\/strong><br \/>\nResponsable : BELTRAN MU\u00d1OZ, .SL<br \/>\nObjectifs\u00a0: R\u00e9pondre aux questions pos\u00e9es via le formulaire Web.<br \/>\nDroits : Acc\u00e9der, rectifier et supprimer les donn\u00e9es, ainsi que d&#039;autres droits, comme expliqu\u00e9 dans les informations compl\u00e9mentaires<\/p>\n\n\t\t<\/div> \n\t<\/div> <\/div><\/div><\/div><\/div><\/div><\/div><div      class=\"vc_row wpb_row section vc_row-fluid\" style=' text-align:left;'><div class=\"full_section_inner clearfix\"><div class=\"wpb_column vc_column_container vc_col-sm-12\"><div class=\"vc_column-inner\"><div class=\"wpb_wrapper\"><div class=\"wpb_gmaps_widget wpb_content_element\"><div class=\"wpb_wrapper\"><div class=\"wpb_map_wraper\"><iframe loading=\"lazy\" src=\"https:\/\/www.google.com\/maps\/embed?pb=!1m18!1m12!1m3!1d2952.503750243178!2d-8.669051284546633!3d42.26776897919313!2m3!1f0!2f0!3f0!3m2!1i1024!2i768!4f13.1!3m3!1m2!1s0xd2f632ec9dcee5b%3A0x5471c866f4687353!2sAv.%20Redondela%2C%2060%2C%2062%20Bajo%2C%2036320%20Redondela%2C%20Pontevedra!5e0!3m2!1sen!2ses!4v1599824342516!5m2!1sen!2ses\" width=\"1280\" height=\"720\" frameborder=\"0\" style=\"border:0;\" allowfullscreen=\"\"><\/iframe><\/div><\/div><\/div><\/div><\/div><\/div><\/div><\/div>\n<\/div>","protected":false},"excerpt":{"rendered":"Encu\u00e9ntranos aqu\u00ed Belgraf Ib\u00e9rica Avenida Redondela 60. 36320 - Chapela (Redondela) Espa\u00f1a +34 986335022 +34 628227052 (Servicio T\u00e9cnico) +34 986 288192 info@belgraf.com Empresa Nombre Completo (requerido) Email (requerido) Asunto Mensaje He le\u00eddo y acepto la Politique de confidentialit\u00e9. Vous devez accepter notre politique de confidentialit\u00e9...","protected":false},"author":1,"featured_media":0,"parent":0,"menu_order":0,"comment_status":"closed","ping_status":"closed","template":"full_width.php","meta":{"footnotes":""},"class_list":["post-142","page","type-page","status-publish","hentry"],"yoast_head":"<!-- This site is optimized with the Yoast SEO plugin v26.1 - https:\/\/yoast.com\/wordpress\/plugins\/seo\/ -->\n<title>Contacto - Belgraf Ib\u00e9rica<\/title>\n<meta name=\"robots\" content=\"index, follow, max-snippet:-1, max-image-preview:large, max-video-preview:-1\" \/>\n<link rel=\"canonical\" href=\"https:\/\/www.belgraf.com\/fr\/contacto\/\" \/>\n<meta property=\"og:locale\" content=\"fr_FR\" \/>\n<meta property=\"og:type\" content=\"article\" \/>\n<meta property=\"og:title\" content=\"Contacto - Belgraf Ib\u00e9rica\" \/>\n<meta property=\"og:url\" content=\"https:\/\/www.belgraf.com\/fr\/contacto\/\" \/>\n<meta property=\"og:site_name\" content=\"Belgraf Ib\u00e9rica\" \/>\n<meta property=\"article:modified_time\" content=\"2021-10-15T10:42:55+00:00\" \/>\n<meta name=\"twitter:card\" content=\"summary_large_image\" \/>\n<meta name=\"twitter:label1\" content=\"Dur\u00e9e de lecture estim\u00e9e\" \/>\n\t<meta name=\"twitter:data1\" content=\"1 minute\" \/>\n<script type=\"application\/ld+json\" class=\"yoast-schema-graph\">{\"@context\":\"https:\/\/schema.org\",\"@graph\":[{\"@type\":\"WebPage\",\"@id\":\"https:\/\/www.belgraf.com\/contacto\/\",\"url\":\"https:\/\/www.belgraf.com\/contacto\/\",\"name\":\"Contacto - Belgraf Ib\u00e9rica\",\"isPartOf\":{\"@id\":\"https:\/\/www.belgraf.com\/#website\"},\"datePublished\":\"2018-04-26T13:32:15+00:00\",\"dateModified\":\"2021-10-15T10:42:55+00:00\",\"breadcrumb\":{\"@id\":\"https:\/\/www.belgraf.com\/contacto\/#breadcrumb\"},\"inLanguage\":\"fr-FR\",\"potentialAction\":[{\"@type\":\"ReadAction\",\"target\":[\"https:\/\/www.belgraf.com\/contacto\/\"]}]},{\"@type\":\"BreadcrumbList\",\"@id\":\"https:\/\/www.belgraf.com\/contacto\/#breadcrumb\",\"itemListElement\":[{\"@type\":\"ListItem\",\"position\":1,\"name\":\"Portada\",\"item\":\"https:\/\/www.belgraf.com\/\"},{\"@type\":\"ListItem\",\"position\":2,\"name\":\"Contacto\"}]},{\"@type\":\"WebSite\",\"@id\":\"https:\/\/www.belgraf.com\/#website\",\"url\":\"https:\/\/www.belgraf.com\/\",\"name\":\"Belgraf Ib\u00e9rica\",\"description\":\"Asesores en marcaje y codificaci\u00f3n Industrial\",\"publisher\":{\"@id\":\"https:\/\/www.belgraf.com\/#organization\"},\"potentialAction\":[{\"@type\":\"SearchAction\",\"target\":{\"@type\":\"EntryPoint\",\"urlTemplate\":\"https:\/\/www.belgraf.com\/?s={search_term_string}\"},\"query-input\":{\"@type\":\"PropertyValueSpecification\",\"valueRequired\":true,\"valueName\":\"search_term_string\"}}],\"inLanguage\":\"fr-FR\"},{\"@type\":\"Organization\",\"@id\":\"https:\/\/www.belgraf.com\/#organization\",\"name\":\"Belgraf Ib\u00e9rica\",\"url\":\"https:\/\/www.belgraf.com\/\",\"logo\":{\"@type\":\"ImageObject\",\"inLanguage\":\"fr-FR\",\"@id\":\"https:\/\/www.belgraf.com\/#\/schema\/logo\/image\/\",\"url\":\"https:\/\/www.belgraf.com\/wp-content\/uploads\/2020\/06\/IconLogo.png\",\"contentUrl\":\"https:\/\/www.belgraf.com\/wp-content\/uploads\/2020\/06\/IconLogo.png\",\"width\":35,\"height\":23,\"caption\":\"Belgraf Ib\u00e9rica\"},\"image\":{\"@id\":\"https:\/\/www.belgraf.com\/#\/schema\/logo\/image\/\"},\"sameAs\":[\"https:\/\/www.linkedin.com\/company\/75032102\"]}]}<\/script>\n<!-- \/ Yoast SEO plugin. -->","yoast_head_json":{"title":"Contacto - Belgraf Ib\u00e9rica","robots":{"index":"index","follow":"follow","max-snippet":"max-snippet:-1","max-image-preview":"max-image-preview:large","max-video-preview":"max-video-preview:-1"},"canonical":"https:\/\/www.belgraf.com\/fr\/contacto\/","og_locale":"fr_FR","og_type":"article","og_title":"Contacto - Belgraf Ib\u00e9rica","og_url":"https:\/\/www.belgraf.com\/fr\/contacto\/","og_site_name":"Belgraf Ib\u00e9rica","article_modified_time":"2021-10-15T10:42:55+00:00","twitter_card":"summary_large_image","twitter_misc":{"Dur\u00e9e de lecture estim\u00e9e":"1 minute"},"schema":{"@context":"https:\/\/schema.org","@graph":[{"@type":"WebPage","@id":"https:\/\/www.belgraf.com\/contacto\/","url":"https:\/\/www.belgraf.com\/contacto\/","name":"Contacto - Belgraf Ib\u00e9rica","isPartOf":{"@id":"https:\/\/www.belgraf.com\/#website"},"datePublished":"2018-04-26T13:32:15+00:00","dateModified":"2021-10-15T10:42:55+00:00","breadcrumb":{"@id":"https:\/\/www.belgraf.com\/contacto\/#breadcrumb"},"inLanguage":"fr-FR","potentialAction":[{"@type":"ReadAction","target":["https:\/\/www.belgraf.com\/contacto\/"]}]},{"@type":"BreadcrumbList","@id":"https:\/\/www.belgraf.com\/contacto\/#breadcrumb","itemListElement":[{"@type":"ListItem","position":1,"name":"Portada","item":"https:\/\/www.belgraf.com\/"},{"@type":"ListItem","position":2,"name":"Contacto"}]},{"@type":"WebSite","@id":"https:\/\/www.belgraf.com\/#website","url":"https:\/\/www.belgraf.com\/","name":"Ib\u00e9rique Belgraf","description":"Consultants en codage et marquage industriels","publisher":{"@id":"https:\/\/www.belgraf.com\/#organization"},"potentialAction":[{"@type":"SearchAction","target":{"@type":"EntryPoint","urlTemplate":"https:\/\/www.belgraf.com\/?s={search_term_string}"},"query-input":{"@type":"PropertyValueSpecification","valueRequired":true,"valueName":"search_term_string"}}],"inLanguage":"fr-FR"},{"@type":"Organization","@id":"https:\/\/www.belgraf.com\/#organization","name":"Ib\u00e9rique Belgraf","url":"https:\/\/www.belgraf.com\/","logo":{"@type":"ImageObject","inLanguage":"fr-FR","@id":"https:\/\/www.belgraf.com\/#\/schema\/logo\/image\/","url":"https:\/\/www.belgraf.com\/wp-content\/uploads\/2020\/06\/IconLogo.png","contentUrl":"https:\/\/www.belgraf.com\/wp-content\/uploads\/2020\/06\/IconLogo.png","width":35,"height":23,"caption":"Belgraf Ib\u00e9rica"},"image":{"@id":"https:\/\/www.belgraf.com\/#\/schema\/logo\/image\/"},"sameAs":["https:\/\/www.linkedin.com\/company\/75032102"]}]}},"_links":{"self":[{"href":"https:\/\/www.belgraf.com\/fr\/wp-json\/wp\/v2\/pages\/142","targetHints":{"allow":["GET"]}}],"collection":[{"href":"https:\/\/www.belgraf.com\/fr\/wp-json\/wp\/v2\/pages"}],"about":[{"href":"https:\/\/www.belgraf.com\/fr\/wp-json\/wp\/v2\/types\/page"}],"author":[{"embeddable":true,"href":"https:\/\/www.belgraf.com\/fr\/wp-json\/wp\/v2\/users\/1"}],"replies":[{"embeddable":true,"href":"https:\/\/www.belgraf.com\/fr\/wp-json\/wp\/v2\/comments?post=142"}],"version-history":[{"count":27,"href":"https:\/\/www.belgraf.com\/fr\/wp-json\/wp\/v2\/pages\/142\/revisions"}],"predecessor-version":[{"id":2271,"href":"https:\/\/www.belgraf.com\/fr\/wp-json\/wp\/v2\/pages\/142\/revisions\/2271"}],"wp:attachment":[{"href":"https:\/\/www.belgraf.com\/fr\/wp-json\/wp\/v2\/media?parent=142"}],"curies":[{"name":"wp","href":"https:\/\/api.w.org\/{rel}","templated":true}]}}