{"id":1690,"date":"2020-03-04T13:33:55","date_gmt":"2020-03-04T13:33:55","guid":{"rendered":"http:\/\/www.belgraf.es\/?page_id=1690"},"modified":"2023-02-24T10:15:49","modified_gmt":"2023-02-24T09:15:49","slug":"zebra","status":"publish","type":"page","link":"https:\/\/www.belgraf.com\/fr\/impresoras-de-etiquetas\/zebra\/","title":{"rendered":"Z\u00e8bre"},"content":{"rendered":"<div class=\"wpb-content-wrapper\"><div      class=\"vc_row wpb_row section vc_row-fluid  vc_custom_1582786716676 grid_section\" style=' text-align:left;'><div class=\"section_inner clearfix\"><div class='section_inner_margin clearfix'><div class=\"wpb_column vc_column_container vc_col-sm-12\"><div class=\"vc_column-inner\"><div class=\"wpb_wrapper\">\r\n\t<div class=\"wpb_single_image wpb_content_element vc_align_center  vc_custom_1677060032246\">\r\n\t\t<div class=\"wpb_wrapper\">\r\n\t\t\t\r\n\t\t\t<div class=\"vc_single_image-wrapper   vc_box_border_grey\"><img loading=\"lazy\" decoding=\"async\" width=\"170\" height=\"65\" src=\"https:\/\/www.belgraf.com\/wp-content\/uploads\/2023\/02\/Logo-Zebra.png\" class=\"vc_single_image-img attachment-full\" alt=\"\" title=\"Logo Zebra\" srcset=\"https:\/\/www.belgraf.com\/wp-content\/uploads\/2023\/02\/Logo-Zebra.png 170w, https:\/\/www.belgraf.com\/wp-content\/uploads\/2023\/02\/Logo-Zebra-18x7.png 18w\" sizes=\"auto, (max-width: 170px) 100vw, 170px\" \/><\/div>\r\n\t\t<\/div>\r\n\t<\/div>\r\n\n\t<div class=\"wpb_text_column wpb_content_element\">\n\t\t<div class=\"wpb_wrapper\">\n\t\t\t<p><strong>Technologies Zebra<\/strong> est un leader mondial dans la fourniture de solutions d&#039;impression \u00e0 la demande pour am\u00e9liorer les activit\u00e9s commerciales et renforcer la s\u00e9curit\u00e9. Il existe un large \u00e9ventail d&#039;applications qui b\u00e9n\u00e9ficient des imprimantes thermiques d&#039;\u00e9tiquettes de re\u00e7us et de codes-barres de marque Zebra, des fournitures d&#039;impression, des logiciels, des solutions de connectivit\u00e9 et des imprimantes de cartes de la marque Eltron. Les r\u00e9sultats? Un meilleur service client, une productivit\u00e9 plus \u00e9lev\u00e9e, des co\u00fbts inf\u00e9rieurs, une qualit\u00e9 sup\u00e9rieure et une s\u00e9curit\u00e9 accrue.<\/p>\n\n\t\t<\/div> \n\t<\/div> <\/div><\/div><\/div><\/div><\/div><\/div><div      class=\"vc_row wpb_row section vc_row-fluid  vc_custom_1582786716676 grid_section\" style=' text-align:left;'><div class=\"section_inner clearfix\"><div class='section_inner_margin clearfix'><div class=\"wpb_column vc_column_container vc_col-sm-12\"><div class=\"vc_column-inner\"><div class=\"wpb_wrapper\">\n\t<div class=\"wpb_text_column wpb_content_element  vc_custom_1677058565572\">\n\t\t<div class=\"wpb_wrapper\">\n\t\t\t<h1 style=\"text-align: center;\">Familia de impresoras ZEBRA<\/h1>\n\n\t\t<\/div> \n\t<\/div> <div class=\"separator  small center\" style=\"margin-top: 7px;margin-bottom: 38px;width: 100px;\"><\/div>\n<\/div><\/div><\/div><\/div><\/div><\/div><div      class=\"vc_row wpb_row section vc_row-fluid\" style=' text-align:left;'><div class=\"full_section_inner clearfix\"><div class=\"wpb_column vc_column_container vc_col-sm-4\"><div class=\"vc_column-inner vc_custom_1582786807544\"><div class=\"wpb_wrapper\"><div class='q_icon_with_title very_large custom_icon_image center'><div class=\"icon_holder\" style=\" \"><img decoding=\"async\" itemprop=\"image\" style=\"\" src=\"https:\/\/www.belgraf.com\/wp-content\/uploads\/2023\/02\/impresora-zebra-escritorio.jpg\" alt=\"\"><\/div><div class=\"icon_text_holder\" style=\"\"><div class=\"icon_text_inner\" style=\"\"><h4 class=\"icon_title\" style=\"color: #dd0000;\">Impresoras de Sobremesa<\/h4><p style=''><\/p><\/div><\/div><\/div>\n\t<div class=\"wpb_text_column wpb_content_element\">\n\t\t<div class=\"wpb_wrapper\">\n\t\t\t<p>Las impresoras de escritorio Zebra son compactas, f\u00e1ciles de manejar y ofrecen la durabilidad que su negocio exige para la impresi\u00f3n de vol\u00famenes bajos y medios. No sacrifique el rendimiento por el ahorro, Zebra tiene una impresora de escritorio en toda la gama de precios para todas sus aplicaciones de etiquetas de c\u00f3digos de barras, recibos, brazaletes y RFID.<\/p>\n\n\t\t<\/div> \n\t<\/div> \r\n\r\n\t<a href=\"https:\/\/www.belgraf.com\/fr\/impresoras-de-etiquetas\/zebra\/impresoras-zebra-de-sobremesa\/\" target=\"_self\"  class=\"qode-btn qode-btn-medium qode-btn-simple qode-btn-icon qode-btn-default-hover\"  >\r\n\t    <span class=\"qode-btn-text\">M\u00e1s informaci\u00f3n ....<\/span><span class=\"qode-button-v2-icon-holder\"  ><i class=\"qodef-icon-dripicons dripicon dripicons-information qode-button-v2-icon-holder-inner\" ><\/i><\/span>\t<\/a>\r\n\r\n<\/div><\/div><\/div><div class=\"wpb_column vc_column_container vc_col-sm-4\"><div class=\"vc_column-inner vc_custom_1582786812494\"><div class=\"wpb_wrapper\"><div class='q_icon_with_title very_large custom_icon_image center'><div class=\"icon_holder\" style=\" \"><img decoding=\"async\" itemprop=\"image\" style=\"\" src=\"https:\/\/www.belgraf.com\/wp-content\/uploads\/2023\/02\/impresora-zebra-industrial.jpg\" alt=\"\"><\/div><div class=\"icon_text_holder\" style=\"\"><div class=\"icon_text_inner\" style=\"\"><h4 class=\"icon_title\" style=\"color: #dd0000;\">Imprimantes industrielles<\/h4><p style=''><\/p><\/div><\/div><\/div>\n\t<div class=\"wpb_text_column wpb_content_element\">\n\t\t<div class=\"wpb_wrapper\">\n\t\t\t<p>Las impresoras industriales Zebra est\u00e1n dise\u00f1adas para entornos dif\u00edciles y exigentes. De gran durabilidad y con capacidad de adaptaci\u00f3n al futuro, nuestras impresoras de etiquetas de c\u00f3digos de barras y RFID de uso sencillo se han desarrollado para ofrecer una fiabilidad las 24 horas. No se conforme, elija Zebra para sus aplicaciones de medio y gran volumen.<\/p>\n\n\t\t<\/div> \n\t<\/div> \r\n\r\n\t<a href=\"https:\/\/www.belgraf.com\/fr\/impresoras-de-etiquetas\/zebra\/impresoras-zebra-industriales\/\" target=\"_self\"  class=\"qode-btn qode-btn-medium qode-btn-simple qode-btn-icon qode-btn-default-hover\"  >\r\n\t    <span class=\"qode-btn-text\">M\u00e1s informaci\u00f3n ....<\/span><span class=\"qode-button-v2-icon-holder\"  ><i class=\"qodef-icon-dripicons dripicon dripicons-information qode-button-v2-icon-holder-inner\" ><\/i><\/span>\t<\/a>\r\n\r\n<\/div><\/div><\/div><div class=\"wpb_column vc_column_container vc_col-sm-4\"><div class=\"vc_column-inner vc_custom_1582786818027\"><div class=\"wpb_wrapper\"><div class='q_icon_with_title very_large custom_icon_image center'><div class=\"icon_holder\" style=\" \"><img decoding=\"async\" itemprop=\"image\" style=\"\" src=\"https:\/\/www.belgraf.com\/wp-content\/uploads\/2023\/02\/impresora-zebra-portatil.jpg\" alt=\"\"><\/div><div class=\"icon_text_holder\" style=\"\"><div class=\"icon_text_inner\" style=\"\"><h4 class=\"icon_title\" style=\"color: #dd0000;\">Impresoras Port\u00e1iles<\/h4><p style=''><\/p><\/div><\/div><\/div>\n\t<div class=\"wpb_text_column wpb_content_element\">\n\t\t<div class=\"wpb_wrapper\">\n\t\t\t<p>Las impresoras port\u00e1tiles Zebra aumentan la productividad y precisi\u00f3n de los empleados al permitir la impresi\u00f3n port\u00e1til de etiquetas de c\u00f3digos de barras, recibos e identificadores RFID en el punto de aplicaci\u00f3n. Ofrecemos una impresora port\u00e1til de mano en toda la gama de precios para todos los sectores, as\u00ed como accesorios para una completa soluci\u00f3n port\u00e1til.<\/p>\n\n\t\t<\/div> \n\t<\/div> \r\n\r\n\t<a href=\"https:\/\/www.belgraf.com\/fr\/impresoras-de-etiquetas\/zebra\/impresoras-zebra-portatiles\/\" target=\"_self\"  class=\"qode-btn qode-btn-medium qode-btn-simple qode-btn-icon qode-btn-default-hover\"  >\r\n\t    <span class=\"qode-btn-text\">M\u00e1s informaci\u00f3n ....<\/span><span class=\"qode-button-v2-icon-holder\"  ><i class=\"qodef-icon-dripicons dripicon dripicons-information qode-button-v2-icon-holder-inner\" ><\/i><\/span>\t<\/a>\r\n\r\n<\/div><\/div><\/div><\/div><\/div><div      class=\"vc_row wpb_row section vc_row-fluid\" style=' text-align:left;'><div class=\"full_section_inner clearfix\"><div class=\"wpb_column vc_column_container vc_col-sm-4\"><div class=\"vc_column-inner vc_custom_1582786807544\"><div class=\"wpb_wrapper\"><div class='q_icon_with_title very_large custom_icon_image center'><div class=\"icon_holder\" style=\" \"><img decoding=\"async\" itemprop=\"image\" style=\"\" src=\"https:\/\/www.belgraf.com\/wp-content\/uploads\/2023\/02\/impresora-zebra-tarjetas.jpg\" alt=\"\"><\/div><div class=\"icon_text_holder\" style=\"\"><div class=\"icon_text_inner\" style=\"\"><h4 class=\"icon_title\" style=\"color: #dd0000;\">Impresoras de Tarjetas<\/h4><p style=''><\/p><\/div><\/div><\/div>\n\t<div class=\"wpb_text_column wpb_content_element\">\n\t\t<div class=\"wpb_wrapper\">\n\t\t\t<p>Las impresoras de tarjetas y pases Zebra simplifican la conexi\u00f3n, creaci\u00f3n, e impresi\u00f3n de tarjetas duraderas de alta calidad para diversas aplicaciones.\u00a0 Tanto si imprime tarjetas de identificaci\u00f3n, como pases de eventos o tarjetas financieras o RFID, las impresoras Zebra ofrecen la seguridad, los consumibles y el software que necesita para una soluci\u00f3n completa.<\/p>\n\n\t\t<\/div> \n\t<\/div> \r\n\r\n\t<a href=\"https:\/\/www.belgraf.com\/fr\/impresoras-de-etiquetas\/zebra\/impresoras-zebra-tarjetas-identificacion\/\" target=\"_self\"  class=\"qode-btn qode-btn-medium qode-btn-simple qode-btn-icon qode-btn-default-hover\"  >\r\n\t    <span class=\"qode-btn-text\">M\u00e1s informaci\u00f3n ....<\/span><span class=\"qode-button-v2-icon-holder\"  ><i class=\"qodef-icon-dripicons dripicon dripicons-information qode-button-v2-icon-holder-inner\" ><\/i><\/span>\t<\/a>\r\n\r\n<\/div><\/div><\/div><div class=\"wpb_column vc_column_container vc_col-sm-4\"><div class=\"vc_column-inner vc_custom_1582786812494\"><div class=\"wpb_wrapper\"><div class='q_icon_with_title medium custom_icon_image center'><div class=\"icon_holder\" style=\" \"><img decoding=\"async\" itemprop=\"image\" style=\"\" src=\"https:\/\/www.belgraf.com\/wp-content\/uploads\/2023\/02\/impresora-zebra-rfid.jpg\" alt=\"\"><\/div><div class=\"icon_text_holder\" style=\"\"><div class=\"icon_text_inner\" style=\"\"><h4 class=\"icon_title\" style=\"color: #dd0000;\">Impresoras RFID<\/h4><p style=''><\/p><\/div><\/div><\/div>\n\t<div class=\"wpb_text_column wpb_content_element\">\n\t\t<div class=\"wpb_wrapper\">\n\t\t\t<p>Zebra ofrece codificaci\u00f3n UHF en todas las categor\u00edas de impresoras \u2013industriales, de escritorio, port\u00e1tiles y de tarjetas\u2013 lo que garantiza que dispone de la soluci\u00f3n de impresora RFID adecuada a su negocio. Puede confiar en la precisi\u00f3n de las etiquetas, los identificadores y las tarjetas RFID RAIN impresas y codificadas para obtener datos fiables.<\/p>\n\n\t\t<\/div> \n\t<\/div> \r\n\r\n\t<a href=\"https:\/\/www.belgraf.com\/fr\/impresoras-de-etiquetas\/zebra\/impresoras-zebra-rfid\/\" target=\"_self\"  class=\"qode-btn qode-btn-medium qode-btn-simple qode-btn-icon qode-btn-default-hover\"  >\r\n\t    <span class=\"qode-btn-text\">M\u00e1s informaci\u00f3n ....<\/span><span class=\"qode-button-v2-icon-holder\"  ><i class=\"qodef-icon-dripicons dripicon dripicons-information qode-button-v2-icon-holder-inner\" ><\/i><\/span>\t<\/a>\r\n\r\n<\/div><\/div><\/div><div class=\"wpb_column vc_column_container vc_col-sm-4\"><div class=\"vc_column-inner vc_custom_1582786818027\"><div class=\"wpb_wrapper\"><div class='q_icon_with_title very_large custom_icon_image center'><div class=\"icon_holder\" style=\" \"><img decoding=\"async\" itemprop=\"image\" style=\"\" src=\"https:\/\/www.belgraf.com\/wp-content\/uploads\/2023\/02\/impresora-zebra-motor-de-impresion.jpg\" alt=\"\"><\/div><div class=\"icon_text_holder\" style=\"\"><div class=\"icon_text_inner\" style=\"\"><h4 class=\"icon_title\" style=\"color: #dd0000;\">Moteurs d&#039;impression<\/h4><p style=''><\/p><\/div><\/div><\/div>\n\t<div class=\"wpb_text_column wpb_content_element\">\n\t\t<div class=\"wpb_wrapper\">\n\t\t\t<p>Los motores de impresi\u00f3n Zebra son los caballos de batalla que impulsan sus impresiones y aplicaciones. Dise\u00f1ados para integrarse en una soluci\u00f3n de env\u00edo o embalaje de alta velocidad y alto rendimiento, estas impresoras de etiquetas de c\u00f3digos de barras son la referencia de funcionamiento fiable en cualquier entorno.<\/p>\n\n\t\t<\/div> \n\t<\/div> \r\n\r\n\t<a href=\"https:\/\/www.belgraf.com\/fr\/impresoras-de-etiquetas\/zebra\/motores-de-impresion-zebra-ze500-series\/\" target=\"_self\"  class=\"qode-btn qode-btn-medium qode-btn-simple qode-btn-icon qode-btn-default-hover\"  >\r\n\t    <span class=\"qode-btn-text\">M\u00e1s informaci\u00f3n ....<\/span><span class=\"qode-button-v2-icon-holder\"  ><i class=\"qodef-icon-dripicons dripicon dripicons-information qode-button-v2-icon-holder-inner\" ><\/i><\/span>\t<\/a>\r\n\r\n<\/div><\/div><\/div><\/div><\/div>\n<\/div>","protected":false},"excerpt":{"rendered":"Zebra Technologies est un leader mondial dans la fourniture de solutions d&#039;impression \u00e0 la demande pour am\u00e9liorer les activit\u00e9s des entreprises et renforcer la s\u00e9curit\u00e9. Il existe un large \u00e9ventail d&#039;applications qui b\u00e9n\u00e9ficient des imprimantes d&#039;\u00e9tiquettes \u00e0 code thermique...","protected":false},"author":1,"featured_media":2430,"parent":1028,"menu_order":0,"comment_status":"closed","ping_status":"closed","template":"","meta":{"footnotes":""},"class_list":["post-1690","page","type-page","status-publish","has-post-thumbnail","hentry"],"yoast_head":"<!-- This site is optimized with the Yoast SEO plugin v26.1 - https:\/\/yoast.com\/wordpress\/plugins\/seo\/ -->\n<title>Zebra - Belgraf Ib\u00e9rica<\/title>\n<meta name=\"robots\" content=\"index, follow, max-snippet:-1, max-image-preview:large, max-video-preview:-1\" \/>\n<link rel=\"canonical\" href=\"https:\/\/www.belgraf.com\/fr\/impresoras-de-etiquetas\/zebra\/\" \/>\n<meta property=\"og:locale\" content=\"fr_FR\" \/>\n<meta property=\"og:type\" content=\"article\" \/>\n<meta property=\"og:title\" content=\"Zebra - Belgraf Ib\u00e9rica\" \/>\n<meta property=\"og:url\" content=\"https:\/\/www.belgraf.com\/fr\/impresoras-de-etiquetas\/zebra\/\" \/>\n<meta property=\"og:site_name\" content=\"Belgraf Ib\u00e9rica\" \/>\n<meta property=\"article:modified_time\" content=\"2023-02-24T09:15:49+00:00\" \/>\n<meta property=\"og:image\" content=\"https:\/\/www.belgraf.com\/wp-content\/uploads\/2023\/02\/Impresoras-Zebra.jpg\" \/>\n\t<meta property=\"og:image:width\" content=\"768\" \/>\n\t<meta property=\"og:image:height\" content=\"432\" \/>\n\t<meta property=\"og:image:type\" content=\"image\/jpeg\" \/>\n<meta name=\"twitter:card\" content=\"summary_large_image\" \/>\n<meta name=\"twitter:label1\" content=\"Dur\u00e9e de lecture estim\u00e9e\" \/>\n\t<meta name=\"twitter:data1\" content=\"6 minutes\" \/>\n<script type=\"application\/ld+json\" class=\"yoast-schema-graph\">{\"@context\":\"https:\/\/schema.org\",\"@graph\":[{\"@type\":\"WebPage\",\"@id\":\"https:\/\/www.belgraf.com\/impresoras-de-etiquetas\/zebra\/\",\"url\":\"https:\/\/www.belgraf.com\/impresoras-de-etiquetas\/zebra\/\",\"name\":\"Zebra - Belgraf Ib\u00e9rica\",\"isPartOf\":{\"@id\":\"https:\/\/www.belgraf.com\/#website\"},\"primaryImageOfPage\":{\"@id\":\"https:\/\/www.belgraf.com\/impresoras-de-etiquetas\/zebra\/#primaryimage\"},\"image\":{\"@id\":\"https:\/\/www.belgraf.com\/impresoras-de-etiquetas\/zebra\/#primaryimage\"},\"thumbnailUrl\":\"https:\/\/www.belgraf.com\/wp-content\/uploads\/2023\/02\/Impresoras-Zebra.jpg\",\"datePublished\":\"2020-03-04T13:33:55+00:00\",\"dateModified\":\"2023-02-24T09:15:49+00:00\",\"breadcrumb\":{\"@id\":\"https:\/\/www.belgraf.com\/impresoras-de-etiquetas\/zebra\/#breadcrumb\"},\"inLanguage\":\"fr-FR\",\"potentialAction\":[{\"@type\":\"ReadAction\",\"target\":[\"https:\/\/www.belgraf.com\/impresoras-de-etiquetas\/zebra\/\"]}]},{\"@type\":\"ImageObject\",\"inLanguage\":\"fr-FR\",\"@id\":\"https:\/\/www.belgraf.com\/impresoras-de-etiquetas\/zebra\/#primaryimage\",\"url\":\"https:\/\/www.belgraf.com\/wp-content\/uploads\/2023\/02\/Impresoras-Zebra.jpg\",\"contentUrl\":\"https:\/\/www.belgraf.com\/wp-content\/uploads\/2023\/02\/Impresoras-Zebra.jpg\",\"width\":768,\"height\":432},{\"@type\":\"BreadcrumbList\",\"@id\":\"https:\/\/www.belgraf.com\/impresoras-de-etiquetas\/zebra\/#breadcrumb\",\"itemListElement\":[{\"@type\":\"ListItem\",\"position\":1,\"name\":\"Portada\",\"item\":\"https:\/\/www.belgraf.com\/\"},{\"@type\":\"ListItem\",\"position\":2,\"name\":\"Impresoras de Etiquetas\",\"item\":\"https:\/\/www.belgraf.com\/impresoras-de-etiquetas\/\"},{\"@type\":\"ListItem\",\"position\":3,\"name\":\"Zebra\"}]},{\"@type\":\"WebSite\",\"@id\":\"https:\/\/www.belgraf.com\/#website\",\"url\":\"https:\/\/www.belgraf.com\/\",\"name\":\"Belgraf Ib\u00e9rica\",\"description\":\"Asesores en marcaje y codificaci\u00f3n Industrial\",\"publisher\":{\"@id\":\"https:\/\/www.belgraf.com\/#organization\"},\"potentialAction\":[{\"@type\":\"SearchAction\",\"target\":{\"@type\":\"EntryPoint\",\"urlTemplate\":\"https:\/\/www.belgraf.com\/?s={search_term_string}\"},\"query-input\":{\"@type\":\"PropertyValueSpecification\",\"valueRequired\":true,\"valueName\":\"search_term_string\"}}],\"inLanguage\":\"fr-FR\"},{\"@type\":\"Organization\",\"@id\":\"https:\/\/www.belgraf.com\/#organization\",\"name\":\"Belgraf Ib\u00e9rica\",\"url\":\"https:\/\/www.belgraf.com\/\",\"logo\":{\"@type\":\"ImageObject\",\"inLanguage\":\"fr-FR\",\"@id\":\"https:\/\/www.belgraf.com\/#\/schema\/logo\/image\/\",\"url\":\"https:\/\/www.belgraf.com\/wp-content\/uploads\/2020\/06\/IconLogo.png\",\"contentUrl\":\"https:\/\/www.belgraf.com\/wp-content\/uploads\/2020\/06\/IconLogo.png\",\"width\":35,\"height\":23,\"caption\":\"Belgraf Ib\u00e9rica\"},\"image\":{\"@id\":\"https:\/\/www.belgraf.com\/#\/schema\/logo\/image\/\"},\"sameAs\":[\"https:\/\/www.linkedin.com\/company\/75032102\"]}]}<\/script>\n<!-- \/ Yoast SEO plugin. -->","yoast_head_json":{"title":"Zebra - Belgraf Ib\u00e9rica","robots":{"index":"index","follow":"follow","max-snippet":"max-snippet:-1","max-image-preview":"max-image-preview:large","max-video-preview":"max-video-preview:-1"},"canonical":"https:\/\/www.belgraf.com\/fr\/impresoras-de-etiquetas\/zebra\/","og_locale":"fr_FR","og_type":"article","og_title":"Zebra - Belgraf Ib\u00e9rica","og_url":"https:\/\/www.belgraf.com\/fr\/impresoras-de-etiquetas\/zebra\/","og_site_name":"Belgraf Ib\u00e9rica","article_modified_time":"2023-02-24T09:15:49+00:00","og_image":[{"width":768,"height":432,"url":"https:\/\/www.belgraf.com\/wp-content\/uploads\/2023\/02\/Impresoras-Zebra.jpg","type":"image\/jpeg"}],"twitter_card":"summary_large_image","twitter_misc":{"Dur\u00e9e de lecture estim\u00e9e":"6 minutes"},"schema":{"@context":"https:\/\/schema.org","@graph":[{"@type":"WebPage","@id":"https:\/\/www.belgraf.com\/impresoras-de-etiquetas\/zebra\/","url":"https:\/\/www.belgraf.com\/impresoras-de-etiquetas\/zebra\/","name":"Zebra - Belgraf Ib\u00e9rica","isPartOf":{"@id":"https:\/\/www.belgraf.com\/#website"},"primaryImageOfPage":{"@id":"https:\/\/www.belgraf.com\/impresoras-de-etiquetas\/zebra\/#primaryimage"},"image":{"@id":"https:\/\/www.belgraf.com\/impresoras-de-etiquetas\/zebra\/#primaryimage"},"thumbnailUrl":"https:\/\/www.belgraf.com\/wp-content\/uploads\/2023\/02\/Impresoras-Zebra.jpg","datePublished":"2020-03-04T13:33:55+00:00","dateModified":"2023-02-24T09:15:49+00:00","breadcrumb":{"@id":"https:\/\/www.belgraf.com\/impresoras-de-etiquetas\/zebra\/#breadcrumb"},"inLanguage":"fr-FR","potentialAction":[{"@type":"ReadAction","target":["https:\/\/www.belgraf.com\/impresoras-de-etiquetas\/zebra\/"]}]},{"@type":"ImageObject","inLanguage":"fr-FR","@id":"https:\/\/www.belgraf.com\/impresoras-de-etiquetas\/zebra\/#primaryimage","url":"https:\/\/www.belgraf.com\/wp-content\/uploads\/2023\/02\/Impresoras-Zebra.jpg","contentUrl":"https:\/\/www.belgraf.com\/wp-content\/uploads\/2023\/02\/Impresoras-Zebra.jpg","width":768,"height":432},{"@type":"BreadcrumbList","@id":"https:\/\/www.belgraf.com\/impresoras-de-etiquetas\/zebra\/#breadcrumb","itemListElement":[{"@type":"ListItem","position":1,"name":"Portada","item":"https:\/\/www.belgraf.com\/"},{"@type":"ListItem","position":2,"name":"Impresoras de Etiquetas","item":"https:\/\/www.belgraf.com\/impresoras-de-etiquetas\/"},{"@type":"ListItem","position":3,"name":"Zebra"}]},{"@type":"WebSite","@id":"https:\/\/www.belgraf.com\/#website","url":"https:\/\/www.belgraf.com\/","name":"Ib\u00e9rique Belgraf","description":"Consultants en codage et marquage industriels","publisher":{"@id":"https:\/\/www.belgraf.com\/#organization"},"potentialAction":[{"@type":"SearchAction","target":{"@type":"EntryPoint","urlTemplate":"https:\/\/www.belgraf.com\/?s={search_term_string}"},"query-input":{"@type":"PropertyValueSpecification","valueRequired":true,"valueName":"search_term_string"}}],"inLanguage":"fr-FR"},{"@type":"Organization","@id":"https:\/\/www.belgraf.com\/#organization","name":"Ib\u00e9rique Belgraf","url":"https:\/\/www.belgraf.com\/","logo":{"@type":"ImageObject","inLanguage":"fr-FR","@id":"https:\/\/www.belgraf.com\/#\/schema\/logo\/image\/","url":"https:\/\/www.belgraf.com\/wp-content\/uploads\/2020\/06\/IconLogo.png","contentUrl":"https:\/\/www.belgraf.com\/wp-content\/uploads\/2020\/06\/IconLogo.png","width":35,"height":23,"caption":"Belgraf Ib\u00e9rica"},"image":{"@id":"https:\/\/www.belgraf.com\/#\/schema\/logo\/image\/"},"sameAs":["https:\/\/www.linkedin.com\/company\/75032102"]}]}},"_links":{"self":[{"href":"https:\/\/www.belgraf.com\/fr\/wp-json\/wp\/v2\/pages\/1690","targetHints":{"allow":["GET"]}}],"collection":[{"href":"https:\/\/www.belgraf.com\/fr\/wp-json\/wp\/v2\/pages"}],"about":[{"href":"https:\/\/www.belgraf.com\/fr\/wp-json\/wp\/v2\/types\/page"}],"author":[{"embeddable":true,"href":"https:\/\/www.belgraf.com\/fr\/wp-json\/wp\/v2\/users\/1"}],"replies":[{"embeddable":true,"href":"https:\/\/www.belgraf.com\/fr\/wp-json\/wp\/v2\/comments?post=1690"}],"version-history":[{"count":32,"href":"https:\/\/www.belgraf.com\/fr\/wp-json\/wp\/v2\/pages\/1690\/revisions"}],"predecessor-version":[{"id":2543,"href":"https:\/\/www.belgraf.com\/fr\/wp-json\/wp\/v2\/pages\/1690\/revisions\/2543"}],"up":[{"embeddable":true,"href":"https:\/\/www.belgraf.com\/fr\/wp-json\/wp\/v2\/pages\/1028"}],"wp:featuredmedia":[{"embeddable":true,"href":"https:\/\/www.belgraf.com\/fr\/wp-json\/wp\/v2\/media\/2430"}],"wp:attachment":[{"href":"https:\/\/www.belgraf.com\/fr\/wp-json\/wp\/v2\/media?parent=1690"}],"curies":[{"name":"wp","href":"https:\/\/api.w.org\/{rel}","templated":true}]}}